{"id":3250,"date":"2025-01-18T04:22:33","date_gmt":"2025-01-18T04:22:33","guid":{"rendered":"https:\/\/www.tair.pe\/web2.0\/?page_id=3250"},"modified":"2025-04-02T22:09:49","modified_gmt":"2025-04-02T22:09:49","slug":"servicios-de-renting","status":"publish","type":"page","link":"https:\/\/www.tair.pe\/web2.0\/servicios-de-renting\/","title":{"rendered":"Servicios de Renting"},"content":{"rendered":"\t\t<div data-elementor-type=\"wp-page\" data-elementor-id=\"3250\" class=\"elementor elementor-3250\" data-elementor-post-type=\"page\">\n\t\t\t\t<div class=\"elementor-element elementor-element-dd1bff4 e-con-full e-flex e-con e-parent\" data-id=\"dd1bff4\" data-element_type=\"container\" data-e-type=\"container\">\n\t\t\t\t<div class=\"elementor-element elementor-element-d9150ce elementor-widget elementor-widget-image\" data-id=\"d9150ce\" data-element_type=\"widget\" data-e-type=\"widget\" data-widget_type=\"image.default\">\n\t\t\t\t<div class=\"elementor-widget-container\">\n\t\t\t\t\t\t\t\t\t\t\t\t\t\t\t<img decoding=\"async\" src=\"https:\/\/www.tair.pe\/web2.0\/wp-content\/uploads\/elementor\/thumbs\/Baner_Servicios_Asociados_2-r068ueqrdmavsyvqs7ebdtb9ubx08h2q1e42g4gtsy.jpeg\" title=\"Baner_Servicios_Asociados_2\" alt=\"Baner_Servicios_Asociados_2\" loading=\"lazy\" \/>\t\t\t\t\t\t\t\t\t\t\t\t\t\t\t<\/div>\n\t\t\t\t<\/div>\n\t\t\t\t<\/div>\n\t\t<div class=\"elementor-element elementor-element-3313d21 e-flex e-con-boxed e-con e-parent\" data-id=\"3313d21\" data-element_type=\"container\" data-e-type=\"container\">\n\t\t\t\t\t<div class=\"e-con-inner\">\n\t\t\t\t<div class=\"elementor-element elementor-element-3a31328 elementor-widget elementor-widget-heading\" data-id=\"3a31328\" data-element_type=\"widget\" data-e-type=\"widget\" data-widget_type=\"heading.default\">\n\t\t\t\t<div class=\"elementor-widget-container\">\n\t\t\t\t\t<h2 class=\"elementor-heading-title elementor-size-default\">Servicios de Renting<\/h2>\t\t\t\t<\/div>\n\t\t\t\t<\/div>\n\t\t\t\t\t<\/div>\n\t\t\t\t<\/div>\n\t\t<div class=\"elementor-element elementor-element-8d768bf e-flex e-con-boxed e-con e-parent\" data-id=\"8d768bf\" data-element_type=\"container\" data-e-type=\"container\">\n\t\t\t\t\t<div class=\"e-con-inner\">\n\t\t<div class=\"elementor-element elementor-element-4e5991f e-con-full e-flex e-con e-child\" data-id=\"4e5991f\" data-element_type=\"container\" data-e-type=\"container\">\n\t\t\t\t<div class=\"elementor-element elementor-element-419376c elementor-widget elementor-widget-text-editor\" data-id=\"419376c\" data-element_type=\"widget\" data-e-type=\"widget\" data-widget_type=\"text-editor.default\">\n\t\t\t\t<div class=\"elementor-widget-container\">\n\t\t\t\t\t\t\t\t\t<p><a href=\"https:\/\/www.tair.pe\/index.php\/flota\"><strong>Tair Renting<\/strong><\/a>\u00a0le brinda a las empresas el\u00a0<strong>servicio de alquiler y arrendamiento de veh\u00edculos y flotas corporativas\u00a0<\/strong>que incluye la administraci\u00f3n y gesti\u00f3n de las unidades, manteniendo la operatividad continua al 100% para proyectos de mediano y largo plazo.<\/p><p>Mediante una tarifa mensual a trav\u00e9s de nuestro sistema de\u00a0<strong>Leasing Operativo de Tair Renting<\/strong>\u00a0su empresa obtendr\u00e1 veh\u00edculos nuevos, en cada licitaci\u00f3n y renovaci\u00f3n de contrato (de 2 a 5 a\u00f1os) manteniendo siempre una flota de veh\u00edculos actualizada para sus requerimientos de transporte y movilizaci\u00f3n, sin necesidad de invertir o ser propietario de las unidades.\u00a0<\/p><p>El objetivo fundamental del\u00a0<strong>Renting<\/strong>\u00a0es optimizar la eficiencia y productividad de la flota en todas las etapas de la cadena operativa, reduciendo costos, minimizando riesgos, aumentando el desempe\u00f1o y la vida \u00fatil del transporte y evitando as\u00ed costos ocultos o sobre valorados en cada una de sus operaciones.<\/p>\t\t\t\t\t\t\t\t<\/div>\n\t\t\t\t<\/div>\n\t\t\t\t<\/div>\n\t\t<div class=\"elementor-element elementor-element-28a161d e-con-full e-flex e-con e-child\" data-id=\"28a161d\" data-element_type=\"container\" data-e-type=\"container\">\n\t\t\t\t<div class=\"elementor-element elementor-element-e3050c1 elementor-widget elementor-widget-image\" data-id=\"e3050c1\" data-element_type=\"widget\" data-e-type=\"widget\" data-widget_type=\"image.default\">\n\t\t\t\t<div class=\"elementor-widget-container\">\n\t\t\t\t\t\t\t\t\t\t\t\t\t\t\t<img decoding=\"async\" src=\"https:\/\/www.tair.pe\/web2.0\/wp-content\/uploads\/elementor\/thumbs\/tair_renting_servicios-r068ugm1ji328zubtuc6ilzmx2llis6h28hmu1n12o.jpeg\" title=\"tair_renting_servicios\" alt=\"tair_renting_servicios\" loading=\"lazy\" \/>\t\t\t\t\t\t\t\t\t\t\t\t\t\t\t<\/div>\n\t\t\t\t<\/div>\n\t\t\t\t<\/div>\n\t\t\t\t\t<\/div>\n\t\t\t\t<\/div>\n\t\t<div class=\"elementor-element elementor-element-1d1b701 e-flex e-con-boxed e-con e-parent\" data-id=\"1d1b701\" data-element_type=\"container\" data-e-type=\"container\">\n\t\t\t\t\t<div class=\"e-con-inner\">\n\t\t\t\t<div class=\"elementor-element elementor-element-f4cf27e elementor-widget elementor-widget-heading\" data-id=\"f4cf27e\" data-element_type=\"widget\" data-e-type=\"widget\" data-widget_type=\"heading.default\">\n\t\t\t\t<div class=\"elementor-widget-container\">\n\t\t\t\t\t<h2 class=\"elementor-heading-title elementor-size-default\">Beneficios del Renting<\/h2>\t\t\t\t<\/div>\n\t\t\t\t<\/div>\n\t\t\t\t\t<\/div>\n\t\t\t\t<\/div>\n\t\t<div class=\"elementor-element elementor-element-3ff31a2 e-flex e-con-boxed e-con e-parent\" data-id=\"3ff31a2\" data-element_type=\"container\" data-e-type=\"container\">\n\t\t\t\t\t<div class=\"e-con-inner\">\n\t\t\t\t<div class=\"elementor-element elementor-element-a1b103e elementor-widget elementor-widget-text-editor\" data-id=\"a1b103e\" data-element_type=\"widget\" data-e-type=\"widget\" data-widget_type=\"text-editor.default\">\n\t\t\t\t<div class=\"elementor-widget-container\">\n\t\t\t\t\t\t\t\t\t<p><strong>Tair Renting<\/strong>\u00a0incluye un conjunto de servicios que agregan valor al Leasing Operativo y a la oferta de nuestros clientes.<\/p>\t\t\t\t\t\t\t\t<\/div>\n\t\t\t\t<\/div>\n\t\t\t\t\t<\/div>\n\t\t\t\t<\/div>\n\t\t<div class=\"elementor-element elementor-element-f213a95 e-grid e-con-boxed e-con e-parent\" data-id=\"f213a95\" data-element_type=\"container\" data-e-type=\"container\">\n\t\t\t\t\t<div class=\"e-con-inner\">\n\t\t\t\t<div class=\"elementor-element elementor-element-be6ec8d elementor-widget elementor-widget-text-editor\" data-id=\"be6ec8d\" data-element_type=\"widget\" data-e-type=\"widget\" data-widget_type=\"text-editor.default\">\n\t\t\t\t<div class=\"elementor-widget-container\">\n\t\t\t\t\t\t\t\t\t<ul><li><strong>Arrendamientos de veh\u00edculos a mediano y largo plazo<\/strong>\u00a0de 2 a 5 a\u00f1os.<\/li><li>Entrega de veh\u00edculos nuevos, cero kil\u00f3metros.<\/li><li>Disponibilidad de veh\u00edculos en variedad de modelos y en todas las marcas comerciales como: autos comerciales y de alta gama, SUVs, camionetas 4\u00d72, pickups 4\u00d74 equipadas con equipamiento, furgonetas, vans, camiones volquetes, maquinaria amarilla para miner\u00eda y construcci\u00f3n, maquinar\u00eda agr\u00edcola entre otros.<\/li><li>Equipamiento especializado del veh\u00edculo para cada tipo de actividad y zona geogr\u00e1fica.<\/li><li>Gesti\u00f3n de tr\u00e1mites de placas y tarjeta de propiedad.<\/li><li>Control de documentaci\u00f3n (SOAT, RTV, P\u00f3lizas).<\/li><li>Coberturas de seguro multiriesgo.<\/li><\/ul>\t\t\t\t\t\t\t\t<\/div>\n\t\t\t\t<\/div>\n\t\t\t\t<div class=\"elementor-element elementor-element-c432bbc elementor-widget elementor-widget-text-editor\" data-id=\"c432bbc\" data-element_type=\"widget\" data-e-type=\"widget\" data-widget_type=\"text-editor.default\">\n\t\t\t\t<div class=\"elementor-widget-container\">\n\t\t\t\t\t\t\t\t\t<ul><li>Impuesto vehicular.<\/li><li><a href=\"https:\/\/www.tair.pe\/index.php\/servicios\/mantenimiento-de-flota\">Mantenimiento preventivo y correctivo de flota y atenci\u00f3n t\u00e9cnica.<\/a><\/li><li><a href=\"https:\/\/www.tair.pe\/index.php\/servicios\/talleres-in-situ\">Cobertura en m\u00e1s de 43 talleres a nivel nacional entre propios y homologados<\/a>.<\/li><li>Mano de obra calificada y repuestos certificados<\/li><li>Gesti\u00f3n de operatividad diaria.<\/li><li>Control de bater\u00edas y neum\u00e1ticos.<\/li><li>Planificaci\u00f3n y programaci\u00f3n de mantenimiento preventivo y correctivo.<\/li><li>Gesti\u00f3n de la flota GPS y Telemetr\u00eda.<\/li><li>Unidades de ret\u00e9n, veh\u00edculos de reemplazo.<\/li><li>Asesor\u00eda jur\u00eddica en caso de accidentes.<\/li><li>Capacitaci\u00f3n en manejo defensivo.<\/li><\/ul>\t\t\t\t\t\t\t\t<\/div>\n\t\t\t\t<\/div>\n\t\t\t\t\t<\/div>\n\t\t\t\t<\/div>\n\t\t<div class=\"elementor-element elementor-element-a7fbe94 e-grid e-con-boxed e-con e-parent\" data-id=\"a7fbe94\" data-element_type=\"container\" data-e-type=\"container\">\n\t\t\t\t\t<div class=\"e-con-inner\">\n\t\t\t\t<div class=\"elementor-element elementor-element-76089c3 elementor-widget elementor-widget-text-editor\" data-id=\"76089c3\" data-element_type=\"widget\" data-e-type=\"widget\" data-widget_type=\"text-editor.default\">\n\t\t\t\t<div class=\"elementor-widget-container\">\n\t\t\t\t\t\t\t\t\t<p>Cont\u00e1ctenos, le brindaremos la mejor soluci\u00f3n en\u00a0<strong>arrendamiento de flotas<\/strong>\u00a0y en\u00a0<strong><a href=\"https:\/\/www.tair.pe\/index.php\/servicios\/leasing-operativo\">leasing operativo de veh\u00edculos<\/a><\/strong>\u00a0para sus proyectos y negocios.<\/p><p>Para m\u00e1s informaci\u00f3n de\u00a0<strong>servicios de renting vehicular<\/strong>\u00a0Ll\u00e1menos al Telf.\u00a0<a href=\"tel:+5112302828\">+511 230 2828<\/a>\u00a0opci\u00f3n 01 o Cel.\u00a0<a href=\"tel:+51914655733\">+51 914 655 733<\/a>\u00a0\/ Cel.\u00a0<a href=\"tel:+51947247822\">+51 947 247 822<\/a>\u00a0 o escr\u00edbamos a\u00a0<a href=\"mailto:renting@tair.pe\">renting@tair.pe<\/a><\/p>\t\t\t\t\t\t\t\t<\/div>\n\t\t\t\t<\/div>\n\t\t\t\t\t<\/div>\n\t\t\t\t<\/div>\n\t\t\t\t<\/div>\n\t\t","protected":false},"excerpt":{"rendered":"<p>Servicios de Renting Tair Renting\u00a0le brinda a las empresas el\u00a0servicio de alquiler y arrendamiento de veh\u00edculos y flotas corporativas\u00a0que incluye la administraci\u00f3n y gesti\u00f3n de las unidades, manteniendo la operatividad continua al 100% para proyectos de mediano y largo plazo. Mediante una tarifa mensual a trav\u00e9s de nuestro sistema de\u00a0Leasing Operativo de Tair Renting\u00a0su empresa [&hellip;]<\/p>\n","protected":false},"author":1,"featured_media":0,"parent":0,"menu_order":0,"comment_status":"closed","ping_status":"closed","template":"","meta":{"nf_dc_page":"","footnotes":""},"class_list":["post-3250","page","type-page","status-publish","hentry"],"yoast_head":"<!-- This site is optimized with the Yoast SEO plugin v27.4 - https:\/\/yoast.com\/product\/yoast-seo-wordpress\/ -->\n<title>Servicios de Renting - Tair Renting<\/title>\n<meta name=\"robots\" content=\"index, follow, max-snippet:-1, max-image-preview:large, max-video-preview:-1\" \/>\n<link rel=\"canonical\" href=\"https:\/\/www.tair.pe\/web2.0\/servicios-de-renting\/\" \/>\n<meta property=\"og:locale\" content=\"es_ES\" \/>\n<meta property=\"og:type\" content=\"article\" \/>\n<meta property=\"og:title\" content=\"Servicios de Renting - Tair Renting\" \/>\n<meta property=\"og:description\" content=\"Servicios de Renting Tair Renting\u00a0le brinda a las empresas el\u00a0servicio de alquiler y arrendamiento de veh\u00edculos y flotas corporativas\u00a0que incluye la administraci\u00f3n y gesti\u00f3n de las unidades, manteniendo la operatividad continua al 100% para proyectos de mediano y largo plazo. Mediante una tarifa mensual a trav\u00e9s de nuestro sistema de\u00a0Leasing Operativo de Tair Renting\u00a0su empresa [&hellip;]\" \/>\n<meta property=\"og:url\" content=\"https:\/\/www.tair.pe\/web2.0\/servicios-de-renting\/\" \/>\n<meta property=\"og:site_name\" content=\"Tair Renting\" \/>\n<meta property=\"article:publisher\" content=\"https:\/\/www.facebook.com\/people\/Tair-Renting\/100064156449554\/\" \/>\n<meta property=\"article:modified_time\" content=\"2025-04-02T22:09:49+00:00\" \/>\n<meta property=\"og:image\" content=\"https:\/\/www.tair.pe\/web2.0\/wp-content\/uploads\/elementor\/thumbs\/Baner_Servicios_Asociados_2-r068ueqrdmavsyvqs7ebdtb9ubx08h2q1e42g4gtsy.jpeg\" \/>\n<meta name=\"twitter:card\" content=\"summary_large_image\" \/>\n<meta name=\"twitter:label1\" content=\"Tiempo de lectura\" \/>\n\t<meta name=\"twitter:data1\" content=\"3 minutos\" \/>\n<script type=\"application\/ld+json\" class=\"yoast-schema-graph\">{\"@context\":\"https:\\\/\\\/schema.org\",\"@graph\":[{\"@type\":\"WebPage\",\"@id\":\"https:\\\/\\\/www.tair.pe\\\/web2.0\\\/servicios-de-renting\\\/\",\"url\":\"https:\\\/\\\/www.tair.pe\\\/web2.0\\\/servicios-de-renting\\\/\",\"name\":\"Servicios de Renting - Tair Renting\",\"isPartOf\":{\"@id\":\"https:\\\/\\\/www.tair.pe\\\/web2.0\\\/#website\"},\"primaryImageOfPage\":{\"@id\":\"https:\\\/\\\/www.tair.pe\\\/web2.0\\\/servicios-de-renting\\\/#primaryimage\"},\"image\":{\"@id\":\"https:\\\/\\\/www.tair.pe\\\/web2.0\\\/servicios-de-renting\\\/#primaryimage\"},\"thumbnailUrl\":\"https:\\\/\\\/www.tair.pe\\\/web2.0\\\/wp-content\\\/uploads\\\/elementor\\\/thumbs\\\/Baner_Servicios_Asociados_2-r068ueqrdmavsyvqs7ebdtb9ubx08h2q1e42g4gtsy.jpeg\",\"datePublished\":\"2025-01-18T04:22:33+00:00\",\"dateModified\":\"2025-04-02T22:09:49+00:00\",\"breadcrumb\":{\"@id\":\"https:\\\/\\\/www.tair.pe\\\/web2.0\\\/servicios-de-renting\\\/#breadcrumb\"},\"inLanguage\":\"es\",\"potentialAction\":[{\"@type\":\"ReadAction\",\"target\":[\"https:\\\/\\\/www.tair.pe\\\/web2.0\\\/servicios-de-renting\\\/\"]}]},{\"@type\":\"ImageObject\",\"inLanguage\":\"es\",\"@id\":\"https:\\\/\\\/www.tair.pe\\\/web2.0\\\/servicios-de-renting\\\/#primaryimage\",\"url\":\"https:\\\/\\\/www.tair.pe\\\/web2.0\\\/wp-content\\\/uploads\\\/elementor\\\/thumbs\\\/Baner_Servicios_Asociados_2-r068ueqrdmavsyvqs7ebdtb9ubx08h2q1e42g4gtsy.jpeg\",\"contentUrl\":\"https:\\\/\\\/www.tair.pe\\\/web2.0\\\/wp-content\\\/uploads\\\/elementor\\\/thumbs\\\/Baner_Servicios_Asociados_2-r068ueqrdmavsyvqs7ebdtb9ubx08h2q1e42g4gtsy.jpeg\"},{\"@type\":\"BreadcrumbList\",\"@id\":\"https:\\\/\\\/www.tair.pe\\\/web2.0\\\/servicios-de-renting\\\/#breadcrumb\",\"itemListElement\":[{\"@type\":\"ListItem\",\"position\":1,\"name\":\"Home\",\"item\":\"https:\\\/\\\/www.tair.pe\\\/web2.0\\\/\"},{\"@type\":\"ListItem\",\"position\":2,\"name\":\"Servicios de Renting\"}]},{\"@type\":\"WebSite\",\"@id\":\"https:\\\/\\\/www.tair.pe\\\/web2.0\\\/#website\",\"url\":\"https:\\\/\\\/www.tair.pe\\\/web2.0\\\/\",\"name\":\"Tair Renting\",\"description\":\"Renting y Leasing Operativo de veh\u00edculos en Per\u00fa, administraci\u00f3n y gesti\u00f3n de flotas a mediano y largo plazo. Telf.(511)230-2828 renting@tair.pe\",\"publisher\":{\"@id\":\"https:\\\/\\\/www.tair.pe\\\/web2.0\\\/#organization\"},\"potentialAction\":[{\"@type\":\"SearchAction\",\"target\":{\"@type\":\"EntryPoint\",\"urlTemplate\":\"https:\\\/\\\/www.tair.pe\\\/web2.0\\\/?s={search_term_string}\"},\"query-input\":{\"@type\":\"PropertyValueSpecification\",\"valueRequired\":true,\"valueName\":\"search_term_string\"}}],\"inLanguage\":\"es\"},{\"@type\":\"Organization\",\"@id\":\"https:\\\/\\\/www.tair.pe\\\/web2.0\\\/#organization\",\"name\":\"Tair Renting\",\"url\":\"https:\\\/\\\/www.tair.pe\\\/web2.0\\\/\",\"logo\":{\"@type\":\"ImageObject\",\"inLanguage\":\"es\",\"@id\":\"https:\\\/\\\/www.tair.pe\\\/web2.0\\\/#\\\/schema\\\/logo\\\/image\\\/\",\"url\":\"https:\\\/\\\/www.tair.pe\\\/web2.0\\\/wp-content\\\/uploads\\\/2025\\\/01\\\/LOGO.png\",\"contentUrl\":\"https:\\\/\\\/www.tair.pe\\\/web2.0\\\/wp-content\\\/uploads\\\/2025\\\/01\\\/LOGO.png\",\"width\":400,\"height\":257,\"caption\":\"Tair Renting\"},\"image\":{\"@id\":\"https:\\\/\\\/www.tair.pe\\\/web2.0\\\/#\\\/schema\\\/logo\\\/image\\\/\"},\"sameAs\":[\"https:\\\/\\\/www.facebook.com\\\/people\\\/Tair-Renting\\\/100064156449554\\\/\",\"https:\\\/\\\/pe.linkedin.com\\\/company\\\/tair-renting\",\"https:\\\/\\\/www.instagram.com\\\/tair.renting\\\/\"]}]}<\/script>\n<!-- \/ Yoast SEO plugin. -->","yoast_head_json":{"title":"Servicios de Renting - Tair Renting","robots":{"index":"index","follow":"follow","max-snippet":"max-snippet:-1","max-image-preview":"max-image-preview:large","max-video-preview":"max-video-preview:-1"},"canonical":"https:\/\/www.tair.pe\/web2.0\/servicios-de-renting\/","og_locale":"es_ES","og_type":"article","og_title":"Servicios de Renting - Tair Renting","og_description":"Servicios de Renting Tair Renting\u00a0le brinda a las empresas el\u00a0servicio de alquiler y arrendamiento de veh\u00edculos y flotas corporativas\u00a0que incluye la administraci\u00f3n y gesti\u00f3n de las unidades, manteniendo la operatividad continua al 100% para proyectos de mediano y largo plazo. Mediante una tarifa mensual a trav\u00e9s de nuestro sistema de\u00a0Leasing Operativo de Tair Renting\u00a0su empresa [&hellip;]","og_url":"https:\/\/www.tair.pe\/web2.0\/servicios-de-renting\/","og_site_name":"Tair Renting","article_publisher":"https:\/\/www.facebook.com\/people\/Tair-Renting\/100064156449554\/","article_modified_time":"2025-04-02T22:09:49+00:00","og_image":[{"url":"https:\/\/www.tair.pe\/web2.0\/wp-content\/uploads\/elementor\/thumbs\/Baner_Servicios_Asociados_2-r068ueqrdmavsyvqs7ebdtb9ubx08h2q1e42g4gtsy.jpeg","type":"","width":"","height":""}],"twitter_card":"summary_large_image","twitter_misc":{"Tiempo de lectura":"3 minutos"},"schema":{"@context":"https:\/\/schema.org","@graph":[{"@type":"WebPage","@id":"https:\/\/www.tair.pe\/web2.0\/servicios-de-renting\/","url":"https:\/\/www.tair.pe\/web2.0\/servicios-de-renting\/","name":"Servicios de Renting - Tair Renting","isPartOf":{"@id":"https:\/\/www.tair.pe\/web2.0\/#website"},"primaryImageOfPage":{"@id":"https:\/\/www.tair.pe\/web2.0\/servicios-de-renting\/#primaryimage"},"image":{"@id":"https:\/\/www.tair.pe\/web2.0\/servicios-de-renting\/#primaryimage"},"thumbnailUrl":"https:\/\/www.tair.pe\/web2.0\/wp-content\/uploads\/elementor\/thumbs\/Baner_Servicios_Asociados_2-r068ueqrdmavsyvqs7ebdtb9ubx08h2q1e42g4gtsy.jpeg","datePublished":"2025-01-18T04:22:33+00:00","dateModified":"2025-04-02T22:09:49+00:00","breadcrumb":{"@id":"https:\/\/www.tair.pe\/web2.0\/servicios-de-renting\/#breadcrumb"},"inLanguage":"es","potentialAction":[{"@type":"ReadAction","target":["https:\/\/www.tair.pe\/web2.0\/servicios-de-renting\/"]}]},{"@type":"ImageObject","inLanguage":"es","@id":"https:\/\/www.tair.pe\/web2.0\/servicios-de-renting\/#primaryimage","url":"https:\/\/www.tair.pe\/web2.0\/wp-content\/uploads\/elementor\/thumbs\/Baner_Servicios_Asociados_2-r068ueqrdmavsyvqs7ebdtb9ubx08h2q1e42g4gtsy.jpeg","contentUrl":"https:\/\/www.tair.pe\/web2.0\/wp-content\/uploads\/elementor\/thumbs\/Baner_Servicios_Asociados_2-r068ueqrdmavsyvqs7ebdtb9ubx08h2q1e42g4gtsy.jpeg"},{"@type":"BreadcrumbList","@id":"https:\/\/www.tair.pe\/web2.0\/servicios-de-renting\/#breadcrumb","itemListElement":[{"@type":"ListItem","position":1,"name":"Home","item":"https:\/\/www.tair.pe\/web2.0\/"},{"@type":"ListItem","position":2,"name":"Servicios de Renting"}]},{"@type":"WebSite","@id":"https:\/\/www.tair.pe\/web2.0\/#website","url":"https:\/\/www.tair.pe\/web2.0\/","name":"Tair Renting","description":"Renting y Leasing Operativo de veh\u00edculos en Per\u00fa, administraci\u00f3n y gesti\u00f3n de flotas a mediano y largo plazo. Telf.(511)230-2828 renting@tair.pe","publisher":{"@id":"https:\/\/www.tair.pe\/web2.0\/#organization"},"potentialAction":[{"@type":"SearchAction","target":{"@type":"EntryPoint","urlTemplate":"https:\/\/www.tair.pe\/web2.0\/?s={search_term_string}"},"query-input":{"@type":"PropertyValueSpecification","valueRequired":true,"valueName":"search_term_string"}}],"inLanguage":"es"},{"@type":"Organization","@id":"https:\/\/www.tair.pe\/web2.0\/#organization","name":"Tair Renting","url":"https:\/\/www.tair.pe\/web2.0\/","logo":{"@type":"ImageObject","inLanguage":"es","@id":"https:\/\/www.tair.pe\/web2.0\/#\/schema\/logo\/image\/","url":"https:\/\/www.tair.pe\/web2.0\/wp-content\/uploads\/2025\/01\/LOGO.png","contentUrl":"https:\/\/www.tair.pe\/web2.0\/wp-content\/uploads\/2025\/01\/LOGO.png","width":400,"height":257,"caption":"Tair Renting"},"image":{"@id":"https:\/\/www.tair.pe\/web2.0\/#\/schema\/logo\/image\/"},"sameAs":["https:\/\/www.facebook.com\/people\/Tair-Renting\/100064156449554\/","https:\/\/pe.linkedin.com\/company\/tair-renting","https:\/\/www.instagram.com\/tair.renting\/"]}]}},"_links":{"self":[{"href":"https:\/\/www.tair.pe\/web2.0\/wp-json\/wp\/v2\/pages\/3250","targetHints":{"allow":["GET"]}}],"collection":[{"href":"https:\/\/www.tair.pe\/web2.0\/wp-json\/wp\/v2\/pages"}],"about":[{"href":"https:\/\/www.tair.pe\/web2.0\/wp-json\/wp\/v2\/types\/page"}],"author":[{"embeddable":true,"href":"https:\/\/www.tair.pe\/web2.0\/wp-json\/wp\/v2\/users\/1"}],"replies":[{"embeddable":true,"href":"https:\/\/www.tair.pe\/web2.0\/wp-json\/wp\/v2\/comments?post=3250"}],"version-history":[{"count":5,"href":"https:\/\/www.tair.pe\/web2.0\/wp-json\/wp\/v2\/pages\/3250\/revisions"}],"predecessor-version":[{"id":4188,"href":"https:\/\/www.tair.pe\/web2.0\/wp-json\/wp\/v2\/pages\/3250\/revisions\/4188"}],"wp:attachment":[{"href":"https:\/\/www.tair.pe\/web2.0\/wp-json\/wp\/v2\/media?parent=3250"}],"curies":[{"name":"wp","href":"https:\/\/api.w.org\/{rel}","templated":true}]}}