{"id":3256,"date":"2025-01-18T04:23:32","date_gmt":"2025-01-18T04:23:32","guid":{"rendered":"https:\/\/www.tair.pe\/web2.0\/?page_id=3256"},"modified":"2025-01-18T05:07:19","modified_gmt":"2025-01-18T05:07:19","slug":"mantenimiento-de-flota","status":"publish","type":"page","link":"https:\/\/www.tair.pe\/web2.0\/mantenimiento-de-flota\/","title":{"rendered":"Mantenimiento de flota"},"content":{"rendered":"\t\t<div data-elementor-type=\"wp-page\" data-elementor-id=\"3256\" class=\"elementor elementor-3256\" data-elementor-post-type=\"page\">\n\t\t\t\t<div class=\"elementor-element elementor-element-e742ac1 e-con-full e-flex e-con e-parent\" data-id=\"e742ac1\" data-element_type=\"container\" data-e-type=\"container\">\n\t\t\t\t<div class=\"elementor-element elementor-element-d36c295 elementor-widget elementor-widget-image\" data-id=\"d36c295\" data-element_type=\"widget\" data-e-type=\"widget\" data-widget_type=\"image.default\">\n\t\t\t\t<div class=\"elementor-widget-container\">\n\t\t\t\t\t\t\t\t\t\t\t\t\t\t\t<img fetchpriority=\"high\" decoding=\"async\" width=\"1920\" height=\"434\" src=\"https:\/\/www.tair.pe\/web2.0\/wp-content\/uploads\/2025\/01\/Baner_mantenimiento_Flota.jpeg\" class=\"attachment-full size-full wp-image-3341\" alt=\"\" srcset=\"https:\/\/www.tair.pe\/web2.0\/wp-content\/uploads\/2025\/01\/Baner_mantenimiento_Flota.jpeg 1920w, https:\/\/www.tair.pe\/web2.0\/wp-content\/uploads\/2025\/01\/Baner_mantenimiento_Flota-300x68.jpeg 300w, https:\/\/www.tair.pe\/web2.0\/wp-content\/uploads\/2025\/01\/Baner_mantenimiento_Flota-1024x231.jpeg 1024w, https:\/\/www.tair.pe\/web2.0\/wp-content\/uploads\/2025\/01\/Baner_mantenimiento_Flota-768x174.jpeg 768w, https:\/\/www.tair.pe\/web2.0\/wp-content\/uploads\/2025\/01\/Baner_mantenimiento_Flota-1536x347.jpeg 1536w, https:\/\/www.tair.pe\/web2.0\/wp-content\/uploads\/2025\/01\/Baner_mantenimiento_Flota-500x113.jpeg 500w\" sizes=\"(max-width: 1920px) 100vw, 1920px\" \/>\t\t\t\t\t\t\t\t\t\t\t\t\t\t\t<\/div>\n\t\t\t\t<\/div>\n\t\t\t\t<\/div>\n\t\t<div class=\"elementor-element elementor-element-73262e2 e-flex e-con-boxed e-con e-parent\" data-id=\"73262e2\" data-element_type=\"container\" data-e-type=\"container\">\n\t\t\t\t\t<div class=\"e-con-inner\">\n\t\t\t\t<div class=\"elementor-element elementor-element-55aafd7 elementor-widget elementor-widget-heading\" data-id=\"55aafd7\" data-element_type=\"widget\" data-e-type=\"widget\" data-widget_type=\"heading.default\">\n\t\t\t\t<div class=\"elementor-widget-container\">\n\t\t\t\t\t<h2 class=\"elementor-heading-title elementor-size-default\">Mantenimiento de flota<\/h2>\t\t\t\t<\/div>\n\t\t\t\t<\/div>\n\t\t\t\t\t<\/div>\n\t\t\t\t<\/div>\n\t\t<div class=\"elementor-element elementor-element-5e14192 e-flex e-con-boxed e-con e-parent\" data-id=\"5e14192\" data-element_type=\"container\" data-e-type=\"container\">\n\t\t\t\t\t<div class=\"e-con-inner\">\n\t\t<div class=\"elementor-element elementor-element-3c9fe26 e-con-full e-flex e-con e-child\" data-id=\"3c9fe26\" data-element_type=\"container\" data-e-type=\"container\">\n\t\t\t\t<div class=\"elementor-element elementor-element-fb37c6e elementor-widget elementor-widget-text-editor\" data-id=\"fb37c6e\" data-element_type=\"widget\" data-e-type=\"widget\" data-widget_type=\"text-editor.default\">\n\t\t\t\t<div class=\"elementor-widget-container\">\n\t\t\t\t\t\t\t\t\t<p>En el<strong>\u00a0<a href=\"https:\/\/www.tair.pe\/index.php\/acerca-de-tair\">Renting de Flotas<\/a><\/strong>\u00a0realizamos los mantenimientos predictivos, preventivos y correctivos en coordinaci\u00f3n con nuestros clientes en nuestras instalaciones de forma programada, de acuerdo a la marca y al Kilometraje de recorrido de cada unidad, preservando en \u00f3ptimas condiciones la operatividad al 100% de las unidades, garantizando el buen funcionamiento de las mismas.\u00a0<\/p><p>Contamos con\u00a0<a href=\"https:\/\/www.tair.pe\/index.php\/servicios\/talleres-in-situ\"><strong>talleres propios homologados<\/strong><\/a>, brindando soporte t\u00e9cnico, mec\u00e1nico y el\u00e9ctrico, de acuerdo a la flota de veh\u00edculos y a la exigencia de nuestros clientes.<\/p><ul><li>Revisi\u00f3n general<\/li><li>Llantas<\/li><li>Direcci\u00f3n<\/li><li>Suspensi\u00f3n<\/li><li>Frenos<\/li><li>Transmisi\u00f3n<\/li><li>El\u00e9ctrico<\/li><li>Motor<\/li><li>Combustible<\/li><li>Planchado<\/li><li>Pintura<\/li><li>Control de calidad<\/li><\/ul><p>Consulte ahora nuestra\u00a0<a href=\"https:\/\/www.tair.pe\/index.php\/servicios\/servicios-de-renting\"><strong>administraci\u00f3n y gesti\u00f3n de flotas<\/strong><\/a>\u00a0en\u00a0<a href=\"https:\/\/www.tair.pe\/index.php\/servicios\/leasing-operativo\"><strong>r<\/strong><strong>enting operativo de veh\u00edculos en Lima Per\u00fa<\/strong>.<\/a><\/p><p>Para m\u00e1s informaci\u00f3n sobre nuestros\u00a0<strong>servicios de renting vehicular<\/strong>\u00a0ll\u00e1menos al Telf.\u00a0<a href=\"tel:+5112302828\">+511 230 2828<\/a>\u00a0opci\u00f3n 01 o Cel.\u00a0<a href=\"tel:+51914655733\">+51 914 655 733<\/a>\u00a0\/ Cel.\u00a0<a href=\"tel:+51947247822\">+51 947 247 822\u00a0<\/a>o escr\u00edbamos a\u00a0\u00a0<a href=\"mailto:renting@tair.pe\">renting@tair.pe<\/a><\/p>\t\t\t\t\t\t\t\t<\/div>\n\t\t\t\t<\/div>\n\t\t\t\t<\/div>\n\t\t<div class=\"elementor-element elementor-element-fbf9733 e-con-full e-flex e-con e-child\" data-id=\"fbf9733\" data-element_type=\"container\" data-e-type=\"container\">\n\t\t\t\t<div class=\"elementor-element elementor-element-942dd89 elementor-widget elementor-widget-image\" data-id=\"942dd89\" data-element_type=\"widget\" data-e-type=\"widget\" data-widget_type=\"image.default\">\n\t\t\t\t<div class=\"elementor-widget-container\">\n\t\t\t\t\t\t\t\t\t\t\t\t\t\t\t<img decoding=\"async\" width=\"600\" height=\"420\" src=\"https:\/\/www.tair.pe\/web2.0\/wp-content\/uploads\/2025\/01\/3.jpeg\" class=\"attachment-large size-large wp-image-3340\" alt=\"\" srcset=\"https:\/\/www.tair.pe\/web2.0\/wp-content\/uploads\/2025\/01\/3.jpeg 600w, https:\/\/www.tair.pe\/web2.0\/wp-content\/uploads\/2025\/01\/3-300x210.jpeg 300w, https:\/\/www.tair.pe\/web2.0\/wp-content\/uploads\/2025\/01\/3-500x350.jpeg 500w\" sizes=\"(max-width: 600px) 100vw, 600px\" \/>\t\t\t\t\t\t\t\t\t\t\t\t\t\t\t<\/div>\n\t\t\t\t<\/div>\n\t\t\t\t<\/div>\n\t\t\t\t\t<\/div>\n\t\t\t\t<\/div>\n\t\t\t\t<\/div>\n\t\t","protected":false},"excerpt":{"rendered":"<p>Mantenimiento de flota En el\u00a0Renting de Flotas\u00a0realizamos los mantenimientos predictivos, preventivos y correctivos en coordinaci\u00f3n con nuestros clientes en nuestras instalaciones de forma programada, de acuerdo a la marca y al Kilometraje de recorrido de cada unidad, preservando en \u00f3ptimas condiciones la operatividad al 100% de las unidades, garantizando el buen funcionamiento de las mismas.\u00a0 [&hellip;]<\/p>\n","protected":false},"author":1,"featured_media":0,"parent":0,"menu_order":0,"comment_status":"closed","ping_status":"closed","template":"","meta":{"nf_dc_page":"","footnotes":""},"class_list":["post-3256","page","type-page","status-publish","hentry"],"yoast_head":"<!-- This site is optimized with the Yoast SEO plugin v27.4 - https:\/\/yoast.com\/product\/yoast-seo-wordpress\/ -->\n<title>Mantenimiento de flota - Tair Renting<\/title>\n<meta name=\"robots\" content=\"index, follow, max-snippet:-1, max-image-preview:large, max-video-preview:-1\" \/>\n<link rel=\"canonical\" href=\"https:\/\/www.tair.pe\/web2.0\/mantenimiento-de-flota\/\" \/>\n<meta property=\"og:locale\" content=\"es_ES\" \/>\n<meta property=\"og:type\" content=\"article\" \/>\n<meta property=\"og:title\" content=\"Mantenimiento de flota - Tair Renting\" \/>\n<meta property=\"og:description\" content=\"Mantenimiento de flota En el\u00a0Renting de Flotas\u00a0realizamos los mantenimientos predictivos, preventivos y correctivos en coordinaci\u00f3n con nuestros clientes en nuestras instalaciones de forma programada, de acuerdo a la marca y al Kilometraje de recorrido de cada unidad, preservando en \u00f3ptimas condiciones la operatividad al 100% de las unidades, garantizando el buen funcionamiento de las mismas.\u00a0 [&hellip;]\" \/>\n<meta property=\"og:url\" content=\"https:\/\/www.tair.pe\/web2.0\/mantenimiento-de-flota\/\" \/>\n<meta property=\"og:site_name\" content=\"Tair Renting\" \/>\n<meta property=\"article:publisher\" content=\"https:\/\/www.facebook.com\/people\/Tair-Renting\/100064156449554\/\" \/>\n<meta property=\"article:modified_time\" content=\"2025-01-18T05:07:19+00:00\" \/>\n<meta property=\"og:image\" content=\"https:\/\/www.tair.pe\/web2.0\/wp-content\/uploads\/2025\/01\/Baner_mantenimiento_Flota.jpeg\" \/>\n\t<meta property=\"og:image:width\" content=\"1920\" \/>\n\t<meta property=\"og:image:height\" content=\"434\" \/>\n\t<meta property=\"og:image:type\" content=\"image\/jpeg\" \/>\n<meta name=\"twitter:card\" content=\"summary_large_image\" \/>\n<meta name=\"twitter:label1\" content=\"Tiempo de lectura\" \/>\n\t<meta name=\"twitter:data1\" content=\"2 minutos\" \/>\n<script type=\"application\/ld+json\" class=\"yoast-schema-graph\">{\"@context\":\"https:\\\/\\\/schema.org\",\"@graph\":[{\"@type\":\"WebPage\",\"@id\":\"https:\\\/\\\/www.tair.pe\\\/web2.0\\\/mantenimiento-de-flota\\\/\",\"url\":\"https:\\\/\\\/www.tair.pe\\\/web2.0\\\/mantenimiento-de-flota\\\/\",\"name\":\"Mantenimiento de flota - Tair Renting\",\"isPartOf\":{\"@id\":\"https:\\\/\\\/www.tair.pe\\\/web2.0\\\/#website\"},\"primaryImageOfPage\":{\"@id\":\"https:\\\/\\\/www.tair.pe\\\/web2.0\\\/mantenimiento-de-flota\\\/#primaryimage\"},\"image\":{\"@id\":\"https:\\\/\\\/www.tair.pe\\\/web2.0\\\/mantenimiento-de-flota\\\/#primaryimage\"},\"thumbnailUrl\":\"https:\\\/\\\/www.tair.pe\\\/web2.0\\\/wp-content\\\/uploads\\\/2025\\\/01\\\/Baner_mantenimiento_Flota.jpeg\",\"datePublished\":\"2025-01-18T04:23:32+00:00\",\"dateModified\":\"2025-01-18T05:07:19+00:00\",\"breadcrumb\":{\"@id\":\"https:\\\/\\\/www.tair.pe\\\/web2.0\\\/mantenimiento-de-flota\\\/#breadcrumb\"},\"inLanguage\":\"es\",\"potentialAction\":[{\"@type\":\"ReadAction\",\"target\":[\"https:\\\/\\\/www.tair.pe\\\/web2.0\\\/mantenimiento-de-flota\\\/\"]}]},{\"@type\":\"ImageObject\",\"inLanguage\":\"es\",\"@id\":\"https:\\\/\\\/www.tair.pe\\\/web2.0\\\/mantenimiento-de-flota\\\/#primaryimage\",\"url\":\"https:\\\/\\\/www.tair.pe\\\/web2.0\\\/wp-content\\\/uploads\\\/2025\\\/01\\\/Baner_mantenimiento_Flota.jpeg\",\"contentUrl\":\"https:\\\/\\\/www.tair.pe\\\/web2.0\\\/wp-content\\\/uploads\\\/2025\\\/01\\\/Baner_mantenimiento_Flota.jpeg\",\"width\":1920,\"height\":434},{\"@type\":\"BreadcrumbList\",\"@id\":\"https:\\\/\\\/www.tair.pe\\\/web2.0\\\/mantenimiento-de-flota\\\/#breadcrumb\",\"itemListElement\":[{\"@type\":\"ListItem\",\"position\":1,\"name\":\"Home\",\"item\":\"https:\\\/\\\/www.tair.pe\\\/web2.0\\\/\"},{\"@type\":\"ListItem\",\"position\":2,\"name\":\"Mantenimiento de flota\"}]},{\"@type\":\"WebSite\",\"@id\":\"https:\\\/\\\/www.tair.pe\\\/web2.0\\\/#website\",\"url\":\"https:\\\/\\\/www.tair.pe\\\/web2.0\\\/\",\"name\":\"Tair Renting\",\"description\":\"Renting y Leasing Operativo de veh\u00edculos en Per\u00fa, administraci\u00f3n y gesti\u00f3n de flotas a mediano y largo plazo. Telf.(511)230-2828 renting@tair.pe\",\"publisher\":{\"@id\":\"https:\\\/\\\/www.tair.pe\\\/web2.0\\\/#organization\"},\"potentialAction\":[{\"@type\":\"SearchAction\",\"target\":{\"@type\":\"EntryPoint\",\"urlTemplate\":\"https:\\\/\\\/www.tair.pe\\\/web2.0\\\/?s={search_term_string}\"},\"query-input\":{\"@type\":\"PropertyValueSpecification\",\"valueRequired\":true,\"valueName\":\"search_term_string\"}}],\"inLanguage\":\"es\"},{\"@type\":\"Organization\",\"@id\":\"https:\\\/\\\/www.tair.pe\\\/web2.0\\\/#organization\",\"name\":\"Tair Renting\",\"url\":\"https:\\\/\\\/www.tair.pe\\\/web2.0\\\/\",\"logo\":{\"@type\":\"ImageObject\",\"inLanguage\":\"es\",\"@id\":\"https:\\\/\\\/www.tair.pe\\\/web2.0\\\/#\\\/schema\\\/logo\\\/image\\\/\",\"url\":\"https:\\\/\\\/www.tair.pe\\\/web2.0\\\/wp-content\\\/uploads\\\/2025\\\/01\\\/LOGO.png\",\"contentUrl\":\"https:\\\/\\\/www.tair.pe\\\/web2.0\\\/wp-content\\\/uploads\\\/2025\\\/01\\\/LOGO.png\",\"width\":400,\"height\":257,\"caption\":\"Tair Renting\"},\"image\":{\"@id\":\"https:\\\/\\\/www.tair.pe\\\/web2.0\\\/#\\\/schema\\\/logo\\\/image\\\/\"},\"sameAs\":[\"https:\\\/\\\/www.facebook.com\\\/people\\\/Tair-Renting\\\/100064156449554\\\/\",\"https:\\\/\\\/pe.linkedin.com\\\/company\\\/tair-renting\",\"https:\\\/\\\/www.instagram.com\\\/tair.renting\\\/\"]}]}<\/script>\n<!-- \/ Yoast SEO plugin. -->","yoast_head_json":{"title":"Mantenimiento de flota - Tair Renting","robots":{"index":"index","follow":"follow","max-snippet":"max-snippet:-1","max-image-preview":"max-image-preview:large","max-video-preview":"max-video-preview:-1"},"canonical":"https:\/\/www.tair.pe\/web2.0\/mantenimiento-de-flota\/","og_locale":"es_ES","og_type":"article","og_title":"Mantenimiento de flota - Tair Renting","og_description":"Mantenimiento de flota En el\u00a0Renting de Flotas\u00a0realizamos los mantenimientos predictivos, preventivos y correctivos en coordinaci\u00f3n con nuestros clientes en nuestras instalaciones de forma programada, de acuerdo a la marca y al Kilometraje de recorrido de cada unidad, preservando en \u00f3ptimas condiciones la operatividad al 100% de las unidades, garantizando el buen funcionamiento de las mismas.\u00a0 [&hellip;]","og_url":"https:\/\/www.tair.pe\/web2.0\/mantenimiento-de-flota\/","og_site_name":"Tair Renting","article_publisher":"https:\/\/www.facebook.com\/people\/Tair-Renting\/100064156449554\/","article_modified_time":"2025-01-18T05:07:19+00:00","og_image":[{"width":1920,"height":434,"url":"https:\/\/www.tair.pe\/web2.0\/wp-content\/uploads\/2025\/01\/Baner_mantenimiento_Flota.jpeg","type":"image\/jpeg"}],"twitter_card":"summary_large_image","twitter_misc":{"Tiempo de lectura":"2 minutos"},"schema":{"@context":"https:\/\/schema.org","@graph":[{"@type":"WebPage","@id":"https:\/\/www.tair.pe\/web2.0\/mantenimiento-de-flota\/","url":"https:\/\/www.tair.pe\/web2.0\/mantenimiento-de-flota\/","name":"Mantenimiento de flota - Tair Renting","isPartOf":{"@id":"https:\/\/www.tair.pe\/web2.0\/#website"},"primaryImageOfPage":{"@id":"https:\/\/www.tair.pe\/web2.0\/mantenimiento-de-flota\/#primaryimage"},"image":{"@id":"https:\/\/www.tair.pe\/web2.0\/mantenimiento-de-flota\/#primaryimage"},"thumbnailUrl":"https:\/\/www.tair.pe\/web2.0\/wp-content\/uploads\/2025\/01\/Baner_mantenimiento_Flota.jpeg","datePublished":"2025-01-18T04:23:32+00:00","dateModified":"2025-01-18T05:07:19+00:00","breadcrumb":{"@id":"https:\/\/www.tair.pe\/web2.0\/mantenimiento-de-flota\/#breadcrumb"},"inLanguage":"es","potentialAction":[{"@type":"ReadAction","target":["https:\/\/www.tair.pe\/web2.0\/mantenimiento-de-flota\/"]}]},{"@type":"ImageObject","inLanguage":"es","@id":"https:\/\/www.tair.pe\/web2.0\/mantenimiento-de-flota\/#primaryimage","url":"https:\/\/www.tair.pe\/web2.0\/wp-content\/uploads\/2025\/01\/Baner_mantenimiento_Flota.jpeg","contentUrl":"https:\/\/www.tair.pe\/web2.0\/wp-content\/uploads\/2025\/01\/Baner_mantenimiento_Flota.jpeg","width":1920,"height":434},{"@type":"BreadcrumbList","@id":"https:\/\/www.tair.pe\/web2.0\/mantenimiento-de-flota\/#breadcrumb","itemListElement":[{"@type":"ListItem","position":1,"name":"Home","item":"https:\/\/www.tair.pe\/web2.0\/"},{"@type":"ListItem","position":2,"name":"Mantenimiento de flota"}]},{"@type":"WebSite","@id":"https:\/\/www.tair.pe\/web2.0\/#website","url":"https:\/\/www.tair.pe\/web2.0\/","name":"Tair Renting","description":"Renting y Leasing Operativo de veh\u00edculos en Per\u00fa, administraci\u00f3n y gesti\u00f3n de flotas a mediano y largo plazo. Telf.(511)230-2828 renting@tair.pe","publisher":{"@id":"https:\/\/www.tair.pe\/web2.0\/#organization"},"potentialAction":[{"@type":"SearchAction","target":{"@type":"EntryPoint","urlTemplate":"https:\/\/www.tair.pe\/web2.0\/?s={search_term_string}"},"query-input":{"@type":"PropertyValueSpecification","valueRequired":true,"valueName":"search_term_string"}}],"inLanguage":"es"},{"@type":"Organization","@id":"https:\/\/www.tair.pe\/web2.0\/#organization","name":"Tair Renting","url":"https:\/\/www.tair.pe\/web2.0\/","logo":{"@type":"ImageObject","inLanguage":"es","@id":"https:\/\/www.tair.pe\/web2.0\/#\/schema\/logo\/image\/","url":"https:\/\/www.tair.pe\/web2.0\/wp-content\/uploads\/2025\/01\/LOGO.png","contentUrl":"https:\/\/www.tair.pe\/web2.0\/wp-content\/uploads\/2025\/01\/LOGO.png","width":400,"height":257,"caption":"Tair Renting"},"image":{"@id":"https:\/\/www.tair.pe\/web2.0\/#\/schema\/logo\/image\/"},"sameAs":["https:\/\/www.facebook.com\/people\/Tair-Renting\/100064156449554\/","https:\/\/pe.linkedin.com\/company\/tair-renting","https:\/\/www.instagram.com\/tair.renting\/"]}]}},"_links":{"self":[{"href":"https:\/\/www.tair.pe\/web2.0\/wp-json\/wp\/v2\/pages\/3256","targetHints":{"allow":["GET"]}}],"collection":[{"href":"https:\/\/www.tair.pe\/web2.0\/wp-json\/wp\/v2\/pages"}],"about":[{"href":"https:\/\/www.tair.pe\/web2.0\/wp-json\/wp\/v2\/types\/page"}],"author":[{"embeddable":true,"href":"https:\/\/www.tair.pe\/web2.0\/wp-json\/wp\/v2\/users\/1"}],"replies":[{"embeddable":true,"href":"https:\/\/www.tair.pe\/web2.0\/wp-json\/wp\/v2\/comments?post=3256"}],"version-history":[{"count":5,"href":"https:\/\/www.tair.pe\/web2.0\/wp-json\/wp\/v2\/pages\/3256\/revisions"}],"predecessor-version":[{"id":3347,"href":"https:\/\/www.tair.pe\/web2.0\/wp-json\/wp\/v2\/pages\/3256\/revisions\/3347"}],"wp:attachment":[{"href":"https:\/\/www.tair.pe\/web2.0\/wp-json\/wp\/v2\/media?parent=3256"}],"curies":[{"name":"wp","href":"https:\/\/api.w.org\/{rel}","templated":true}]}}