{"id":3271,"date":"2025-01-18T04:28:58","date_gmt":"2025-01-18T04:28:58","guid":{"rendered":"https:\/\/www.tair.pe\/web2.0\/?page_id=3271"},"modified":"2026-04-21T23:25:53","modified_gmt":"2026-04-21T23:25:53","slug":"acerca-de-tair","status":"publish","type":"page","link":"https:\/\/www.tair.pe\/web2.0\/acerca-de-tair\/","title":{"rendered":"Acerca de TAIR"},"content":{"rendered":"\t\t<div data-elementor-type=\"wp-page\" data-elementor-id=\"3271\" class=\"elementor elementor-3271\" data-elementor-post-type=\"page\">\n\t\t\t\t<div class=\"elementor-element elementor-element-47b7ee2 e-flex e-con-boxed e-con e-parent\" data-id=\"47b7ee2\" data-element_type=\"container\" data-e-type=\"container\">\n\t\t\t\t\t<div class=\"e-con-inner\">\n\t\t\t\t<div class=\"elementor-element elementor-element-3c20f01 elementor-widget elementor-widget-heading\" data-id=\"3c20f01\" data-element_type=\"widget\" data-e-type=\"widget\" data-widget_type=\"heading.default\">\n\t\t\t\t<div class=\"elementor-widget-container\">\n\t\t\t\t\t<h2 class=\"elementor-heading-title elementor-size-default\">Acerca de TAIR<\/h2>\t\t\t\t<\/div>\n\t\t\t\t<\/div>\n\t\t\t\t<div class=\"elementor-element elementor-element-a617e74 elementor-widget elementor-widget-text-editor\" data-id=\"a617e74\" data-element_type=\"widget\" data-e-type=\"widget\" data-widget_type=\"text-editor.default\">\n\t\t\t\t<div class=\"elementor-widget-container\">\n\t\t\t\t\t\t\t\t\t<p><strong>TRANSPORTES \u00c1NGEL IB\u00c1RCENA R. S.R.L<\/strong>\u00a0inici\u00f3 sus operaciones hace m\u00e1s de 65 a\u00f1os, dedic\u00e1ndose al transporte de carga pesada, a partir del 2000 empez\u00f3 a brindar el servicio de arrendamiento de veh\u00edculos livianos, posteriormente se cambi\u00f3 la raz\u00f3n social de la empresa a\u00a0<strong>TRANSPORTES \u00c1NGEL IB\u00c1RCENA S.A.C,<\/strong>\u00a0siendo nuestro nombre comercial el de\u00a0<a href=\"https:\/\/www.tair.pe\/\"><strong>TAIR Renting<\/strong><\/a>.<\/p><p><strong><a href=\"https:\/\/www.tair.pe\/index.php\/renting\">Tair Renting<\/a><\/strong>\u00a0es una empresa l\u00edder, pionera, contamos con una amplia experiencia en el mercado,\u00a0<strong>constituy\u00e9ndonos, as\u00ed como la<\/strong>\u00a0<strong>primera empresa 100% Peruana<\/strong>\u00a0<strong>especializada en el<\/strong>\u00a0<a href=\"https:\/\/www.tair.pe\/index.php\/servicios\/leasing-operativo\"><strong>Renting Operativo de Veh\u00edculos<\/strong><\/a>,\u00a0<strong><a href=\"https:\/\/www.tair.pe\/index.php\/servicios\/servicios-de-renting\">Administraci\u00f3n y Gesti\u00f3n de Flotas<\/a><\/strong>\u00a0e\u00a0<a href=\"https:\/\/www.tair.pe\/index.php\/servicios\/talleres-in-situ\"><strong>implementaci\u00f3n de Talleres in-situ<\/strong><\/a>\u00a0a empresas, brindando soluciones en transporte, soporte y mantenimiento t\u00e9cnico a proyectos de mediano y largo plazo.\u00a0 Atendemos a diversos sectores como el minero, industrial, comercial, construcci\u00f3n, seguridad, transporte de personal, con autos comerciales y de alta gama, SUVs, pickups 4&#215;2 y 4&#215;4 con equipamiento, furgonetas, vans, camiones, maquinaria amarilla y maquinaria agr\u00edcola , manteniendo en el tiempo los niveles de calidad de mejora continua y cumpliendo los est\u00e1ndares m\u00e1s exigentes del mercado.<\/p><p>En base a nuestro compromiso, profesionalismo y eficiente desempe\u00f1o de cada uno de nuestros colaboradores y trabajadores involucrados en el sistema de gesti\u00f3n, el 04 de noviembre del 2019, se ha hecho posible el reconocimiento para la certificaci\u00f3n de la norma\u00a0<strong>ISO 9001:2015\u00a0<\/strong>de\u00a0Sistemas de Gesti\u00f3n de la Calidad<strong>,\u00a0<\/strong>el<strong>\u00a0<\/strong>06 de marzo del 2020 hemos sido reconocidos con la certificaci\u00f3n de la norma\u00a0<strong>ISO 37001:2016\u00a0<\/strong>de\u00a0Sistemas de Gesti\u00f3n Anti-Soborno\u00a0y el 8 de Marzo del 2021 el reconocimiento de las certificaciones,\u00a0<strong>ISO 14001:2015<\/strong>\u00a0Sistema de Gesti\u00f3n Ambiental\u00a0e\u00a0<strong>ISO 45001:2018<\/strong>\u00a0Sistema de Gesti\u00f3n de Seguridad y Salud en el Trabajo, cumpli\u00e9ndose as\u00ed la certificaci\u00f3n\u00a0<strong>Trinorma<\/strong>.<\/p>\t\t\t\t\t\t\t\t<\/div>\n\t\t\t\t<\/div>\n\t\t\t\t\t<\/div>\n\t\t\t\t<\/div>\n\t\t<div class=\"elementor-element elementor-element-fb610ba e-flex e-con-boxed e-con e-parent\" data-id=\"fb610ba\" data-element_type=\"container\" data-e-type=\"container\">\n\t\t\t\t\t<div class=\"e-con-inner\">\n\t\t\t\t<div class=\"elementor-element elementor-element-9ce5082 elementor-widget elementor-widget-image\" data-id=\"9ce5082\" data-element_type=\"widget\" data-e-type=\"widget\" data-widget_type=\"image.default\">\n\t\t\t\t<div class=\"elementor-widget-container\">\n\t\t\t\t\t\t\t\t\t\t\t\t\t\t\t<img fetchpriority=\"high\" decoding=\"async\" width=\"900\" height=\"180\" src=\"https:\/\/www.tair.pe\/web2.0\/wp-content\/uploads\/2025\/06\/Tair_ISO_Trinorma_2025.jpeg\" class=\"attachment-full size-full wp-image-4650\" alt=\"\" srcset=\"https:\/\/www.tair.pe\/web2.0\/wp-content\/uploads\/2025\/06\/Tair_ISO_Trinorma_2025.jpeg 900w, https:\/\/www.tair.pe\/web2.0\/wp-content\/uploads\/2025\/06\/Tair_ISO_Trinorma_2025-300x60.jpeg 300w, https:\/\/www.tair.pe\/web2.0\/wp-content\/uploads\/2025\/06\/Tair_ISO_Trinorma_2025-768x154.jpeg 768w, https:\/\/www.tair.pe\/web2.0\/wp-content\/uploads\/2025\/06\/Tair_ISO_Trinorma_2025-500x100.jpeg 500w\" sizes=\"(max-width: 900px) 100vw, 900px\" \/>\t\t\t\t\t\t\t\t\t\t\t\t\t\t\t<\/div>\n\t\t\t\t<\/div>\n\t\t\t\t\t<\/div>\n\t\t\t\t<\/div>\n\t\t<div class=\"elementor-element elementor-element-b4e34fa e-flex e-con-boxed e-con e-parent\" data-id=\"b4e34fa\" data-element_type=\"container\" data-e-type=\"container\" data-settings=\"{&quot;background_background&quot;:&quot;classic&quot;}\">\n\t\t\t\t\t<div class=\"e-con-inner\">\n\t\t<div class=\"elementor-element elementor-element-4c71de0 e-con-full e-flex e-con e-child\" data-id=\"4c71de0\" data-element_type=\"container\" data-e-type=\"container\">\n\t\t\t\t<div class=\"elementor-element elementor-element-4f6b278 elementor-widget elementor-widget-image\" data-id=\"4f6b278\" data-element_type=\"widget\" data-e-type=\"widget\" data-widget_type=\"image.default\">\n\t\t\t\t<div class=\"elementor-widget-container\">\n\t\t\t\t\t\t\t\t\t\t\t\t\t\t\t<img decoding=\"async\" width=\"800\" height=\"563\" src=\"https:\/\/www.tair.pe\/web2.0\/wp-content\/uploads\/2025\/01\/Tair-Renting-Nosotros-1024x720.png\" class=\"attachment-large size-large wp-image-3482\" alt=\"\" srcset=\"https:\/\/www.tair.pe\/web2.0\/wp-content\/uploads\/2025\/01\/Tair-Renting-Nosotros-1024x720.png 1024w, https:\/\/www.tair.pe\/web2.0\/wp-content\/uploads\/2025\/01\/Tair-Renting-Nosotros-300x211.png 300w, https:\/\/www.tair.pe\/web2.0\/wp-content\/uploads\/2025\/01\/Tair-Renting-Nosotros-768x540.png 768w, https:\/\/www.tair.pe\/web2.0\/wp-content\/uploads\/2025\/01\/Tair-Renting-Nosotros-500x352.png 500w, https:\/\/www.tair.pe\/web2.0\/wp-content\/uploads\/2025\/01\/Tair-Renting-Nosotros.png 1092w\" sizes=\"(max-width: 800px) 100vw, 800px\" \/>\t\t\t\t\t\t\t\t\t\t\t\t\t\t\t<\/div>\n\t\t\t\t<\/div>\n\t\t\t\t<\/div>\n\t\t<div class=\"elementor-element elementor-element-26fdb3b e-con-full e-flex e-con e-child\" data-id=\"26fdb3b\" data-element_type=\"container\" data-e-type=\"container\">\n\t\t\t\t<div class=\"elementor-element elementor-element-4c4f7a2 elementor-widget elementor-widget-text-editor\" data-id=\"4c4f7a2\" data-element_type=\"widget\" data-e-type=\"widget\" data-widget_type=\"text-editor.default\">\n\t\t\t\t<div class=\"elementor-widget-container\">\n\t\t\t\t\t\t\t\t\t<div id=\"qx-heading-865239\" class=\"qx-element qx-element-heading \"><div class=\"section-title\"><h2 class=\"qx-title\">Misi\u00f3n<\/h2><\/div><\/div><div id=\"qx-text-525240\" class=\"qx-element qx-element-text \"><p>Ofrecer soluciones integrales de\u00a0<strong>renting operativo vehicular<\/strong>, dise\u00f1adas para las exigentes necesidades de nuestros clientes de los diversos sectores econ\u00f3micos incluyendo el sector p\u00fablico. Nos diferenciamos mediante nuestro servicio de excelencia con mantenimientos en\u00a0<strong>talleres in situ<\/strong>\u00a0en condiciones geogr\u00e1ficas desafiantes y un enfoque en seguridad, innovaci\u00f3n, responsabilidad ambiental y social. Actuamos con integridad y transparencia para impulsar la productividad de nuestros clientes y contribuir al progreso del pa\u00eds.<\/p><\/div><div id=\"qx-heading-575241\" class=\"qx-element qx-element-heading \"><div class=\"section-title\"><h2 class=\"qx-title\">Visi\u00f3n<\/h2><\/div><\/div><div id=\"qx-text-55242\" class=\"qx-element qx-element-text \"><p>Ser l\u00edderes en el mercado de\u00a0<strong>renting operativo vehicular,<\/strong>\u00a0destacando por nuestros altos est\u00e1ndares de calidad y adaptabilidad. Nos comprometemos a ser la primera opci\u00f3n para todos los sectores econ\u00f3micos del pa\u00eds, superando desaf\u00edos geogr\u00e1ficos con\u00a0<strong>talleres in situ<\/strong>\u00a0y flotas con equipamiento especializado, siempre priorizando la seguridad laboral, la sostenibilidad ambiental y la transparencia. Aspiramos a generar un impacto positivo en las comunidades y a ser pilares del \u00e9xito de nuestros clientes y del desarrollo nacional.<\/p><\/div>\t\t\t\t\t\t\t\t<\/div>\n\t\t\t\t<\/div>\n\t\t\t\t<\/div>\n\t\t\t\t\t<\/div>\n\t\t\t\t<\/div>\n\t\t<div class=\"elementor-element elementor-element-7773d9e e-con-full e-flex e-con e-parent\" data-id=\"7773d9e\" data-element_type=\"container\" data-e-type=\"container\">\n\t\t\t\t<div class=\"elementor-element elementor-element-1b7eb2a elementor-widget elementor-widget-video\" data-id=\"1b7eb2a\" data-element_type=\"widget\" data-e-type=\"widget\" data-settings=\"{&quot;youtube_url&quot;:&quot;https:\\\/\\\/youtu.be\\\/KeE2_7w3DZ0?si=gA2tM-LB33o4WM2D&quot;,&quot;video_type&quot;:&quot;youtube&quot;,&quot;controls&quot;:&quot;yes&quot;}\" data-widget_type=\"video.default\">\n\t\t\t\t<div class=\"elementor-widget-container\">\n\t\t\t\t\t\t\t<div class=\"elementor-wrapper elementor-open-inline\">\n\t\t\t<div class=\"elementor-video\"><\/div>\t\t<\/div>\n\t\t\t\t\t\t<\/div>\n\t\t\t\t<\/div>\n\t\t\t\t<\/div>\n\t\t\t\t<\/div>\n\t\t","protected":false},"excerpt":{"rendered":"<p>Acerca de TAIR TRANSPORTES \u00c1NGEL IB\u00c1RCENA R. S.R.L\u00a0inici\u00f3 sus operaciones hace m\u00e1s de 65 a\u00f1os, dedic\u00e1ndose al transporte de carga pesada, a partir del 2000 empez\u00f3 a brindar el servicio de arrendamiento de veh\u00edculos livianos, posteriormente se cambi\u00f3 la raz\u00f3n social de la empresa a\u00a0TRANSPORTES \u00c1NGEL IB\u00c1RCENA S.A.C,\u00a0siendo nuestro nombre comercial el de\u00a0TAIR Renting. Tair [&hellip;]<\/p>\n","protected":false},"author":1,"featured_media":0,"parent":0,"menu_order":0,"comment_status":"closed","ping_status":"closed","template":"","meta":{"nf_dc_page":"","footnotes":""},"class_list":["post-3271","page","type-page","status-publish","hentry"],"yoast_head":"<!-- This site is optimized with the Yoast SEO plugin v27.4 - https:\/\/yoast.com\/product\/yoast-seo-wordpress\/ -->\n<title>Acerca de TAIR - Tair Renting<\/title>\n<meta name=\"robots\" content=\"index, follow, max-snippet:-1, max-image-preview:large, max-video-preview:-1\" \/>\n<link rel=\"canonical\" href=\"https:\/\/www.tair.pe\/web2.0\/acerca-de-tair\/\" \/>\n<meta property=\"og:locale\" content=\"es_ES\" \/>\n<meta property=\"og:type\" content=\"article\" \/>\n<meta property=\"og:title\" content=\"Acerca de TAIR - Tair Renting\" \/>\n<meta property=\"og:description\" content=\"Acerca de TAIR TRANSPORTES \u00c1NGEL IB\u00c1RCENA R. S.R.L\u00a0inici\u00f3 sus operaciones hace m\u00e1s de 65 a\u00f1os, dedic\u00e1ndose al transporte de carga pesada, a partir del 2000 empez\u00f3 a brindar el servicio de arrendamiento de veh\u00edculos livianos, posteriormente se cambi\u00f3 la raz\u00f3n social de la empresa a\u00a0TRANSPORTES \u00c1NGEL IB\u00c1RCENA S.A.C,\u00a0siendo nuestro nombre comercial el de\u00a0TAIR Renting. Tair [&hellip;]\" \/>\n<meta property=\"og:url\" content=\"https:\/\/www.tair.pe\/web2.0\/acerca-de-tair\/\" \/>\n<meta property=\"og:site_name\" content=\"Tair Renting\" \/>\n<meta property=\"article:publisher\" content=\"https:\/\/www.facebook.com\/people\/Tair-Renting\/100064156449554\/\" \/>\n<meta property=\"article:modified_time\" content=\"2026-04-21T23:25:53+00:00\" \/>\n<meta property=\"og:image\" content=\"https:\/\/www.tair.pe\/web2.0\/wp-content\/uploads\/2025\/06\/Tair_ISO_Trinorma_2025.jpeg\" \/>\n\t<meta property=\"og:image:width\" content=\"900\" \/>\n\t<meta property=\"og:image:height\" content=\"180\" \/>\n\t<meta property=\"og:image:type\" content=\"image\/jpeg\" \/>\n<meta name=\"twitter:card\" content=\"summary_large_image\" \/>\n<meta name=\"twitter:label1\" content=\"Tiempo de lectura\" \/>\n\t<meta name=\"twitter:data1\" content=\"3 minutos\" \/>\n<script type=\"application\/ld+json\" class=\"yoast-schema-graph\">{\"@context\":\"https:\\\/\\\/schema.org\",\"@graph\":[{\"@type\":\"WebPage\",\"@id\":\"https:\\\/\\\/www.tair.pe\\\/web2.0\\\/acerca-de-tair\\\/\",\"url\":\"https:\\\/\\\/www.tair.pe\\\/web2.0\\\/acerca-de-tair\\\/\",\"name\":\"Acerca de TAIR - Tair Renting\",\"isPartOf\":{\"@id\":\"https:\\\/\\\/www.tair.pe\\\/web2.0\\\/#website\"},\"primaryImageOfPage\":{\"@id\":\"https:\\\/\\\/www.tair.pe\\\/web2.0\\\/acerca-de-tair\\\/#primaryimage\"},\"image\":{\"@id\":\"https:\\\/\\\/www.tair.pe\\\/web2.0\\\/acerca-de-tair\\\/#primaryimage\"},\"thumbnailUrl\":\"https:\\\/\\\/www.tair.pe\\\/web2.0\\\/wp-content\\\/uploads\\\/2025\\\/06\\\/Tair_ISO_Trinorma_2025.jpeg\",\"datePublished\":\"2025-01-18T04:28:58+00:00\",\"dateModified\":\"2026-04-21T23:25:53+00:00\",\"breadcrumb\":{\"@id\":\"https:\\\/\\\/www.tair.pe\\\/web2.0\\\/acerca-de-tair\\\/#breadcrumb\"},\"inLanguage\":\"es\",\"potentialAction\":[{\"@type\":\"ReadAction\",\"target\":[\"https:\\\/\\\/www.tair.pe\\\/web2.0\\\/acerca-de-tair\\\/\"]}]},{\"@type\":\"ImageObject\",\"inLanguage\":\"es\",\"@id\":\"https:\\\/\\\/www.tair.pe\\\/web2.0\\\/acerca-de-tair\\\/#primaryimage\",\"url\":\"https:\\\/\\\/www.tair.pe\\\/web2.0\\\/wp-content\\\/uploads\\\/2025\\\/06\\\/Tair_ISO_Trinorma_2025.jpeg\",\"contentUrl\":\"https:\\\/\\\/www.tair.pe\\\/web2.0\\\/wp-content\\\/uploads\\\/2025\\\/06\\\/Tair_ISO_Trinorma_2025.jpeg\",\"width\":900,\"height\":180},{\"@type\":\"BreadcrumbList\",\"@id\":\"https:\\\/\\\/www.tair.pe\\\/web2.0\\\/acerca-de-tair\\\/#breadcrumb\",\"itemListElement\":[{\"@type\":\"ListItem\",\"position\":1,\"name\":\"Home\",\"item\":\"https:\\\/\\\/www.tair.pe\\\/web2.0\\\/\"},{\"@type\":\"ListItem\",\"position\":2,\"name\":\"Acerca de TAIR\"}]},{\"@type\":\"WebSite\",\"@id\":\"https:\\\/\\\/www.tair.pe\\\/web2.0\\\/#website\",\"url\":\"https:\\\/\\\/www.tair.pe\\\/web2.0\\\/\",\"name\":\"Tair Renting\",\"description\":\"Renting y Leasing Operativo de veh\u00edculos en Per\u00fa, administraci\u00f3n y gesti\u00f3n de flotas a mediano y largo plazo. Telf.(511)230-2828 renting@tair.pe\",\"publisher\":{\"@id\":\"https:\\\/\\\/www.tair.pe\\\/web2.0\\\/#organization\"},\"potentialAction\":[{\"@type\":\"SearchAction\",\"target\":{\"@type\":\"EntryPoint\",\"urlTemplate\":\"https:\\\/\\\/www.tair.pe\\\/web2.0\\\/?s={search_term_string}\"},\"query-input\":{\"@type\":\"PropertyValueSpecification\",\"valueRequired\":true,\"valueName\":\"search_term_string\"}}],\"inLanguage\":\"es\"},{\"@type\":\"Organization\",\"@id\":\"https:\\\/\\\/www.tair.pe\\\/web2.0\\\/#organization\",\"name\":\"Tair Renting\",\"url\":\"https:\\\/\\\/www.tair.pe\\\/web2.0\\\/\",\"logo\":{\"@type\":\"ImageObject\",\"inLanguage\":\"es\",\"@id\":\"https:\\\/\\\/www.tair.pe\\\/web2.0\\\/#\\\/schema\\\/logo\\\/image\\\/\",\"url\":\"https:\\\/\\\/www.tair.pe\\\/web2.0\\\/wp-content\\\/uploads\\\/2025\\\/01\\\/LOGO.png\",\"contentUrl\":\"https:\\\/\\\/www.tair.pe\\\/web2.0\\\/wp-content\\\/uploads\\\/2025\\\/01\\\/LOGO.png\",\"width\":400,\"height\":257,\"caption\":\"Tair Renting\"},\"image\":{\"@id\":\"https:\\\/\\\/www.tair.pe\\\/web2.0\\\/#\\\/schema\\\/logo\\\/image\\\/\"},\"sameAs\":[\"https:\\\/\\\/www.facebook.com\\\/people\\\/Tair-Renting\\\/100064156449554\\\/\",\"https:\\\/\\\/pe.linkedin.com\\\/company\\\/tair-renting\",\"https:\\\/\\\/www.instagram.com\\\/tair.renting\\\/\"]}]}<\/script>\n<!-- \/ Yoast SEO plugin. -->","yoast_head_json":{"title":"Acerca de TAIR - Tair Renting","robots":{"index":"index","follow":"follow","max-snippet":"max-snippet:-1","max-image-preview":"max-image-preview:large","max-video-preview":"max-video-preview:-1"},"canonical":"https:\/\/www.tair.pe\/web2.0\/acerca-de-tair\/","og_locale":"es_ES","og_type":"article","og_title":"Acerca de TAIR - Tair Renting","og_description":"Acerca de TAIR TRANSPORTES \u00c1NGEL IB\u00c1RCENA R. S.R.L\u00a0inici\u00f3 sus operaciones hace m\u00e1s de 65 a\u00f1os, dedic\u00e1ndose al transporte de carga pesada, a partir del 2000 empez\u00f3 a brindar el servicio de arrendamiento de veh\u00edculos livianos, posteriormente se cambi\u00f3 la raz\u00f3n social de la empresa a\u00a0TRANSPORTES \u00c1NGEL IB\u00c1RCENA S.A.C,\u00a0siendo nuestro nombre comercial el de\u00a0TAIR Renting. Tair [&hellip;]","og_url":"https:\/\/www.tair.pe\/web2.0\/acerca-de-tair\/","og_site_name":"Tair Renting","article_publisher":"https:\/\/www.facebook.com\/people\/Tair-Renting\/100064156449554\/","article_modified_time":"2026-04-21T23:25:53+00:00","og_image":[{"width":900,"height":180,"url":"https:\/\/www.tair.pe\/web2.0\/wp-content\/uploads\/2025\/06\/Tair_ISO_Trinorma_2025.jpeg","type":"image\/jpeg"}],"twitter_card":"summary_large_image","twitter_misc":{"Tiempo de lectura":"3 minutos"},"schema":{"@context":"https:\/\/schema.org","@graph":[{"@type":"WebPage","@id":"https:\/\/www.tair.pe\/web2.0\/acerca-de-tair\/","url":"https:\/\/www.tair.pe\/web2.0\/acerca-de-tair\/","name":"Acerca de TAIR - Tair Renting","isPartOf":{"@id":"https:\/\/www.tair.pe\/web2.0\/#website"},"primaryImageOfPage":{"@id":"https:\/\/www.tair.pe\/web2.0\/acerca-de-tair\/#primaryimage"},"image":{"@id":"https:\/\/www.tair.pe\/web2.0\/acerca-de-tair\/#primaryimage"},"thumbnailUrl":"https:\/\/www.tair.pe\/web2.0\/wp-content\/uploads\/2025\/06\/Tair_ISO_Trinorma_2025.jpeg","datePublished":"2025-01-18T04:28:58+00:00","dateModified":"2026-04-21T23:25:53+00:00","breadcrumb":{"@id":"https:\/\/www.tair.pe\/web2.0\/acerca-de-tair\/#breadcrumb"},"inLanguage":"es","potentialAction":[{"@type":"ReadAction","target":["https:\/\/www.tair.pe\/web2.0\/acerca-de-tair\/"]}]},{"@type":"ImageObject","inLanguage":"es","@id":"https:\/\/www.tair.pe\/web2.0\/acerca-de-tair\/#primaryimage","url":"https:\/\/www.tair.pe\/web2.0\/wp-content\/uploads\/2025\/06\/Tair_ISO_Trinorma_2025.jpeg","contentUrl":"https:\/\/www.tair.pe\/web2.0\/wp-content\/uploads\/2025\/06\/Tair_ISO_Trinorma_2025.jpeg","width":900,"height":180},{"@type":"BreadcrumbList","@id":"https:\/\/www.tair.pe\/web2.0\/acerca-de-tair\/#breadcrumb","itemListElement":[{"@type":"ListItem","position":1,"name":"Home","item":"https:\/\/www.tair.pe\/web2.0\/"},{"@type":"ListItem","position":2,"name":"Acerca de TAIR"}]},{"@type":"WebSite","@id":"https:\/\/www.tair.pe\/web2.0\/#website","url":"https:\/\/www.tair.pe\/web2.0\/","name":"Tair Renting","description":"Renting y Leasing Operativo de veh\u00edculos en Per\u00fa, administraci\u00f3n y gesti\u00f3n de flotas a mediano y largo plazo. Telf.(511)230-2828 renting@tair.pe","publisher":{"@id":"https:\/\/www.tair.pe\/web2.0\/#organization"},"potentialAction":[{"@type":"SearchAction","target":{"@type":"EntryPoint","urlTemplate":"https:\/\/www.tair.pe\/web2.0\/?s={search_term_string}"},"query-input":{"@type":"PropertyValueSpecification","valueRequired":true,"valueName":"search_term_string"}}],"inLanguage":"es"},{"@type":"Organization","@id":"https:\/\/www.tair.pe\/web2.0\/#organization","name":"Tair Renting","url":"https:\/\/www.tair.pe\/web2.0\/","logo":{"@type":"ImageObject","inLanguage":"es","@id":"https:\/\/www.tair.pe\/web2.0\/#\/schema\/logo\/image\/","url":"https:\/\/www.tair.pe\/web2.0\/wp-content\/uploads\/2025\/01\/LOGO.png","contentUrl":"https:\/\/www.tair.pe\/web2.0\/wp-content\/uploads\/2025\/01\/LOGO.png","width":400,"height":257,"caption":"Tair Renting"},"image":{"@id":"https:\/\/www.tair.pe\/web2.0\/#\/schema\/logo\/image\/"},"sameAs":["https:\/\/www.facebook.com\/people\/Tair-Renting\/100064156449554\/","https:\/\/pe.linkedin.com\/company\/tair-renting","https:\/\/www.instagram.com\/tair.renting\/"]}]}},"_links":{"self":[{"href":"https:\/\/www.tair.pe\/web2.0\/wp-json\/wp\/v2\/pages\/3271","targetHints":{"allow":["GET"]}}],"collection":[{"href":"https:\/\/www.tair.pe\/web2.0\/wp-json\/wp\/v2\/pages"}],"about":[{"href":"https:\/\/www.tair.pe\/web2.0\/wp-json\/wp\/v2\/types\/page"}],"author":[{"embeddable":true,"href":"https:\/\/www.tair.pe\/web2.0\/wp-json\/wp\/v2\/users\/1"}],"replies":[{"embeddable":true,"href":"https:\/\/www.tair.pe\/web2.0\/wp-json\/wp\/v2\/comments?post=3271"}],"version-history":[{"count":5,"href":"https:\/\/www.tair.pe\/web2.0\/wp-json\/wp\/v2\/pages\/3271\/revisions"}],"predecessor-version":[{"id":7401,"href":"https:\/\/www.tair.pe\/web2.0\/wp-json\/wp\/v2\/pages\/3271\/revisions\/7401"}],"wp:attachment":[{"href":"https:\/\/www.tair.pe\/web2.0\/wp-json\/wp\/v2\/media?parent=3271"}],"curies":[{"name":"wp","href":"https:\/\/api.w.org\/{rel}","templated":true}]}}