{"id":3289,"date":"2025-01-18T04:35:47","date_gmt":"2025-01-18T04:35:47","guid":{"rendered":"https:\/\/www.tair.pe\/web2.0\/?page_id=3289"},"modified":"2026-04-21T14:23:43","modified_gmt":"2026-04-21T14:23:43","slug":"contactenos","status":"publish","type":"page","link":"https:\/\/www.tair.pe\/web2.0\/contactenos\/","title":{"rendered":"Cont\u00e1ctenos"},"content":{"rendered":"\t\t<div data-elementor-type=\"wp-page\" data-elementor-id=\"3289\" class=\"elementor elementor-3289\" data-elementor-post-type=\"page\">\n\t\t\t\t<div class=\"elementor-element elementor-element-51928db e-flex e-con-boxed e-con e-parent\" data-id=\"51928db\" data-element_type=\"container\" data-e-type=\"container\">\n\t\t\t\t\t<div class=\"e-con-inner\">\n\t\t\t\t<div class=\"elementor-element elementor-element-44cc772 elementor-widget elementor-widget-heading\" data-id=\"44cc772\" data-element_type=\"widget\" data-e-type=\"widget\" data-widget_type=\"heading.default\">\n\t\t\t\t<div class=\"elementor-widget-container\">\n\t\t\t\t\t<h2 class=\"elementor-heading-title elementor-size-default\">Cont\u00e1ctenos<\/h2>\t\t\t\t<\/div>\n\t\t\t\t<\/div>\n\t\t\t\t\t<\/div>\n\t\t\t\t<\/div>\n\t\t<div class=\"elementor-element elementor-element-3030c1e e-con-full e-flex e-con e-parent\" data-id=\"3030c1e\" data-element_type=\"container\" data-e-type=\"container\">\n\t\t\t\t<div class=\"elementor-element elementor-element-dd60253 elementor-widget elementor-widget-google_maps\" data-id=\"dd60253\" data-element_type=\"widget\" data-e-type=\"widget\" data-widget_type=\"google_maps.default\">\n\t\t\t\t<div class=\"elementor-widget-container\">\n\t\t\t\t\t\t\t<div class=\"elementor-custom-embed\">\n\t\t\t<iframe loading=\"lazy\"\n\t\t\t\t\tsrc=\"https:\/\/maps.google.com\/maps?q=Tair%20Renting%2C%20Ate&#038;t=m&#038;z=16&#038;output=embed&#038;iwloc=near\"\n\t\t\t\t\ttitle=\"Tair Renting, Ate\"\n\t\t\t\t\taria-label=\"Tair Renting, Ate\"\n\t\t\t><\/iframe>\n\t\t<\/div>\n\t\t\t\t\t\t<\/div>\n\t\t\t\t<\/div>\n\t\t\t\t<\/div>\n\t\t<div class=\"elementor-element elementor-element-b0c88a3 e-flex e-con-boxed e-con e-parent\" data-id=\"b0c88a3\" data-element_type=\"container\" data-e-type=\"container\">\n\t\t\t\t\t<div class=\"e-con-inner\">\n\t\t<div class=\"elementor-element elementor-element-af3c4b8 e-con-full e-flex e-con e-child\" data-id=\"af3c4b8\" data-element_type=\"container\" data-e-type=\"container\" data-settings=\"{&quot;background_background&quot;:&quot;classic&quot;}\">\n\t\t\t\t<div class=\"elementor-element elementor-element-8c65a1d elementor-widget elementor-widget-wpforms\" data-id=\"8c65a1d\" data-element_type=\"widget\" data-e-type=\"widget\" data-widget_type=\"wpforms.default\">\n\t\t\t\t<div class=\"elementor-widget-container\">\n\t\t\t\t\t<style id=\"wpforms-css-vars-root\">\n\t\t\t\t:root {\n\t\t\t\t\t--wpforms-field-border-radius: 3px;\n--wpforms-field-border-style: solid;\n--wpforms-field-border-size: 1px;\n--wpforms-field-background-color: #ffffff;\n--wpforms-field-border-color: rgba( 0, 0, 0, 0.25 );\n--wpforms-field-border-color-spare: rgba( 0, 0, 0, 0.25 );\n--wpforms-field-text-color: rgba( 0, 0, 0, 0.7 );\n--wpforms-field-menu-color: #ffffff;\n--wpforms-label-color: rgba( 0, 0, 0, 0.85 );\n--wpforms-label-sublabel-color: rgba( 0, 0, 0, 0.55 );\n--wpforms-label-error-color: #d63637;\n--wpforms-button-border-radius: 3px;\n--wpforms-button-border-style: none;\n--wpforms-button-border-size: 1px;\n--wpforms-button-background-color: #066aab;\n--wpforms-button-border-color: #066aab;\n--wpforms-button-text-color: #ffffff;\n--wpforms-page-break-color: #066aab;\n--wpforms-background-image: none;\n--wpforms-background-position: center center;\n--wpforms-background-repeat: no-repeat;\n--wpforms-background-size: cover;\n--wpforms-background-width: 100px;\n--wpforms-background-height: 100px;\n--wpforms-background-color: rgba( 0, 0, 0, 0 );\n--wpforms-background-url: none;\n--wpforms-container-padding: 0px;\n--wpforms-container-border-style: none;\n--wpforms-container-border-width: 1px;\n--wpforms-container-border-color: #000000;\n--wpforms-container-border-radius: 3px;\n--wpforms-field-size-input-height: 43px;\n--wpforms-field-size-input-spacing: 15px;\n--wpforms-field-size-font-size: 16px;\n--wpforms-field-size-line-height: 19px;\n--wpforms-field-size-padding-h: 14px;\n--wpforms-field-size-checkbox-size: 16px;\n--wpforms-field-size-sublabel-spacing: 5px;\n--wpforms-field-size-icon-size: 1;\n--wpforms-label-size-font-size: 16px;\n--wpforms-label-size-line-height: 19px;\n--wpforms-label-size-sublabel-font-size: 14px;\n--wpforms-label-size-sublabel-line-height: 17px;\n--wpforms-button-size-font-size: 17px;\n--wpforms-button-size-height: 41px;\n--wpforms-button-size-padding-h: 15px;\n--wpforms-button-size-margin-top: 10px;\n--wpforms-container-shadow-size-box-shadow: none;\n\n\t\t\t\t}\n\t\t\t<\/style><style id=\"wpforms-css-vars-elementor-widget-8c65a1d\">\n\t\t\t\t.elementor-widget-wpforms.elementor-element-8c65a1d {\n\t\t\t\t\t--wpforms-field-size-input-height: 43px;\n--wpforms-field-size-input-spacing: 15px;\n--wpforms-field-size-font-size: 16px;\n--wpforms-field-size-line-height: 19px;\n--wpforms-field-size-padding-h: 14px;\n--wpforms-field-size-checkbox-size: 16px;\n--wpforms-field-size-sublabel-spacing: 5px;\n--wpforms-field-size-icon-size: 1;\n--wpforms-label-size-font-size: 16px;\n--wpforms-label-size-line-height: 19px;\n--wpforms-label-size-sublabel-font-size: 14px;\n--wpforms-label-size-sublabel-line-height: 17px;\n--wpforms-button-size-font-size: 17px;\n--wpforms-button-size-height: 41px;\n--wpforms-button-size-padding-h: 15px;\n--wpforms-button-size-margin-top: 10px;\n\n\t\t\t\t}\n\t\t\t<\/style><div class=\"wpforms-container wpforms-container-full wpforms-render-modern\" id=\"wpforms-3672\"><form id=\"wpforms-form-3672\" class=\"wpforms-validate wpforms-form wpforms-ajax-form\" data-formid=\"3672\" method=\"post\" enctype=\"multipart\/form-data\" action=\"\/web2.0\/wp-json\/wp\/v2\/pages\/3289\" data-token=\"03152045204f69506d1ef0d9da84c4a6\" data-token-time=\"1776949711\"><noscript class=\"wpforms-error-noscript\">Por favor, activa JavaScript en tu navegador para completar este formulario.<\/noscript><div class=\"wpforms-hidden\" id=\"wpforms-error-noscript\">Por favor, activa JavaScript en tu navegador para completar este formulario.<\/div><div class=\"wpforms-field-container\"><div id=\"wpforms-3672-field_22-container\" class=\"wpforms-field wpforms-field-layout\" data-field-id=\"22\"><div class=\"wpforms-field-layout-rows wpforms-field-large\"><div class=\"wpforms-layout-row\"><div class=\"wpforms-layout-column wpforms-layout-column-100\"><div id=\"wpforms-3672-field_19-container\" class=\"wpforms-field wpforms-field-select wpforms-field-select-style-modern\" data-field-id=\"19\"><select id=\"wpforms-3672-field_19\" class=\"wpforms-field-large wpforms-field-required choicesjs-select\" data-size-class=\"wpforms-field-row wpforms-field-large\" data-search-enabled=\"1\" name=\"wpforms[fields][19]\" required=\"required\"><option value=\"\" class=\"placeholder\" disabled  selected='selected'>Categor\u00eda Veh\u00edculos<\/option><option value=\"Categor\u00eda Veh\u00edculos\" >Categor\u00eda Veh\u00edculos<\/option><option value=\"Autos compactos\" >Autos compactos<\/option><option value=\"Autos sedanes\" >Autos sedanes<\/option><option value=\"Autos de alta gama\" >Autos de alta gama<\/option><option value=\"Autos el\u00e9ctricos\" >Autos el\u00e9ctricos<\/option><option value=\"Autos H\u00edbridos\" >Autos H\u00edbridos<\/option><option value=\"SUVs\" >SUVs<\/option><option value=\"SUVs hibridas\" >SUVs hibridas<\/option><option value=\"SUV el\u00e9ctricas\" >SUV el\u00e9ctricas<\/option><option value=\"Pickup 4x2\" >Pickup 4x2<\/option><option value=\"Pickup 4x4\" >Pickup 4x4<\/option><option value=\"Pickup 4x4 equipadas\" >Pickup 4x4 equipadas<\/option><option value=\"Vans\" >Vans<\/option><option value=\"Minibus\" >Minibus<\/option><option value=\"Buses\" >Buses<\/option><option value=\"Furgonetas\" >Furgonetas<\/option><option value=\"Camiones\" >Camiones<\/option><option value=\"Trailers\" >Trailers<\/option><option value=\"Volquetes\" >Volquetes<\/option><option value=\"Maquinaria Amarilla\" >Maquinaria Amarilla<\/option><option value=\"MAquinaria Agr\u00edgola\" >MAquinaria Agr\u00edgola<\/option><\/select><\/div><\/div><\/div><\/div><\/div><div id=\"wpforms-3672-field_3-container\" class=\"wpforms-field wpforms-field-textarea\" data-field-id=\"3\"><textarea id=\"wpforms-3672-field_3\" class=\"wpforms-field-medium\" name=\"wpforms[fields][3]\" placeholder=\"Detalle marca, modelo, tipo de equipamiento, otros.\" aria-errormessage=\"wpforms-3672-field_3-error\" ><\/textarea><\/div><div id=\"wpforms-3672-field_20-container\" class=\"wpforms-field wpforms-field-layout\" data-field-id=\"20\"><div class=\"wpforms-field-layout-rows wpforms-field-large\"><div class=\"wpforms-layout-row\"><div class=\"wpforms-layout-column wpforms-layout-column-50\"><div id=\"wpforms-3672-field_23-container\" class=\"wpforms-field wpforms-field-number\" data-field-id=\"23\"><input type=\"number\" id=\"wpforms-3672-field_23\" class=\"wpforms-field-medium\" name=\"wpforms[fields][23]\" placeholder=\"Cantidad de Flota\" aria-errormessage=\"wpforms-3672-field_23-error\" ><\/div><\/div><div class=\"wpforms-layout-column wpforms-layout-column-50\"><div id=\"wpforms-3672-field_24-container\" class=\"wpforms-field wpforms-field-number\" data-field-id=\"24\"><input type=\"number\" id=\"wpforms-3672-field_24\" class=\"wpforms-field-medium\" name=\"wpforms[fields][24]\" placeholder=\"Tiempo de renting\" aria-errormessage=\"wpforms-3672-field_24-error\" ><\/div><\/div><\/div><div class=\"wpforms-layout-row\"><div class=\"wpforms-layout-column wpforms-layout-column-50\"><div id=\"wpforms-3672-field_13-container\" class=\"wpforms-field wpforms-field-text\" data-field-id=\"13\"><input type=\"text\" id=\"wpforms-3672-field_13\" class=\"wpforms-field-large wpforms-field-required\" name=\"wpforms[fields][13]\" placeholder=\"Raz\u00f3n Social\" aria-errormessage=\"wpforms-3672-field_13-error\" required><\/div><\/div><div class=\"wpforms-layout-column wpforms-layout-column-50\"><div id=\"wpforms-3672-field_14-container\" class=\"wpforms-field wpforms-field-text\" data-field-id=\"14\"><input type=\"text\" id=\"wpforms-3672-field_14\" class=\"wpforms-field-large wpforms-field-required\" name=\"wpforms[fields][14]\" placeholder=\"Nro. de RUC\" aria-errormessage=\"wpforms-3672-field_14-error\" required><\/div><\/div><\/div><div class=\"wpforms-layout-row\"><div class=\"wpforms-layout-column wpforms-layout-column-50\"><div id=\"wpforms-3672-field_16-container\" class=\"wpforms-field wpforms-field-text\" data-field-id=\"16\"><input type=\"text\" id=\"wpforms-3672-field_16\" class=\"wpforms-field-large wpforms-field-required\" name=\"wpforms[fields][16]\" placeholder=\"Nombre y Apellido\" aria-errormessage=\"wpforms-3672-field_16-error\" required><\/div><\/div><div class=\"wpforms-layout-column wpforms-layout-column-50\"><div id=\"wpforms-3672-field_15-container\" class=\"wpforms-field wpforms-field-text\" data-field-id=\"15\"><input type=\"text\" id=\"wpforms-3672-field_15\" class=\"wpforms-field-large\" name=\"wpforms[fields][15]\" placeholder=\"Cargo\" aria-errormessage=\"wpforms-3672-field_15-error\" ><\/div><\/div><\/div><div class=\"wpforms-layout-row\"><div class=\"wpforms-layout-column wpforms-layout-column-50\"><div id=\"wpforms-3672-field_2-container\" class=\"wpforms-field wpforms-field-email\" data-field-id=\"2\"><input type=\"email\" id=\"wpforms-3672-field_2\" class=\"wpforms-field-large wpforms-field-required\" name=\"wpforms[fields][2]\" placeholder=\"Correo electr\u00f3nico\" spellcheck=\"false\" aria-errormessage=\"wpforms-3672-field_2-error\" required><\/div><\/div><div class=\"wpforms-layout-column wpforms-layout-column-50\"><div id=\"wpforms-3672-field_18-container\" class=\"wpforms-field wpforms-field-text\" data-field-id=\"18\"><input type=\"text\" id=\"wpforms-3672-field_18\" class=\"wpforms-field-medium wpforms-field-required\" name=\"wpforms[fields][18]\" placeholder=\"Tel\u00e9fono\" aria-errormessage=\"wpforms-3672-field_18-error\" required><\/div><\/div><\/div><\/div><\/div><\/div><!-- .wpforms-field-container --><div class=\"wpforms-submit-container\" ><input type=\"hidden\" name=\"wpforms[id]\" value=\"3672\"><input type=\"hidden\" name=\"page_title\" value=\"\"><input type=\"hidden\" name=\"page_url\" value=\"https:\/\/www.tair.pe\/web2.0\/wp-json\/wp\/v2\/pages\/3289\"><button type=\"submit\" name=\"wpforms[submit]\" id=\"wpforms-submit-3672\" class=\"wpforms-submit\" data-alt-text=\"Enviando...\" data-submit-text=\"Enviar\" aria-live=\"assertive\" value=\"wpforms-submit\">Enviar<\/button><img decoding=\"async\" src=\"https:\/\/www.tair.pe\/web2.0\/wp-content\/plugins\/wpforms\/assets\/images\/submit-spin.svg\" class=\"wpforms-submit-spinner\" style=\"display: none;\" width=\"26\" height=\"26\" alt=\"Cargando\"><\/div><\/form><\/div>  <!-- .wpforms-container -->\t\t\t\t<\/div>\n\t\t\t\t<\/div>\n\t\t\t\t<\/div>\n\t\t<div class=\"elementor-element elementor-element-93a7891 e-con-full e-flex e-con e-child\" data-id=\"93a7891\" data-element_type=\"container\" data-e-type=\"container\">\n\t\t\t\t<div class=\"elementor-element elementor-element-e3d34e9 elementor-widget elementor-widget-text-editor\" data-id=\"e3d34e9\" data-element_type=\"widget\" data-e-type=\"widget\" data-widget_type=\"text-editor.default\">\n\t\t\t\t<div class=\"elementor-widget-container\">\n\t\t\t\t\t\t\t\t\t<p><span style=\"color: #2a6da5;\"><strong>Oficina Central<\/strong><\/span><\/p><p><span style=\"color: #000000;\"><strong>Telf.\u00a0<\/strong><span style=\"color: #2a6da5;\"><a style=\"color: #2a6da5;\" href=\"tel:+5112302828\">+511 230 2828\u00a0 <\/a><\/span><strong><a style=\"color: #000000;\" href=\"tel:+5112302828\">| <\/a><\/strong><span style=\"color: #2a6da5;\"><a style=\"color: #2a6da5;\" href=\"mailto:renting@tair.pe\"><span style=\"color: #2a6da5;\">renting@tair.pe<\/span><\/a><\/span><\/span><\/p><p>Av. Bolognesi 495 &#8211; Urbanizaci\u00f3n los Ficus &#8211; Santa Anita, Lima<\/p><p><span style=\"color: #2a6da5;\"><strong>Oficina Comercial y de Ventas<\/strong><\/span><br \/><strong>Telf.<\/strong>\u00a0<a href=\"tel:+5112302828\">+511 230 2828<\/a> opci\u00f3n 01 o anexo 231<\/p><p><span style=\"color: #2a6da5;\"><strong>Leasing de veh\u00edculos<\/strong>: <\/span><strong>\u00a0Cel.<\/strong>\u00a0<a href=\"tel:+51947247822\">+51 947 247 822<\/a> | <strong>Cel.<\/strong>\u00a0<a href=\"tel:+51914655733\">+51 914 655 733<\/a> |\u00a0<\/p><p><span style=\"color: #2a6da5;\"><strong>Oficina Arequipa<\/strong><\/span><br \/>Variante Uchumayo Km. 1.5, Arequipa<br \/><strong>Cel.<\/strong>\u00a0<a href=\"tel:+51958954645\">+51 958 954 645<\/a>\u00a0\u00a0\u00a0\u00a0<\/p><p><span style=\"color: #2a6da5;\"><strong>Central de Emergencia PNP<\/strong><\/span><br \/><strong>Horario de Atenci\u00f3n<\/strong><br \/>de 8.30 am a 5.30 pm<br \/><strong>Telf.<\/strong>\u00a0<a href=\"tel:+5114800350\">+511 480 0350<\/a><br \/><strong>Cel.<\/strong>\u00a0<a href=\"tel:+51958 286817\">+51 958 286 817<\/a><\/p><p>de 5.30 pm a 8.30 am<br \/><strong>Cel.<\/strong>\u00a0<a href=\"tel:+51989 360658\">+51 989 360 658<\/a><\/p><p><span style=\"color: #2a6da5;\"><strong>Veh\u00edculos en venta<\/strong><\/span><br \/><strong>Cel.<\/strong> +51 943 732 307 | <a href=\"mailto:operaciones2@tair.pe\"><span style=\"color: #2a6da5;\">operaciones2@tair.pe<\/span><\/a><\/p>\t\t\t\t\t\t\t\t<\/div>\n\t\t\t\t<\/div>\n\t\t\t\t<\/div>\n\t\t\t\t\t<\/div>\n\t\t\t\t<\/div>\n\t\t\t\t<\/div>\n\t\t","protected":false},"excerpt":{"rendered":"<p>Cont\u00e1ctenos Por favor, activa JavaScript en tu navegador para completar este formulario.Por favor, activa JavaScript en tu navegador para completar este formulario.Categor\u00eda Veh\u00edculoCategor\u00eda Veh\u00edculoAutos comercialesAutos de alta gamaCamionesCamionetasFurgonetasMaquinaria agr\u00edcolaMaquinaria pesadaSUVVan Enviar Oficina Central Telf.\u00a0+511 230 2828\u00a0 | renting@tair.pe Av. Bolognesi 495 &#8211; Urbanizaci\u00f3n los Ficus &#8211; Santa Anita, Lima Oficina Comercial y de VentasTelf.\u00a0+511 230 [&hellip;]<\/p>\n","protected":false},"author":1,"featured_media":0,"parent":0,"menu_order":0,"comment_status":"closed","ping_status":"closed","template":"","meta":{"nf_dc_page":"","footnotes":""},"class_list":["post-3289","page","type-page","status-publish","hentry"],"yoast_head":"<!-- This site is optimized with the Yoast SEO plugin v27.4 - https:\/\/yoast.com\/product\/yoast-seo-wordpress\/ -->\n<title>Cont\u00e1ctenos - Tair Renting<\/title>\n<meta name=\"robots\" content=\"index, follow, max-snippet:-1, max-image-preview:large, max-video-preview:-1\" \/>\n<link rel=\"canonical\" href=\"https:\/\/www.tair.pe\/web2.0\/contactenos\/\" \/>\n<meta property=\"og:locale\" content=\"es_ES\" \/>\n<meta property=\"og:type\" content=\"article\" \/>\n<meta property=\"og:title\" content=\"Cont\u00e1ctenos - Tair Renting\" \/>\n<meta property=\"og:description\" content=\"Cont\u00e1ctenos Por favor, activa JavaScript en tu navegador para completar este formulario.Por favor, activa JavaScript en tu navegador para completar este formulario.Categor\u00eda Veh\u00edculoCategor\u00eda Veh\u00edculoAutos comercialesAutos de alta gamaCamionesCamionetasFurgonetasMaquinaria agr\u00edcolaMaquinaria pesadaSUVVan Enviar Oficina Central Telf.\u00a0+511 230 2828\u00a0 | renting@tair.pe Av. Bolognesi 495 &#8211; Urbanizaci\u00f3n los Ficus &#8211; Santa Anita, Lima Oficina Comercial y de VentasTelf.\u00a0+511 230 [&hellip;]\" \/>\n<meta property=\"og:url\" content=\"https:\/\/www.tair.pe\/web2.0\/contactenos\/\" \/>\n<meta property=\"og:site_name\" content=\"Tair Renting\" \/>\n<meta property=\"article:publisher\" content=\"https:\/\/www.facebook.com\/people\/Tair-Renting\/100064156449554\/\" \/>\n<meta property=\"article:modified_time\" content=\"2026-04-21T14:23:43+00:00\" \/>\n<meta property=\"og:image\" content=\"https:\/\/www.tair.pe\/web2.0\/wp-content\/plugins\/wpforms\/assets\/images\/submit-spin.svg\" \/>\n<meta name=\"twitter:card\" content=\"summary_large_image\" \/>\n<meta name=\"twitter:label1\" content=\"Tiempo de lectura\" \/>\n\t<meta name=\"twitter:data1\" content=\"1 minuto\" \/>\n<script type=\"application\/ld+json\" class=\"yoast-schema-graph\">{\"@context\":\"https:\\\/\\\/schema.org\",\"@graph\":[{\"@type\":\"WebPage\",\"@id\":\"https:\\\/\\\/www.tair.pe\\\/web2.0\\\/contactenos\\\/\",\"url\":\"https:\\\/\\\/www.tair.pe\\\/web2.0\\\/contactenos\\\/\",\"name\":\"Cont\u00e1ctenos - Tair Renting\",\"isPartOf\":{\"@id\":\"https:\\\/\\\/www.tair.pe\\\/web2.0\\\/#website\"},\"primaryImageOfPage\":{\"@id\":\"https:\\\/\\\/www.tair.pe\\\/web2.0\\\/contactenos\\\/#primaryimage\"},\"image\":{\"@id\":\"https:\\\/\\\/www.tair.pe\\\/web2.0\\\/contactenos\\\/#primaryimage\"},\"thumbnailUrl\":\"https:\\\/\\\/www.tair.pe\\\/web2.0\\\/wp-content\\\/plugins\\\/wpforms\\\/assets\\\/images\\\/submit-spin.svg\",\"datePublished\":\"2025-01-18T04:35:47+00:00\",\"dateModified\":\"2026-04-21T14:23:43+00:00\",\"breadcrumb\":{\"@id\":\"https:\\\/\\\/www.tair.pe\\\/web2.0\\\/contactenos\\\/#breadcrumb\"},\"inLanguage\":\"es\",\"potentialAction\":[{\"@type\":\"ReadAction\",\"target\":[\"https:\\\/\\\/www.tair.pe\\\/web2.0\\\/contactenos\\\/\"]}]},{\"@type\":\"ImageObject\",\"inLanguage\":\"es\",\"@id\":\"https:\\\/\\\/www.tair.pe\\\/web2.0\\\/contactenos\\\/#primaryimage\",\"url\":\"https:\\\/\\\/www.tair.pe\\\/web2.0\\\/wp-content\\\/plugins\\\/wpforms\\\/assets\\\/images\\\/submit-spin.svg\",\"contentUrl\":\"https:\\\/\\\/www.tair.pe\\\/web2.0\\\/wp-content\\\/plugins\\\/wpforms\\\/assets\\\/images\\\/submit-spin.svg\"},{\"@type\":\"BreadcrumbList\",\"@id\":\"https:\\\/\\\/www.tair.pe\\\/web2.0\\\/contactenos\\\/#breadcrumb\",\"itemListElement\":[{\"@type\":\"ListItem\",\"position\":1,\"name\":\"Home\",\"item\":\"https:\\\/\\\/www.tair.pe\\\/web2.0\\\/\"},{\"@type\":\"ListItem\",\"position\":2,\"name\":\"Cont\u00e1ctenos\"}]},{\"@type\":\"WebSite\",\"@id\":\"https:\\\/\\\/www.tair.pe\\\/web2.0\\\/#website\",\"url\":\"https:\\\/\\\/www.tair.pe\\\/web2.0\\\/\",\"name\":\"Tair Renting\",\"description\":\"Renting y Leasing Operativo de veh\u00edculos en Per\u00fa, administraci\u00f3n y gesti\u00f3n de flotas a mediano y largo plazo. Telf.(511)230-2828 renting@tair.pe\",\"publisher\":{\"@id\":\"https:\\\/\\\/www.tair.pe\\\/web2.0\\\/#organization\"},\"potentialAction\":[{\"@type\":\"SearchAction\",\"target\":{\"@type\":\"EntryPoint\",\"urlTemplate\":\"https:\\\/\\\/www.tair.pe\\\/web2.0\\\/?s={search_term_string}\"},\"query-input\":{\"@type\":\"PropertyValueSpecification\",\"valueRequired\":true,\"valueName\":\"search_term_string\"}}],\"inLanguage\":\"es\"},{\"@type\":\"Organization\",\"@id\":\"https:\\\/\\\/www.tair.pe\\\/web2.0\\\/#organization\",\"name\":\"Tair Renting\",\"url\":\"https:\\\/\\\/www.tair.pe\\\/web2.0\\\/\",\"logo\":{\"@type\":\"ImageObject\",\"inLanguage\":\"es\",\"@id\":\"https:\\\/\\\/www.tair.pe\\\/web2.0\\\/#\\\/schema\\\/logo\\\/image\\\/\",\"url\":\"https:\\\/\\\/www.tair.pe\\\/web2.0\\\/wp-content\\\/uploads\\\/2025\\\/01\\\/LOGO.png\",\"contentUrl\":\"https:\\\/\\\/www.tair.pe\\\/web2.0\\\/wp-content\\\/uploads\\\/2025\\\/01\\\/LOGO.png\",\"width\":400,\"height\":257,\"caption\":\"Tair Renting\"},\"image\":{\"@id\":\"https:\\\/\\\/www.tair.pe\\\/web2.0\\\/#\\\/schema\\\/logo\\\/image\\\/\"},\"sameAs\":[\"https:\\\/\\\/www.facebook.com\\\/people\\\/Tair-Renting\\\/100064156449554\\\/\",\"https:\\\/\\\/pe.linkedin.com\\\/company\\\/tair-renting\",\"https:\\\/\\\/www.instagram.com\\\/tair.renting\\\/\"]}]}<\/script>\n<!-- \/ Yoast SEO plugin. -->","yoast_head_json":{"title":"Cont\u00e1ctenos - Tair Renting","robots":{"index":"index","follow":"follow","max-snippet":"max-snippet:-1","max-image-preview":"max-image-preview:large","max-video-preview":"max-video-preview:-1"},"canonical":"https:\/\/www.tair.pe\/web2.0\/contactenos\/","og_locale":"es_ES","og_type":"article","og_title":"Cont\u00e1ctenos - Tair Renting","og_description":"Cont\u00e1ctenos Por favor, activa JavaScript en tu navegador para completar este formulario.Por favor, activa JavaScript en tu navegador para completar este formulario.Categor\u00eda Veh\u00edculoCategor\u00eda Veh\u00edculoAutos comercialesAutos de alta gamaCamionesCamionetasFurgonetasMaquinaria agr\u00edcolaMaquinaria pesadaSUVVan Enviar Oficina Central Telf.\u00a0+511 230 2828\u00a0 | renting@tair.pe Av. Bolognesi 495 &#8211; Urbanizaci\u00f3n los Ficus &#8211; Santa Anita, Lima Oficina Comercial y de VentasTelf.\u00a0+511 230 [&hellip;]","og_url":"https:\/\/www.tair.pe\/web2.0\/contactenos\/","og_site_name":"Tair Renting","article_publisher":"https:\/\/www.facebook.com\/people\/Tair-Renting\/100064156449554\/","article_modified_time":"2026-04-21T14:23:43+00:00","og_image":[{"url":"https:\/\/www.tair.pe\/web2.0\/wp-content\/plugins\/wpforms\/assets\/images\/submit-spin.svg","type":"","width":"","height":""}],"twitter_card":"summary_large_image","twitter_misc":{"Tiempo de lectura":"1 minuto"},"schema":{"@context":"https:\/\/schema.org","@graph":[{"@type":"WebPage","@id":"https:\/\/www.tair.pe\/web2.0\/contactenos\/","url":"https:\/\/www.tair.pe\/web2.0\/contactenos\/","name":"Cont\u00e1ctenos - Tair Renting","isPartOf":{"@id":"https:\/\/www.tair.pe\/web2.0\/#website"},"primaryImageOfPage":{"@id":"https:\/\/www.tair.pe\/web2.0\/contactenos\/#primaryimage"},"image":{"@id":"https:\/\/www.tair.pe\/web2.0\/contactenos\/#primaryimage"},"thumbnailUrl":"https:\/\/www.tair.pe\/web2.0\/wp-content\/plugins\/wpforms\/assets\/images\/submit-spin.svg","datePublished":"2025-01-18T04:35:47+00:00","dateModified":"2026-04-21T14:23:43+00:00","breadcrumb":{"@id":"https:\/\/www.tair.pe\/web2.0\/contactenos\/#breadcrumb"},"inLanguage":"es","potentialAction":[{"@type":"ReadAction","target":["https:\/\/www.tair.pe\/web2.0\/contactenos\/"]}]},{"@type":"ImageObject","inLanguage":"es","@id":"https:\/\/www.tair.pe\/web2.0\/contactenos\/#primaryimage","url":"https:\/\/www.tair.pe\/web2.0\/wp-content\/plugins\/wpforms\/assets\/images\/submit-spin.svg","contentUrl":"https:\/\/www.tair.pe\/web2.0\/wp-content\/plugins\/wpforms\/assets\/images\/submit-spin.svg"},{"@type":"BreadcrumbList","@id":"https:\/\/www.tair.pe\/web2.0\/contactenos\/#breadcrumb","itemListElement":[{"@type":"ListItem","position":1,"name":"Home","item":"https:\/\/www.tair.pe\/web2.0\/"},{"@type":"ListItem","position":2,"name":"Cont\u00e1ctenos"}]},{"@type":"WebSite","@id":"https:\/\/www.tair.pe\/web2.0\/#website","url":"https:\/\/www.tair.pe\/web2.0\/","name":"Tair Renting","description":"Renting y Leasing Operativo de veh\u00edculos en Per\u00fa, administraci\u00f3n y gesti\u00f3n de flotas a mediano y largo plazo. Telf.(511)230-2828 renting@tair.pe","publisher":{"@id":"https:\/\/www.tair.pe\/web2.0\/#organization"},"potentialAction":[{"@type":"SearchAction","target":{"@type":"EntryPoint","urlTemplate":"https:\/\/www.tair.pe\/web2.0\/?s={search_term_string}"},"query-input":{"@type":"PropertyValueSpecification","valueRequired":true,"valueName":"search_term_string"}}],"inLanguage":"es"},{"@type":"Organization","@id":"https:\/\/www.tair.pe\/web2.0\/#organization","name":"Tair Renting","url":"https:\/\/www.tair.pe\/web2.0\/","logo":{"@type":"ImageObject","inLanguage":"es","@id":"https:\/\/www.tair.pe\/web2.0\/#\/schema\/logo\/image\/","url":"https:\/\/www.tair.pe\/web2.0\/wp-content\/uploads\/2025\/01\/LOGO.png","contentUrl":"https:\/\/www.tair.pe\/web2.0\/wp-content\/uploads\/2025\/01\/LOGO.png","width":400,"height":257,"caption":"Tair Renting"},"image":{"@id":"https:\/\/www.tair.pe\/web2.0\/#\/schema\/logo\/image\/"},"sameAs":["https:\/\/www.facebook.com\/people\/Tair-Renting\/100064156449554\/","https:\/\/pe.linkedin.com\/company\/tair-renting","https:\/\/www.instagram.com\/tair.renting\/"]}]}},"_links":{"self":[{"href":"https:\/\/www.tair.pe\/web2.0\/wp-json\/wp\/v2\/pages\/3289","targetHints":{"allow":["GET"]}}],"collection":[{"href":"https:\/\/www.tair.pe\/web2.0\/wp-json\/wp\/v2\/pages"}],"about":[{"href":"https:\/\/www.tair.pe\/web2.0\/wp-json\/wp\/v2\/types\/page"}],"author":[{"embeddable":true,"href":"https:\/\/www.tair.pe\/web2.0\/wp-json\/wp\/v2\/users\/1"}],"replies":[{"embeddable":true,"href":"https:\/\/www.tair.pe\/web2.0\/wp-json\/wp\/v2\/comments?post=3289"}],"version-history":[{"count":5,"href":"https:\/\/www.tair.pe\/web2.0\/wp-json\/wp\/v2\/pages\/3289\/revisions"}],"predecessor-version":[{"id":7320,"href":"https:\/\/www.tair.pe\/web2.0\/wp-json\/wp\/v2\/pages\/3289\/revisions\/7320"}],"wp:attachment":[{"href":"https:\/\/www.tair.pe\/web2.0\/wp-json\/wp\/v2\/media?parent=3289"}],"curies":[{"name":"wp","href":"https:\/\/api.w.org\/{rel}","templated":true}]}}