{"id":4122,"date":"2025-03-28T04:19:59","date_gmt":"2025-03-28T04:19:59","guid":{"rendered":"https:\/\/www.tair.pe\/web2.0\/?page_id=4122"},"modified":"2025-09-26T16:54:07","modified_gmt":"2025-09-26T16:54:07","slug":"maquinaria-agricola","status":"publish","type":"page","link":"https:\/\/www.tair.pe\/web2.0\/maquinaria-agricola\/","title":{"rendered":"MAQUINARIA AGR\u00cdCOLA"},"content":{"rendered":"\t\t<div data-elementor-type=\"wp-page\" data-elementor-id=\"4122\" class=\"elementor elementor-4122\" data-elementor-post-type=\"page\">\n\t\t\t\t<div class=\"elementor-element elementor-element-d579734 e-con-full e-flex e-con e-parent\" data-id=\"d579734\" data-element_type=\"container\" data-e-type=\"container\">\n\t\t\t\t<div class=\"elementor-element elementor-element-4f1ea46 elementor-widget elementor-widget-image\" data-id=\"4f1ea46\" data-element_type=\"widget\" data-e-type=\"widget\" data-widget_type=\"image.default\">\n\t\t\t\t<div class=\"elementor-widget-container\">\n\t\t\t\t\t\t\t\t\t\t\t\t\t\t\t<img fetchpriority=\"high\" decoding=\"async\" width=\"1920\" height=\"434\" src=\"https:\/\/www.tair.pe\/web2.0\/wp-content\/uploads\/2025\/03\/maquinaria_agricola_tair.jpeg\" class=\"attachment-full size-full wp-image-4130\" alt=\"\" srcset=\"https:\/\/www.tair.pe\/web2.0\/wp-content\/uploads\/2025\/03\/maquinaria_agricola_tair.jpeg 1920w, https:\/\/www.tair.pe\/web2.0\/wp-content\/uploads\/2025\/03\/maquinaria_agricola_tair-300x68.jpeg 300w, https:\/\/www.tair.pe\/web2.0\/wp-content\/uploads\/2025\/03\/maquinaria_agricola_tair-1024x231.jpeg 1024w, https:\/\/www.tair.pe\/web2.0\/wp-content\/uploads\/2025\/03\/maquinaria_agricola_tair-768x174.jpeg 768w, https:\/\/www.tair.pe\/web2.0\/wp-content\/uploads\/2025\/03\/maquinaria_agricola_tair-1536x347.jpeg 1536w, https:\/\/www.tair.pe\/web2.0\/wp-content\/uploads\/2025\/03\/maquinaria_agricola_tair-500x113.jpeg 500w\" sizes=\"(max-width: 1920px) 100vw, 1920px\" \/>\t\t\t\t\t\t\t\t\t\t\t\t\t\t\t<\/div>\n\t\t\t\t<\/div>\n\t\t\t\t<\/div>\n\t\t<div class=\"elementor-element elementor-element-0c11e31 e-flex e-con-boxed e-con e-parent\" data-id=\"0c11e31\" data-element_type=\"container\" data-e-type=\"container\">\n\t\t\t\t\t<div class=\"e-con-inner\">\n\t\t<div class=\"elementor-element elementor-element-0ba792e e-con-full e-flex e-con e-child\" data-id=\"0ba792e\" data-element_type=\"container\" data-e-type=\"container\">\n\t\t\t\t<div class=\"elementor-element elementor-element-f688dad elementor-widget elementor-widget-heading\" data-id=\"f688dad\" data-element_type=\"widget\" data-e-type=\"widget\" data-widget_type=\"heading.default\">\n\t\t\t\t<div class=\"elementor-widget-container\">\n\t\t\t\t\t<h2 class=\"elementor-heading-title elementor-size-default\">Maquinaria Agr\u00edcola<\/h2>\t\t\t\t<\/div>\n\t\t\t\t<\/div>\n\t\t\t\t<\/div>\n\t\t\t\t\t<\/div>\n\t\t\t\t<\/div>\n\t\t<div class=\"elementor-element elementor-element-7729480 e-flex e-con-boxed e-con e-parent\" data-id=\"7729480\" data-element_type=\"container\" data-e-type=\"container\">\n\t\t\t\t\t<div class=\"e-con-inner\">\n\t\t\t\t<div class=\"elementor-element elementor-element-8bb0097 elementor-widget elementor-widget-text-editor\" data-id=\"8bb0097\" data-element_type=\"widget\" data-e-type=\"widget\" data-widget_type=\"text-editor.default\">\n\t\t\t\t<div class=\"elementor-widget-container\">\n\t\t\t\t\t\t\t\t\t<div class=\"grilla-full-width-container\" style=\"width: 100vw; position: relative; left: 50%; right: 50%; margin-left: -50vw; margin-right: -50vw; background: #fff;\"><div class=\"layout-container\" style=\"display: flex; gap: 40px; flex-wrap: wrap; width: 100%; padding: 0 40px; box-sizing: border-box;\"><aside class=\"sidebar-marcas\" style=\"flex: 0 0 280px; min-width: 250px; padding-top: 20px;\"><h3 style=\"font-size: 1.2rem; border-bottom: 2px solid #eee; padding-bottom: 10px; margin-bottom: 20px;\">Ir a otra categor\u00eda<\/h3><ul class=\"categorias-estaticas\" style=\"list-style: none; padding: 0;\"><li style=\"margin-bottom: 12px;\"><a href=\"https:\/\/www.tair.pe\/web2.0\/web2.0\/autos-comerciales\/\" style=\"text-decoration: none; color: #333; font-weight: 500; font-size: 1.05rem;\">Autos<\/a><\/li><li style=\"margin-bottom: 12px;\"><a href=\"https:\/\/www.tair.pe\/web2.0\/web2.0\/autos-de-alta-gama\/\" style=\"text-decoration: none; color: #333; font-weight: 500; font-size: 1.05rem;\">Autos de Alta Gama<\/a><\/li><li style=\"margin-bottom: 12px;\"><a href=\"https:\/\/www.tair.pe\/web2.0\/web2.0\/camionetas\/\" style=\"text-decoration: none; color: #333; font-weight: 500; font-size: 1.05rem;\">Camionetas<\/a><\/li><li style=\"margin-bottom: 12px;\"><a href=\"https:\/\/www.tair.pe\/web2.0\/web2.0\/suvs\/\" style=\"text-decoration: none; color: #333; font-weight: 500; font-size: 1.05rem;\">SUVs<\/a><\/li><li style=\"margin-bottom: 12px;\"><a href=\"https:\/\/www.tair.pe\/web2.0\/web2.0\/furgonetas\/\" style=\"text-decoration: none; color: #333; font-weight: 500; font-size: 1.05rem;\">Furgonetas<\/a><\/li><li style=\"margin-bottom: 12px;\"><a href=\"https:\/\/www.tair.pe\/web2.0\/web2.0\/van\/\" style=\"text-decoration: none; color: #333; font-weight: 500; font-size: 1.05rem;\">Van<\/a><\/li><li style=\"margin-bottom: 12px;\"><a href=\"https:\/\/www.tair.pe\/web2.0\/web2.0\/camiones\/\" style=\"text-decoration: none; color: #333; font-weight: 500; font-size: 1.05rem;\">Camiones<\/a><\/li><li style=\"margin-bottom: 12px;\"><a href=\"https:\/\/www.tair.pe\/web2.0\/web2.0\/maquinaria-pesada\/\" style=\"text-decoration: none; color: #333; font-weight: 500; font-size: 1.05rem;\">Maquinaria Pesada<\/a><\/li><li style=\"margin-bottom: 12px;\"><a href=\"https:\/\/www.tair.pe\/web2.0\/web2.0\/maquinaria-agricola\/\" style=\"text-decoration: none; color: #333; font-weight: 500; font-size: 1.05rem;\">Maquinaria Agr\u00edcola<\/a><\/li><\/ul><\/aside><div class=\"content-area\" style=\"flex: 1; min-width: 300px; padding-top: 20px;\"><div class=\"auto-grid\" style=\"display: grid; grid-template-columns: repeat(auto-fill, minmax(280px, 1fr)); gap: 30px;\"><div class='auto-item' style='text-align: center; border: 1px solid #f0f0f0; padding: 20px; border-radius: 12px; transition: transform 0.3s ease; box-shadow: 0 4px 6px rgba(0,0,0,0.02);'>\n                        <a href='https:\/\/www.tair.pe\/web2.0\/marca\/massey-ferguson\/?categoria=maquinaria-agricola-2' style='text-decoration: none; color: inherit;'>\n                            <div class='img-wrapper' style='overflow: hidden; border-radius: 8px; margin-bottom: 15px;'>\n                                <img decoding=\"async\" width=\"800\" height=\"800\" src=\"https:\/\/www.tair.pe\/web2.0\/wp-content\/uploads\/2025\/01\/Cosechadora-MF-32-Advanced.png\" class=\"attachment-large size-large wp-post-image\" alt=\"\" srcset=\"https:\/\/www.tair.pe\/web2.0\/wp-content\/uploads\/2025\/01\/Cosechadora-MF-32-Advanced.png 800w, https:\/\/www.tair.pe\/web2.0\/wp-content\/uploads\/2025\/01\/Cosechadora-MF-32-Advanced-300x300.png 300w, https:\/\/www.tair.pe\/web2.0\/wp-content\/uploads\/2025\/01\/Cosechadora-MF-32-Advanced-150x150.png 150w, https:\/\/www.tair.pe\/web2.0\/wp-content\/uploads\/2025\/01\/Cosechadora-MF-32-Advanced-768x768.png 768w, https:\/\/www.tair.pe\/web2.0\/wp-content\/uploads\/2025\/01\/Cosechadora-MF-32-Advanced-500x500.png 500w, https:\/\/www.tair.pe\/web2.0\/wp-content\/uploads\/2025\/01\/Cosechadora-MF-32-Advanced-100x100.png 100w\" sizes=\"(max-width: 800px) 100vw, 800px\" \/>\n                            <\/div>\n                            <h3 style='margin: 10px 0; font-size: 1.3rem; letter-spacing: 1px;'>MASSEY FERGUSON<\/h3>\n                        <\/a>\n                        <div class=\"marca-logo\" style=\"margin: 15px 0;\"><img decoding=\"async\" src=\"https:\/\/www.tair.pe\/web2.0\/wp-content\/uploads\/2025\/04\/MF.svg\" alt=\"Logo MASSEY FERGUSON\" style=\"height: 45px; width: auto; object-fit: contain;\"><\/div>\n                        <div class='ver-modelos-btn' style='margin-top: 20px;'>\n                            <a href='https:\/\/www.tair.pe\/web2.0\/marca\/massey-ferguson\/?categoria=maquinaria-agricola-2' class='button' style='width: 100%; display: inline-block; padding: 12px 0;'>Ver Modelos<\/a>\n                        <\/div>\n                    <\/div><\/div><\/div><\/div><\/div>\t\t\t\t\t\t\t\t<\/div>\n\t\t\t\t<\/div>\n\t\t\t\t\t<\/div>\n\t\t\t\t<\/div>\n\t\t\t\t<\/div>\n\t\t","protected":false},"excerpt":{"rendered":"<p>Maquinaria Agr\u00edcola<\/p>\n","protected":false},"author":1,"featured_media":0,"parent":0,"menu_order":0,"comment_status":"closed","ping_status":"closed","template":"","meta":{"nf_dc_page":"","footnotes":""},"class_list":["post-4122","page","type-page","status-publish","hentry"],"yoast_head":"<!-- This site is optimized with the Yoast SEO plugin v27.4 - https:\/\/yoast.com\/product\/yoast-seo-wordpress\/ -->\n<title>MAQUINARIA AGR\u00cdCOLA - Tair Renting<\/title>\n<meta name=\"robots\" content=\"index, follow, max-snippet:-1, max-image-preview:large, max-video-preview:-1\" \/>\n<link rel=\"canonical\" href=\"https:\/\/www.tair.pe\/web2.0\/maquinaria-agricola\/\" \/>\n<meta property=\"og:locale\" content=\"es_ES\" \/>\n<meta property=\"og:type\" content=\"article\" \/>\n<meta property=\"og:title\" content=\"MAQUINARIA AGR\u00cdCOLA - Tair Renting\" \/>\n<meta property=\"og:description\" content=\"Maquinaria Agr\u00edcola\" \/>\n<meta property=\"og:url\" content=\"https:\/\/www.tair.pe\/web2.0\/maquinaria-agricola\/\" \/>\n<meta property=\"og:site_name\" content=\"Tair Renting\" \/>\n<meta property=\"article:publisher\" content=\"https:\/\/www.facebook.com\/people\/Tair-Renting\/100064156449554\/\" \/>\n<meta property=\"article:modified_time\" content=\"2025-09-26T16:54:07+00:00\" \/>\n<meta property=\"og:image\" content=\"https:\/\/www.tair.pe\/web2.0\/wp-content\/uploads\/2025\/03\/maquinaria_agricola_tair.jpeg\" \/>\n\t<meta property=\"og:image:width\" content=\"1920\" \/>\n\t<meta property=\"og:image:height\" content=\"434\" \/>\n\t<meta property=\"og:image:type\" content=\"image\/jpeg\" \/>\n<meta name=\"twitter:card\" content=\"summary_large_image\" \/>\n<meta name=\"twitter:label1\" content=\"Tiempo de lectura\" \/>\n\t<meta name=\"twitter:data1\" content=\"1 minuto\" \/>\n<script type=\"application\/ld+json\" class=\"yoast-schema-graph\">{\"@context\":\"https:\\\/\\\/schema.org\",\"@graph\":[{\"@type\":\"WebPage\",\"@id\":\"https:\\\/\\\/www.tair.pe\\\/web2.0\\\/maquinaria-agricola\\\/\",\"url\":\"https:\\\/\\\/www.tair.pe\\\/web2.0\\\/maquinaria-agricola\\\/\",\"name\":\"MAQUINARIA AGR\u00cdCOLA - Tair Renting\",\"isPartOf\":{\"@id\":\"https:\\\/\\\/www.tair.pe\\\/web2.0\\\/#website\"},\"primaryImageOfPage\":{\"@id\":\"https:\\\/\\\/www.tair.pe\\\/web2.0\\\/maquinaria-agricola\\\/#primaryimage\"},\"image\":{\"@id\":\"https:\\\/\\\/www.tair.pe\\\/web2.0\\\/maquinaria-agricola\\\/#primaryimage\"},\"thumbnailUrl\":\"https:\\\/\\\/www.tair.pe\\\/web2.0\\\/wp-content\\\/uploads\\\/2025\\\/03\\\/maquinaria_agricola_tair.jpeg\",\"datePublished\":\"2025-03-28T04:19:59+00:00\",\"dateModified\":\"2025-09-26T16:54:07+00:00\",\"breadcrumb\":{\"@id\":\"https:\\\/\\\/www.tair.pe\\\/web2.0\\\/maquinaria-agricola\\\/#breadcrumb\"},\"inLanguage\":\"es\",\"potentialAction\":[{\"@type\":\"ReadAction\",\"target\":[\"https:\\\/\\\/www.tair.pe\\\/web2.0\\\/maquinaria-agricola\\\/\"]}]},{\"@type\":\"ImageObject\",\"inLanguage\":\"es\",\"@id\":\"https:\\\/\\\/www.tair.pe\\\/web2.0\\\/maquinaria-agricola\\\/#primaryimage\",\"url\":\"https:\\\/\\\/www.tair.pe\\\/web2.0\\\/wp-content\\\/uploads\\\/2025\\\/03\\\/maquinaria_agricola_tair.jpeg\",\"contentUrl\":\"https:\\\/\\\/www.tair.pe\\\/web2.0\\\/wp-content\\\/uploads\\\/2025\\\/03\\\/maquinaria_agricola_tair.jpeg\",\"width\":1920,\"height\":434},{\"@type\":\"BreadcrumbList\",\"@id\":\"https:\\\/\\\/www.tair.pe\\\/web2.0\\\/maquinaria-agricola\\\/#breadcrumb\",\"itemListElement\":[{\"@type\":\"ListItem\",\"position\":1,\"name\":\"Home\",\"item\":\"https:\\\/\\\/www.tair.pe\\\/web2.0\\\/\"},{\"@type\":\"ListItem\",\"position\":2,\"name\":\"MAQUINARIA AGR\u00cdCOLA\"}]},{\"@type\":\"WebSite\",\"@id\":\"https:\\\/\\\/www.tair.pe\\\/web2.0\\\/#website\",\"url\":\"https:\\\/\\\/www.tair.pe\\\/web2.0\\\/\",\"name\":\"Tair Renting\",\"description\":\"Renting y Leasing Operativo de veh\u00edculos en Per\u00fa, administraci\u00f3n y gesti\u00f3n de flotas a mediano y largo plazo. Telf.(511)230-2828 renting@tair.pe\",\"publisher\":{\"@id\":\"https:\\\/\\\/www.tair.pe\\\/web2.0\\\/#organization\"},\"potentialAction\":[{\"@type\":\"SearchAction\",\"target\":{\"@type\":\"EntryPoint\",\"urlTemplate\":\"https:\\\/\\\/www.tair.pe\\\/web2.0\\\/?s={search_term_string}\"},\"query-input\":{\"@type\":\"PropertyValueSpecification\",\"valueRequired\":true,\"valueName\":\"search_term_string\"}}],\"inLanguage\":\"es\"},{\"@type\":\"Organization\",\"@id\":\"https:\\\/\\\/www.tair.pe\\\/web2.0\\\/#organization\",\"name\":\"Tair Renting\",\"url\":\"https:\\\/\\\/www.tair.pe\\\/web2.0\\\/\",\"logo\":{\"@type\":\"ImageObject\",\"inLanguage\":\"es\",\"@id\":\"https:\\\/\\\/www.tair.pe\\\/web2.0\\\/#\\\/schema\\\/logo\\\/image\\\/\",\"url\":\"https:\\\/\\\/www.tair.pe\\\/web2.0\\\/wp-content\\\/uploads\\\/2025\\\/01\\\/LOGO.png\",\"contentUrl\":\"https:\\\/\\\/www.tair.pe\\\/web2.0\\\/wp-content\\\/uploads\\\/2025\\\/01\\\/LOGO.png\",\"width\":400,\"height\":257,\"caption\":\"Tair Renting\"},\"image\":{\"@id\":\"https:\\\/\\\/www.tair.pe\\\/web2.0\\\/#\\\/schema\\\/logo\\\/image\\\/\"},\"sameAs\":[\"https:\\\/\\\/www.facebook.com\\\/people\\\/Tair-Renting\\\/100064156449554\\\/\",\"https:\\\/\\\/pe.linkedin.com\\\/company\\\/tair-renting\",\"https:\\\/\\\/www.instagram.com\\\/tair.renting\\\/\"]}]}<\/script>\n<!-- \/ Yoast SEO plugin. -->","yoast_head_json":{"title":"MAQUINARIA AGR\u00cdCOLA - Tair Renting","robots":{"index":"index","follow":"follow","max-snippet":"max-snippet:-1","max-image-preview":"max-image-preview:large","max-video-preview":"max-video-preview:-1"},"canonical":"https:\/\/www.tair.pe\/web2.0\/maquinaria-agricola\/","og_locale":"es_ES","og_type":"article","og_title":"MAQUINARIA AGR\u00cdCOLA - Tair Renting","og_description":"Maquinaria Agr\u00edcola","og_url":"https:\/\/www.tair.pe\/web2.0\/maquinaria-agricola\/","og_site_name":"Tair Renting","article_publisher":"https:\/\/www.facebook.com\/people\/Tair-Renting\/100064156449554\/","article_modified_time":"2025-09-26T16:54:07+00:00","og_image":[{"width":1920,"height":434,"url":"https:\/\/www.tair.pe\/web2.0\/wp-content\/uploads\/2025\/03\/maquinaria_agricola_tair.jpeg","type":"image\/jpeg"}],"twitter_card":"summary_large_image","twitter_misc":{"Tiempo de lectura":"1 minuto"},"schema":{"@context":"https:\/\/schema.org","@graph":[{"@type":"WebPage","@id":"https:\/\/www.tair.pe\/web2.0\/maquinaria-agricola\/","url":"https:\/\/www.tair.pe\/web2.0\/maquinaria-agricola\/","name":"MAQUINARIA AGR\u00cdCOLA - Tair Renting","isPartOf":{"@id":"https:\/\/www.tair.pe\/web2.0\/#website"},"primaryImageOfPage":{"@id":"https:\/\/www.tair.pe\/web2.0\/maquinaria-agricola\/#primaryimage"},"image":{"@id":"https:\/\/www.tair.pe\/web2.0\/maquinaria-agricola\/#primaryimage"},"thumbnailUrl":"https:\/\/www.tair.pe\/web2.0\/wp-content\/uploads\/2025\/03\/maquinaria_agricola_tair.jpeg","datePublished":"2025-03-28T04:19:59+00:00","dateModified":"2025-09-26T16:54:07+00:00","breadcrumb":{"@id":"https:\/\/www.tair.pe\/web2.0\/maquinaria-agricola\/#breadcrumb"},"inLanguage":"es","potentialAction":[{"@type":"ReadAction","target":["https:\/\/www.tair.pe\/web2.0\/maquinaria-agricola\/"]}]},{"@type":"ImageObject","inLanguage":"es","@id":"https:\/\/www.tair.pe\/web2.0\/maquinaria-agricola\/#primaryimage","url":"https:\/\/www.tair.pe\/web2.0\/wp-content\/uploads\/2025\/03\/maquinaria_agricola_tair.jpeg","contentUrl":"https:\/\/www.tair.pe\/web2.0\/wp-content\/uploads\/2025\/03\/maquinaria_agricola_tair.jpeg","width":1920,"height":434},{"@type":"BreadcrumbList","@id":"https:\/\/www.tair.pe\/web2.0\/maquinaria-agricola\/#breadcrumb","itemListElement":[{"@type":"ListItem","position":1,"name":"Home","item":"https:\/\/www.tair.pe\/web2.0\/"},{"@type":"ListItem","position":2,"name":"MAQUINARIA AGR\u00cdCOLA"}]},{"@type":"WebSite","@id":"https:\/\/www.tair.pe\/web2.0\/#website","url":"https:\/\/www.tair.pe\/web2.0\/","name":"Tair Renting","description":"Renting y Leasing Operativo de veh\u00edculos en Per\u00fa, administraci\u00f3n y gesti\u00f3n de flotas a mediano y largo plazo. Telf.(511)230-2828 renting@tair.pe","publisher":{"@id":"https:\/\/www.tair.pe\/web2.0\/#organization"},"potentialAction":[{"@type":"SearchAction","target":{"@type":"EntryPoint","urlTemplate":"https:\/\/www.tair.pe\/web2.0\/?s={search_term_string}"},"query-input":{"@type":"PropertyValueSpecification","valueRequired":true,"valueName":"search_term_string"}}],"inLanguage":"es"},{"@type":"Organization","@id":"https:\/\/www.tair.pe\/web2.0\/#organization","name":"Tair Renting","url":"https:\/\/www.tair.pe\/web2.0\/","logo":{"@type":"ImageObject","inLanguage":"es","@id":"https:\/\/www.tair.pe\/web2.0\/#\/schema\/logo\/image\/","url":"https:\/\/www.tair.pe\/web2.0\/wp-content\/uploads\/2025\/01\/LOGO.png","contentUrl":"https:\/\/www.tair.pe\/web2.0\/wp-content\/uploads\/2025\/01\/LOGO.png","width":400,"height":257,"caption":"Tair Renting"},"image":{"@id":"https:\/\/www.tair.pe\/web2.0\/#\/schema\/logo\/image\/"},"sameAs":["https:\/\/www.facebook.com\/people\/Tair-Renting\/100064156449554\/","https:\/\/pe.linkedin.com\/company\/tair-renting","https:\/\/www.instagram.com\/tair.renting\/"]}]}},"_links":{"self":[{"href":"https:\/\/www.tair.pe\/web2.0\/wp-json\/wp\/v2\/pages\/4122","targetHints":{"allow":["GET"]}}],"collection":[{"href":"https:\/\/www.tair.pe\/web2.0\/wp-json\/wp\/v2\/pages"}],"about":[{"href":"https:\/\/www.tair.pe\/web2.0\/wp-json\/wp\/v2\/types\/page"}],"author":[{"embeddable":true,"href":"https:\/\/www.tair.pe\/web2.0\/wp-json\/wp\/v2\/users\/1"}],"replies":[{"embeddable":true,"href":"https:\/\/www.tair.pe\/web2.0\/wp-json\/wp\/v2\/comments?post=4122"}],"version-history":[{"count":5,"href":"https:\/\/www.tair.pe\/web2.0\/wp-json\/wp\/v2\/pages\/4122\/revisions"}],"predecessor-version":[{"id":5022,"href":"https:\/\/www.tair.pe\/web2.0\/wp-json\/wp\/v2\/pages\/4122\/revisions\/5022"}],"wp:attachment":[{"href":"https:\/\/www.tair.pe\/web2.0\/wp-json\/wp\/v2\/media?parent=4122"}],"curies":[{"name":"wp","href":"https:\/\/api.w.org\/{rel}","templated":true}]}}