{"id":2890,"date":"2025-01-16T02:03:39","date_gmt":"2025-01-16T02:03:39","guid":{"rendered":"https:\/\/www.tair.pe\/web2.0\/producto\/cosechadora-mf-5690-hybrid\/"},"modified":"2025-04-27T14:31:10","modified_gmt":"2025-04-27T14:31:10","slug":"cosechadora-mf-5690-hybrid","status":"publish","type":"product","link":"https:\/\/www.tair.pe\/web2.0\/producto\/cosechadora-mf-5690-hybrid\/","title":{"rendered":"Cosechadora MF 5690 HYBRID"},"content":{"rendered":"<p>La <strong>Massey Ferguson MF 5690 Hybrid<\/strong> es una cosechadora h\u00edbrida dise\u00f1ada para ofrecer eficiencia y versatilidad en la recolecci\u00f3n de diversos cultivos, incluyendo soja, trigo y arroz. A continuaci\u00f3n, se detallan sus principales caracter\u00edsticas t\u00e9cnicas:<\/p>\n<ul>\n<li><strong>Motor<\/strong>: Equipada con un motor electr\u00f3nico AGCO Power de 6 cilindros y 7.4 litros, que entrega una potencia de 225 CV.<\/li>\n<li><strong>Sistema de trilla y separaci\u00f3n<\/strong>: Utiliza un sistema h\u00edbrido que combina un cilindro de trilla con dos rotores para la separaci\u00f3n, optimizando la eficiencia en la cosecha.<\/li>\n<li><strong>Capacidad del tanque de granos<\/strong>: 5,500 litros, con una velocidad de descarga de 86 litros por segundo, lo que permite una descarga r\u00e1pida y eficiente.<\/li>\n<li><strong>Plataformas de corte<\/strong>: Compatibilidad con plataformas r\u00edgidas de 18, 20 y 23 pies, adapt\u00e1ndose a diferentes necesidades de cosecha.<\/li>\n<li><strong>Consumo de combustible<\/strong>: Gracias a su motor electr\u00f3nico, se logra una reducci\u00f3n en el consumo de combustible de alrededor del 10%, contribuyendo a una operaci\u00f3n m\u00e1s econ\u00f3mica.<\/li>\n<\/ul>\n","protected":false},"excerpt":{"rendered":"<p>La Massey Ferguson MF 5690 Hybrid es una cosechadora h\u00edbrida dise\u00f1ada para ofrecer eficiencia y versatilidad en la recolecci\u00f3n de diversos cultivos, incluyendo soja, trigo y arroz. A continuaci\u00f3n, se detallan sus principales caracter\u00edsticas t\u00e9cnicas: Motor: Equipada con un motor electr\u00f3nico AGCO Power de 6 cilindros y 7.4 litros, que entrega una potencia de 225 [&hellip;]<\/p>\n","protected":false},"featured_media":3902,"template":"","meta":{"nf_dc_page":""},"product_brand":[631],"product_cat":[381],"product_tag":[],"class_list":{"0":"post-2890","1":"product","2":"type-product","3":"status-publish","4":"has-post-thumbnail","6":"product_brand-massey-ferguson","7":"product_cat-maquinaria-agricola-2","9":"first","10":"instock","11":"shipping-taxable","12":"product-type-simple"},"yoast_head":"<!-- This site is optimized with the Yoast SEO plugin v27.4 - https:\/\/yoast.com\/product\/yoast-seo-wordpress\/ -->\n<title>Cosechadora MF 5690 HYBRID - Tair Renting<\/title>\n<meta name=\"robots\" content=\"index, follow, max-snippet:-1, max-image-preview:large, max-video-preview:-1\" \/>\n<link rel=\"canonical\" href=\"https:\/\/www.tair.pe\/web2.0\/producto\/cosechadora-mf-5690-hybrid\/\" \/>\n<meta property=\"og:locale\" content=\"es_ES\" \/>\n<meta property=\"og:type\" content=\"article\" \/>\n<meta property=\"og:title\" content=\"Cosechadora MF 5690 HYBRID - Tair Renting\" \/>\n<meta property=\"og:description\" content=\"La Massey Ferguson MF 5690 Hybrid es una cosechadora h\u00edbrida dise\u00f1ada para ofrecer eficiencia y versatilidad en la recolecci\u00f3n de diversos cultivos, incluyendo soja, trigo y arroz. A continuaci\u00f3n, se detallan sus principales caracter\u00edsticas t\u00e9cnicas: Motor: Equipada con un motor electr\u00f3nico AGCO Power de 6 cilindros y 7.4 litros, que entrega una potencia de 225 [&hellip;]\" \/>\n<meta property=\"og:url\" content=\"https:\/\/www.tair.pe\/web2.0\/producto\/cosechadora-mf-5690-hybrid\/\" \/>\n<meta property=\"og:site_name\" content=\"Tair Renting\" \/>\n<meta property=\"article:publisher\" content=\"https:\/\/www.facebook.com\/people\/Tair-Renting\/100064156449554\/\" \/>\n<meta property=\"article:modified_time\" content=\"2025-04-27T14:31:10+00:00\" \/>\n<meta property=\"og:image\" content=\"https:\/\/www.tair.pe\/web2.0\/wp-content\/uploads\/2025\/01\/Cosechadora-MF-5690-HYBRID.png\" \/>\n\t<meta property=\"og:image:width\" content=\"800\" \/>\n\t<meta property=\"og:image:height\" content=\"800\" \/>\n\t<meta property=\"og:image:type\" content=\"image\/png\" \/>\n<meta name=\"twitter:card\" content=\"summary_large_image\" \/>\n<meta name=\"twitter:label1\" content=\"Tiempo de lectura\" \/>\n\t<meta name=\"twitter:data1\" content=\"1 minuto\" \/>\n<script type=\"application\/ld+json\" class=\"yoast-schema-graph\">{\"@context\":\"https:\\\/\\\/schema.org\",\"@graph\":[{\"@type\":\"WebPage\",\"@id\":\"https:\\\/\\\/www.tair.pe\\\/web2.0\\\/producto\\\/cosechadora-mf-5690-hybrid\\\/\",\"url\":\"https:\\\/\\\/www.tair.pe\\\/web2.0\\\/producto\\\/cosechadora-mf-5690-hybrid\\\/\",\"name\":\"Cosechadora MF 5690 HYBRID - Tair Renting\",\"isPartOf\":{\"@id\":\"https:\\\/\\\/www.tair.pe\\\/web2.0\\\/#website\"},\"primaryImageOfPage\":{\"@id\":\"https:\\\/\\\/www.tair.pe\\\/web2.0\\\/producto\\\/cosechadora-mf-5690-hybrid\\\/#primaryimage\"},\"image\":{\"@id\":\"https:\\\/\\\/www.tair.pe\\\/web2.0\\\/producto\\\/cosechadora-mf-5690-hybrid\\\/#primaryimage\"},\"thumbnailUrl\":\"https:\\\/\\\/www.tair.pe\\\/web2.0\\\/wp-content\\\/uploads\\\/2025\\\/01\\\/Cosechadora-MF-5690-HYBRID.png\",\"datePublished\":\"2025-01-16T02:03:39+00:00\",\"dateModified\":\"2025-04-27T14:31:10+00:00\",\"breadcrumb\":{\"@id\":\"https:\\\/\\\/www.tair.pe\\\/web2.0\\\/producto\\\/cosechadora-mf-5690-hybrid\\\/#breadcrumb\"},\"inLanguage\":\"es\",\"potentialAction\":[{\"@type\":\"ReadAction\",\"target\":[\"https:\\\/\\\/www.tair.pe\\\/web2.0\\\/producto\\\/cosechadora-mf-5690-hybrid\\\/\"]}]},{\"@type\":\"ImageObject\",\"inLanguage\":\"es\",\"@id\":\"https:\\\/\\\/www.tair.pe\\\/web2.0\\\/producto\\\/cosechadora-mf-5690-hybrid\\\/#primaryimage\",\"url\":\"https:\\\/\\\/www.tair.pe\\\/web2.0\\\/wp-content\\\/uploads\\\/2025\\\/01\\\/Cosechadora-MF-5690-HYBRID.png\",\"contentUrl\":\"https:\\\/\\\/www.tair.pe\\\/web2.0\\\/wp-content\\\/uploads\\\/2025\\\/01\\\/Cosechadora-MF-5690-HYBRID.png\",\"width\":800,\"height\":800},{\"@type\":\"BreadcrumbList\",\"@id\":\"https:\\\/\\\/www.tair.pe\\\/web2.0\\\/producto\\\/cosechadora-mf-5690-hybrid\\\/#breadcrumb\",\"itemListElement\":[{\"@type\":\"ListItem\",\"position\":1,\"name\":\"Home\",\"item\":\"https:\\\/\\\/www.tair.pe\\\/web2.0\\\/\"},{\"@type\":\"ListItem\",\"position\":2,\"name\":\"Tienda\",\"item\":\"https:\\\/\\\/www.tair.pe\\\/web2.0\\\/tienda\\\/\"},{\"@type\":\"ListItem\",\"position\":3,\"name\":\"Cosechadora MF 5690 HYBRID\"}]},{\"@type\":\"WebSite\",\"@id\":\"https:\\\/\\\/www.tair.pe\\\/web2.0\\\/#website\",\"url\":\"https:\\\/\\\/www.tair.pe\\\/web2.0\\\/\",\"name\":\"Tair Renting\",\"description\":\"Renting y Leasing Operativo de veh\u00edculos en Per\u00fa, administraci\u00f3n y gesti\u00f3n de flotas a mediano y largo plazo. Telf.(511)230-2828 renting@tair.pe\",\"publisher\":{\"@id\":\"https:\\\/\\\/www.tair.pe\\\/web2.0\\\/#organization\"},\"potentialAction\":[{\"@type\":\"SearchAction\",\"target\":{\"@type\":\"EntryPoint\",\"urlTemplate\":\"https:\\\/\\\/www.tair.pe\\\/web2.0\\\/?s={search_term_string}\"},\"query-input\":{\"@type\":\"PropertyValueSpecification\",\"valueRequired\":true,\"valueName\":\"search_term_string\"}}],\"inLanguage\":\"es\"},{\"@type\":\"Organization\",\"@id\":\"https:\\\/\\\/www.tair.pe\\\/web2.0\\\/#organization\",\"name\":\"Tair Renting\",\"url\":\"https:\\\/\\\/www.tair.pe\\\/web2.0\\\/\",\"logo\":{\"@type\":\"ImageObject\",\"inLanguage\":\"es\",\"@id\":\"https:\\\/\\\/www.tair.pe\\\/web2.0\\\/#\\\/schema\\\/logo\\\/image\\\/\",\"url\":\"https:\\\/\\\/www.tair.pe\\\/web2.0\\\/wp-content\\\/uploads\\\/2025\\\/01\\\/LOGO.png\",\"contentUrl\":\"https:\\\/\\\/www.tair.pe\\\/web2.0\\\/wp-content\\\/uploads\\\/2025\\\/01\\\/LOGO.png\",\"width\":400,\"height\":257,\"caption\":\"Tair Renting\"},\"image\":{\"@id\":\"https:\\\/\\\/www.tair.pe\\\/web2.0\\\/#\\\/schema\\\/logo\\\/image\\\/\"},\"sameAs\":[\"https:\\\/\\\/www.facebook.com\\\/people\\\/Tair-Renting\\\/100064156449554\\\/\",\"https:\\\/\\\/pe.linkedin.com\\\/company\\\/tair-renting\",\"https:\\\/\\\/www.instagram.com\\\/tair.renting\\\/\"]}]}<\/script>\n<!-- \/ Yoast SEO plugin. -->","yoast_head_json":{"title":"Cosechadora MF 5690 HYBRID - Tair Renting","robots":{"index":"index","follow":"follow","max-snippet":"max-snippet:-1","max-image-preview":"max-image-preview:large","max-video-preview":"max-video-preview:-1"},"canonical":"https:\/\/www.tair.pe\/web2.0\/producto\/cosechadora-mf-5690-hybrid\/","og_locale":"es_ES","og_type":"article","og_title":"Cosechadora MF 5690 HYBRID - Tair Renting","og_description":"La Massey Ferguson MF 5690 Hybrid es una cosechadora h\u00edbrida dise\u00f1ada para ofrecer eficiencia y versatilidad en la recolecci\u00f3n de diversos cultivos, incluyendo soja, trigo y arroz. A continuaci\u00f3n, se detallan sus principales caracter\u00edsticas t\u00e9cnicas: Motor: Equipada con un motor electr\u00f3nico AGCO Power de 6 cilindros y 7.4 litros, que entrega una potencia de 225 [&hellip;]","og_url":"https:\/\/www.tair.pe\/web2.0\/producto\/cosechadora-mf-5690-hybrid\/","og_site_name":"Tair Renting","article_publisher":"https:\/\/www.facebook.com\/people\/Tair-Renting\/100064156449554\/","article_modified_time":"2025-04-27T14:31:10+00:00","og_image":[{"width":800,"height":800,"url":"https:\/\/www.tair.pe\/web2.0\/wp-content\/uploads\/2025\/01\/Cosechadora-MF-5690-HYBRID.png","type":"image\/png"}],"twitter_card":"summary_large_image","twitter_misc":{"Tiempo de lectura":"1 minuto"},"schema":{"@context":"https:\/\/schema.org","@graph":[{"@type":"WebPage","@id":"https:\/\/www.tair.pe\/web2.0\/producto\/cosechadora-mf-5690-hybrid\/","url":"https:\/\/www.tair.pe\/web2.0\/producto\/cosechadora-mf-5690-hybrid\/","name":"Cosechadora MF 5690 HYBRID - Tair Renting","isPartOf":{"@id":"https:\/\/www.tair.pe\/web2.0\/#website"},"primaryImageOfPage":{"@id":"https:\/\/www.tair.pe\/web2.0\/producto\/cosechadora-mf-5690-hybrid\/#primaryimage"},"image":{"@id":"https:\/\/www.tair.pe\/web2.0\/producto\/cosechadora-mf-5690-hybrid\/#primaryimage"},"thumbnailUrl":"https:\/\/www.tair.pe\/web2.0\/wp-content\/uploads\/2025\/01\/Cosechadora-MF-5690-HYBRID.png","datePublished":"2025-01-16T02:03:39+00:00","dateModified":"2025-04-27T14:31:10+00:00","breadcrumb":{"@id":"https:\/\/www.tair.pe\/web2.0\/producto\/cosechadora-mf-5690-hybrid\/#breadcrumb"},"inLanguage":"es","potentialAction":[{"@type":"ReadAction","target":["https:\/\/www.tair.pe\/web2.0\/producto\/cosechadora-mf-5690-hybrid\/"]}]},{"@type":"ImageObject","inLanguage":"es","@id":"https:\/\/www.tair.pe\/web2.0\/producto\/cosechadora-mf-5690-hybrid\/#primaryimage","url":"https:\/\/www.tair.pe\/web2.0\/wp-content\/uploads\/2025\/01\/Cosechadora-MF-5690-HYBRID.png","contentUrl":"https:\/\/www.tair.pe\/web2.0\/wp-content\/uploads\/2025\/01\/Cosechadora-MF-5690-HYBRID.png","width":800,"height":800},{"@type":"BreadcrumbList","@id":"https:\/\/www.tair.pe\/web2.0\/producto\/cosechadora-mf-5690-hybrid\/#breadcrumb","itemListElement":[{"@type":"ListItem","position":1,"name":"Home","item":"https:\/\/www.tair.pe\/web2.0\/"},{"@type":"ListItem","position":2,"name":"Tienda","item":"https:\/\/www.tair.pe\/web2.0\/tienda\/"},{"@type":"ListItem","position":3,"name":"Cosechadora MF 5690 HYBRID"}]},{"@type":"WebSite","@id":"https:\/\/www.tair.pe\/web2.0\/#website","url":"https:\/\/www.tair.pe\/web2.0\/","name":"Tair Renting","description":"Renting y Leasing Operativo de veh\u00edculos en Per\u00fa, administraci\u00f3n y gesti\u00f3n de flotas a mediano y largo plazo. Telf.(511)230-2828 renting@tair.pe","publisher":{"@id":"https:\/\/www.tair.pe\/web2.0\/#organization"},"potentialAction":[{"@type":"SearchAction","target":{"@type":"EntryPoint","urlTemplate":"https:\/\/www.tair.pe\/web2.0\/?s={search_term_string}"},"query-input":{"@type":"PropertyValueSpecification","valueRequired":true,"valueName":"search_term_string"}}],"inLanguage":"es"},{"@type":"Organization","@id":"https:\/\/www.tair.pe\/web2.0\/#organization","name":"Tair Renting","url":"https:\/\/www.tair.pe\/web2.0\/","logo":{"@type":"ImageObject","inLanguage":"es","@id":"https:\/\/www.tair.pe\/web2.0\/#\/schema\/logo\/image\/","url":"https:\/\/www.tair.pe\/web2.0\/wp-content\/uploads\/2025\/01\/LOGO.png","contentUrl":"https:\/\/www.tair.pe\/web2.0\/wp-content\/uploads\/2025\/01\/LOGO.png","width":400,"height":257,"caption":"Tair Renting"},"image":{"@id":"https:\/\/www.tair.pe\/web2.0\/#\/schema\/logo\/image\/"},"sameAs":["https:\/\/www.facebook.com\/people\/Tair-Renting\/100064156449554\/","https:\/\/pe.linkedin.com\/company\/tair-renting","https:\/\/www.instagram.com\/tair.renting\/"]}]}},"_links":{"self":[{"href":"https:\/\/www.tair.pe\/web2.0\/wp-json\/wp\/v2\/product\/2890","targetHints":{"allow":["GET"]}}],"collection":[{"href":"https:\/\/www.tair.pe\/web2.0\/wp-json\/wp\/v2\/product"}],"about":[{"href":"https:\/\/www.tair.pe\/web2.0\/wp-json\/wp\/v2\/types\/product"}],"wp:featuredmedia":[{"embeddable":true,"href":"https:\/\/www.tair.pe\/web2.0\/wp-json\/wp\/v2\/media\/3902"}],"wp:attachment":[{"href":"https:\/\/www.tair.pe\/web2.0\/wp-json\/wp\/v2\/media?parent=2890"}],"wp:term":[{"taxonomy":"product_brand","embeddable":true,"href":"https:\/\/www.tair.pe\/web2.0\/wp-json\/wp\/v2\/product_brand?post=2890"},{"taxonomy":"product_cat","embeddable":true,"href":"https:\/\/www.tair.pe\/web2.0\/wp-json\/wp\/v2\/product_cat?post=2890"},{"taxonomy":"product_tag","embeddable":true,"href":"https:\/\/www.tair.pe\/web2.0\/wp-json\/wp\/v2\/product_tag?post=2890"}],"curies":[{"name":"wp","href":"https:\/\/api.w.org\/{rel}","templated":true}]}}