{"id":2945,"date":"2025-01-16T02:03:48","date_gmt":"2025-01-16T02:03:48","guid":{"rendered":"https:\/\/www.tair.pe\/web2.0\/producto\/pala-hidrulica-sobre-oruga-6050-6050-fs-caterpillar\/"},"modified":"2025-04-29T01:23:18","modified_gmt":"2025-04-29T01:23:18","slug":"pala-hidrulica-sobre-oruga-6050-6050-fs-caterpillar","status":"publish","type":"product","link":"https:\/\/www.tair.pe\/web2.0\/producto\/pala-hidrulica-sobre-oruga-6050-6050-fs-caterpillar\/","title":{"rendered":"Pala hidr&aacute;ulica sobre oruga 6050\/6050 FS &#8211; Caterpillar"},"content":{"rendered":"<p>&lt;p&gt;\u00a0&lt;\/p&gt;<br \/>\n&lt;p&gt;&lt;span style=&#8221;font-size: 10pt;&#8221;&gt;&lt;strong&gt;&lt;span style=&#8221;color: #2a6da5;&#8221;&gt;Caracter\u00edsticas&lt;\/span&gt;&lt;\/strong&gt;&lt;\/span&gt;&lt;\/p&gt;<br \/>\n&lt;table style=&#8221;width: 768.65px;&#8221;&gt;<br \/>\n&lt;tbody&gt;<br \/>\n&lt;tr style=&#8221;height: 16px;&#8221;&gt;<br \/>\n&lt;td style=&#8221;width: 270px; height: 16px;&#8221;&gt;&lt;span style=&#8221;font-size: 10pt;&#8221;&gt;&lt;strong&gt;Modelo de motor 6050&lt;br \/&gt;&lt;\/strong&gt;&lt;\/span&gt;&lt;\/td&gt;<br \/>\n&lt;td style=&#8221;width: 392.65px; height: 16px;&#8221;&gt;2 \u00d7 Cummins K1500E\u00a0&lt;\/td&gt;<br \/>\n&lt;\/tr&gt;<br \/>\n&lt;tr style=&#8221;height: 16px;&#8221;&gt;<br \/>\n&lt;td style=&#8221;width: 270px; height: 16px;&#8221;&gt;&lt;span style=&#8221;font-size: 10pt;&#8221;&gt;&lt;strong&gt;Modelo de motor 6050 FS&lt;br \/&gt;&lt;\/strong&gt;&lt;\/span&gt;&lt;\/td&gt;<br \/>\n&lt;td style=&#8221;width: 392.65px; height: 16px;&#8221;&gt;&lt;span style=&#8221;font-size: 10pt;&#8221;&gt;2 \u00d7 Cummins QSK 38&lt;\/span&gt;&lt;\/td&gt;<br \/>\n&lt;\/tr&gt;<br \/>\n&lt;tr style=&#8221;height: 16px;&#8221;&gt;<br \/>\n&lt;td style=&#8221;width: 270px; height: 16px;&#8221;&gt;&lt;span style=&#8221;font-size: 10pt;&#8221;&gt;&lt;strong&gt;Potencia bruta: SAE J1995&lt;\/strong&gt;&lt;\/span&gt;&lt;\/td&gt;<br \/>\n&lt;td style=&#8221;width: 392.65px; height: 16px;&#8221;&gt;&lt;span style=&#8221;font-size: 10pt;&#8221;&gt;1880 kW&lt;\/span&gt;&lt;\/td&gt;<br \/>\n&lt;\/tr&gt;<br \/>\n&lt;tr style=&#8221;height: 16px;&#8221;&gt;<br \/>\n&lt;td style=&#8221;width: 270px; height: 16px;&#8221;&gt;&lt;span style=&#8221;font-size: 10pt;&#8221;&gt;&lt;strong&gt;Capacidad del cuchar\u00f3n est\u00e1ndar&lt;\/strong&gt;&lt;\/span&gt;&lt;\/td&gt;<br \/>\n&lt;td style=&#8221;width: 392.65px; height: 16px;&#8221;&gt;26 m\u00b3 frontal \/ 28 m\u00b3 retro&lt;\/td&gt;<br \/>\n&lt;\/tr&gt;<br \/>\n&lt;tr style=&#8221;height: 15px;&#8221;&gt;<br \/>\n&lt;td style=&#8221;width: 270px; height: 15px;&#8221;&gt;&lt;strong&gt;Peso en orden de trabajo&lt;\/strong&gt;&lt;\/td&gt;<br \/>\n&lt;td style=&#8221;width: 392.65px; height: 15px;&#8221;&gt;528 t frontal \/ 537 t retro&lt;\/td&gt;<br \/>\n&lt;\/tr&gt;<br \/>\n&lt;tr style=&#8221;height: 15px;&#8221;&gt;<br \/>\n&lt;td style=&#8221;width: 270px; height: 15px;&#8221;&gt;&lt;strong&gt;Carga \u00fatil del cuchar\u00f3n&lt;\/strong&gt;&lt;\/td&gt;<br \/>\n&lt;td style=&#8221;width: 392.65px; height: 15px;&#8221;&gt;47t frontal \/ 50t retro&lt;\/td&gt;<br \/>\n&lt;\/tr&gt;<br \/>\n&lt;tr style=&#8221;height: 15px;&#8221;&gt;<br \/>\n&lt;td style=&#8221;width: 270px; height: 15px;&#8221;&gt;&lt;strong&gt;Cilindrada&lt;\/strong&gt;&lt;\/td&gt;<br \/>\n&lt;td style=&#8221;width: 392.65px; height: 15px;&#8221;&gt;37.8&lt;\/td&gt;<br \/>\n&lt;\/tr&gt;<br \/>\n&lt;tr style=&#8221;height: 15px;&#8221;&gt;<br \/>\n&lt;td style=&#8221;width: 270px; height: 15px;&#8221;&gt;&lt;strong&gt;Calibre&lt;\/strong&gt;&lt;\/td&gt;<br \/>\n&lt;td style=&#8221;width: 392.65px; height: 15px;&#8221;&gt;159 mm&lt;\/td&gt;<br \/>\n&lt;\/tr&gt;<br \/>\n&lt;tr style=&#8221;height: 0.666687px;&#8221;&gt;<br \/>\n&lt;td style=&#8221;width: 270px; height: 0.666687px;&#8221;&gt;&lt;strong&gt;Carrera&lt;\/strong&gt;&lt;\/td&gt;<br \/>\n&lt;td style=&#8221;width: 392.65px; height: 0.666687px;&#8221;&gt;159 mm&lt;\/td&gt;<br \/>\n&lt;\/tr&gt;<br \/>\n&lt;\/tbody&gt;<br \/>\n&lt;\/table&gt;<\/p>\n","protected":false},"excerpt":{"rendered":"<p>&lt;p&gt;\u00a0&lt;\/p&gt; &lt;p&gt;&lt;span style=&#8221;font-size: 10pt;&#8221;&gt;&lt;strong&gt;&lt;span style=&#8221;color: #2a6da5;&#8221;&gt;Caracter\u00edsticas&lt;\/span&gt;&lt;\/strong&gt;&lt;\/span&gt;&lt;\/p&gt; &lt;table style=&#8221;width: 768.65px;&#8221;&gt; &lt;tbody&gt; &lt;tr style=&#8221;height: 16px;&#8221;&gt; &lt;td style=&#8221;width: 270px; height: 16px;&#8221;&gt;&lt;span style=&#8221;font-size: 10pt;&#8221;&gt;&lt;strong&gt;Modelo de motor 6050&lt;br \/&gt;&lt;\/strong&gt;&lt;\/span&gt;&lt;\/td&gt; &lt;td style=&#8221;width: 392.65px; height: 16px;&#8221;&gt;2 \u00d7 Cummins K1500E\u00a0&lt;\/td&gt; &lt;\/tr&gt; &lt;tr style=&#8221;height: 16px;&#8221;&gt; &lt;td style=&#8221;width: 270px; height: 16px;&#8221;&gt;&lt;span style=&#8221;font-size: 10pt;&#8221;&gt;&lt;strong&gt;Modelo de motor 6050 FS&lt;br \/&gt;&lt;\/strong&gt;&lt;\/span&gt;&lt;\/td&gt; &lt;td style=&#8221;width: 392.65px; height: 16px;&#8221;&gt;&lt;span style=&#8221;font-size: 10pt;&#8221;&gt;2 [&hellip;]<\/p>\n","protected":false},"featured_media":4313,"template":"","meta":{"nf_dc_page":""},"product_brand":[632],"product_cat":[383,645],"product_tag":[],"class_list":{"0":"post-2945","1":"product","2":"type-product","3":"status-publish","4":"has-post-thumbnail","6":"product_brand-caterpillar","7":"product_cat-maquinaria-pesada","8":"product_cat-palas-hidraulicas","10":"first","11":"instock","12":"shipping-taxable","13":"product-type-simple"},"yoast_head":"<!-- This site is optimized with the Yoast SEO plugin v27.4 - https:\/\/yoast.com\/product\/yoast-seo-wordpress\/ -->\n<title>Pala hidr&aacute;ulica sobre oruga 6050\/6050 FS - Caterpillar - Tair Renting<\/title>\n<meta name=\"robots\" content=\"index, follow, max-snippet:-1, max-image-preview:large, max-video-preview:-1\" \/>\n<link rel=\"canonical\" href=\"https:\/\/www.tair.pe\/web2.0\/producto\/pala-hidrulica-sobre-oruga-6050-6050-fs-caterpillar\/\" \/>\n<meta property=\"og:locale\" content=\"es_ES\" \/>\n<meta property=\"og:type\" content=\"article\" \/>\n<meta property=\"og:title\" content=\"Pala hidr&aacute;ulica sobre oruga 6050\/6050 FS - Caterpillar - Tair Renting\" \/>\n<meta property=\"og:description\" content=\"&lt;p&gt;\u00a0&lt;\/p&gt; &lt;p&gt;&lt;span style=&#8221;font-size: 10pt;&#8221;&gt;&lt;strong&gt;&lt;span style=&#8221;color: #2a6da5;&#8221;&gt;Caracter\u00edsticas&lt;\/span&gt;&lt;\/strong&gt;&lt;\/span&gt;&lt;\/p&gt; &lt;table style=&#8221;width: 768.65px;&#8221;&gt; &lt;tbody&gt; &lt;tr style=&#8221;height: 16px;&#8221;&gt; &lt;td style=&#8221;width: 270px; height: 16px;&#8221;&gt;&lt;span style=&#8221;font-size: 10pt;&#8221;&gt;&lt;strong&gt;Modelo de motor 6050&lt;br \/&gt;&lt;\/strong&gt;&lt;\/span&gt;&lt;\/td&gt; &lt;td style=&#8221;width: 392.65px; height: 16px;&#8221;&gt;2 \u00d7 Cummins K1500E\u00a0&lt;\/td&gt; &lt;\/tr&gt; &lt;tr style=&#8221;height: 16px;&#8221;&gt; &lt;td style=&#8221;width: 270px; height: 16px;&#8221;&gt;&lt;span style=&#8221;font-size: 10pt;&#8221;&gt;&lt;strong&gt;Modelo de motor 6050 FS&lt;br \/&gt;&lt;\/strong&gt;&lt;\/span&gt;&lt;\/td&gt; &lt;td style=&#8221;width: 392.65px; height: 16px;&#8221;&gt;&lt;span style=&#8221;font-size: 10pt;&#8221;&gt;2 [&hellip;]\" \/>\n<meta property=\"og:url\" content=\"https:\/\/www.tair.pe\/web2.0\/producto\/pala-hidrulica-sobre-oruga-6050-6050-fs-caterpillar\/\" \/>\n<meta property=\"og:site_name\" content=\"Tair Renting\" \/>\n<meta property=\"article:publisher\" content=\"https:\/\/www.facebook.com\/people\/Tair-Renting\/100064156449554\/\" \/>\n<meta property=\"article:modified_time\" content=\"2025-04-29T01:23:18+00:00\" \/>\n<meta property=\"og:image\" content=\"https:\/\/www.tair.pe\/web2.0\/wp-content\/uploads\/2025\/01\/Cta-6050-6050FS.jpeg\" \/>\n\t<meta property=\"og:image:width\" content=\"712\" \/>\n\t<meta property=\"og:image:height\" content=\"534\" \/>\n\t<meta property=\"og:image:type\" content=\"image\/jpeg\" \/>\n<meta name=\"twitter:card\" content=\"summary_large_image\" \/>\n<meta name=\"twitter:label1\" content=\"Tiempo de lectura\" \/>\n\t<meta name=\"twitter:data1\" content=\"1 minuto\" \/>\n<script type=\"application\/ld+json\" class=\"yoast-schema-graph\">{\"@context\":\"https:\\\/\\\/schema.org\",\"@graph\":[{\"@type\":\"WebPage\",\"@id\":\"https:\\\/\\\/www.tair.pe\\\/web2.0\\\/producto\\\/pala-hidrulica-sobre-oruga-6050-6050-fs-caterpillar\\\/\",\"url\":\"https:\\\/\\\/www.tair.pe\\\/web2.0\\\/producto\\\/pala-hidrulica-sobre-oruga-6050-6050-fs-caterpillar\\\/\",\"name\":\"Pala hidr&aacute;ulica sobre oruga 6050\\\/6050 FS - Caterpillar - Tair Renting\",\"isPartOf\":{\"@id\":\"https:\\\/\\\/www.tair.pe\\\/web2.0\\\/#website\"},\"primaryImageOfPage\":{\"@id\":\"https:\\\/\\\/www.tair.pe\\\/web2.0\\\/producto\\\/pala-hidrulica-sobre-oruga-6050-6050-fs-caterpillar\\\/#primaryimage\"},\"image\":{\"@id\":\"https:\\\/\\\/www.tair.pe\\\/web2.0\\\/producto\\\/pala-hidrulica-sobre-oruga-6050-6050-fs-caterpillar\\\/#primaryimage\"},\"thumbnailUrl\":\"https:\\\/\\\/www.tair.pe\\\/web2.0\\\/wp-content\\\/uploads\\\/2025\\\/01\\\/Cta-6050-6050FS.jpeg\",\"datePublished\":\"2025-01-16T02:03:48+00:00\",\"dateModified\":\"2025-04-29T01:23:18+00:00\",\"breadcrumb\":{\"@id\":\"https:\\\/\\\/www.tair.pe\\\/web2.0\\\/producto\\\/pala-hidrulica-sobre-oruga-6050-6050-fs-caterpillar\\\/#breadcrumb\"},\"inLanguage\":\"es\",\"potentialAction\":[{\"@type\":\"ReadAction\",\"target\":[\"https:\\\/\\\/www.tair.pe\\\/web2.0\\\/producto\\\/pala-hidrulica-sobre-oruga-6050-6050-fs-caterpillar\\\/\"]}]},{\"@type\":\"ImageObject\",\"inLanguage\":\"es\",\"@id\":\"https:\\\/\\\/www.tair.pe\\\/web2.0\\\/producto\\\/pala-hidrulica-sobre-oruga-6050-6050-fs-caterpillar\\\/#primaryimage\",\"url\":\"https:\\\/\\\/www.tair.pe\\\/web2.0\\\/wp-content\\\/uploads\\\/2025\\\/01\\\/Cta-6050-6050FS.jpeg\",\"contentUrl\":\"https:\\\/\\\/www.tair.pe\\\/web2.0\\\/wp-content\\\/uploads\\\/2025\\\/01\\\/Cta-6050-6050FS.jpeg\",\"width\":712,\"height\":534},{\"@type\":\"BreadcrumbList\",\"@id\":\"https:\\\/\\\/www.tair.pe\\\/web2.0\\\/producto\\\/pala-hidrulica-sobre-oruga-6050-6050-fs-caterpillar\\\/#breadcrumb\",\"itemListElement\":[{\"@type\":\"ListItem\",\"position\":1,\"name\":\"Home\",\"item\":\"https:\\\/\\\/www.tair.pe\\\/web2.0\\\/\"},{\"@type\":\"ListItem\",\"position\":2,\"name\":\"Tienda\",\"item\":\"https:\\\/\\\/www.tair.pe\\\/web2.0\\\/tienda\\\/\"},{\"@type\":\"ListItem\",\"position\":3,\"name\":\"Pala hidr&aacute;ulica sobre oruga 6050\\\/6050 FS &#8211; Caterpillar\"}]},{\"@type\":\"WebSite\",\"@id\":\"https:\\\/\\\/www.tair.pe\\\/web2.0\\\/#website\",\"url\":\"https:\\\/\\\/www.tair.pe\\\/web2.0\\\/\",\"name\":\"Tair Renting\",\"description\":\"Renting y Leasing Operativo de veh\u00edculos en Per\u00fa, administraci\u00f3n y gesti\u00f3n de flotas a mediano y largo plazo. Telf.(511)230-2828 renting@tair.pe\",\"publisher\":{\"@id\":\"https:\\\/\\\/www.tair.pe\\\/web2.0\\\/#organization\"},\"potentialAction\":[{\"@type\":\"SearchAction\",\"target\":{\"@type\":\"EntryPoint\",\"urlTemplate\":\"https:\\\/\\\/www.tair.pe\\\/web2.0\\\/?s={search_term_string}\"},\"query-input\":{\"@type\":\"PropertyValueSpecification\",\"valueRequired\":true,\"valueName\":\"search_term_string\"}}],\"inLanguage\":\"es\"},{\"@type\":\"Organization\",\"@id\":\"https:\\\/\\\/www.tair.pe\\\/web2.0\\\/#organization\",\"name\":\"Tair Renting\",\"url\":\"https:\\\/\\\/www.tair.pe\\\/web2.0\\\/\",\"logo\":{\"@type\":\"ImageObject\",\"inLanguage\":\"es\",\"@id\":\"https:\\\/\\\/www.tair.pe\\\/web2.0\\\/#\\\/schema\\\/logo\\\/image\\\/\",\"url\":\"https:\\\/\\\/www.tair.pe\\\/web2.0\\\/wp-content\\\/uploads\\\/2025\\\/01\\\/LOGO.png\",\"contentUrl\":\"https:\\\/\\\/www.tair.pe\\\/web2.0\\\/wp-content\\\/uploads\\\/2025\\\/01\\\/LOGO.png\",\"width\":400,\"height\":257,\"caption\":\"Tair Renting\"},\"image\":{\"@id\":\"https:\\\/\\\/www.tair.pe\\\/web2.0\\\/#\\\/schema\\\/logo\\\/image\\\/\"},\"sameAs\":[\"https:\\\/\\\/www.facebook.com\\\/people\\\/Tair-Renting\\\/100064156449554\\\/\",\"https:\\\/\\\/pe.linkedin.com\\\/company\\\/tair-renting\",\"https:\\\/\\\/www.instagram.com\\\/tair.renting\\\/\"]}]}<\/script>\n<!-- \/ Yoast SEO plugin. -->","yoast_head_json":{"title":"Pala hidr&aacute;ulica sobre oruga 6050\/6050 FS - Caterpillar - Tair Renting","robots":{"index":"index","follow":"follow","max-snippet":"max-snippet:-1","max-image-preview":"max-image-preview:large","max-video-preview":"max-video-preview:-1"},"canonical":"https:\/\/www.tair.pe\/web2.0\/producto\/pala-hidrulica-sobre-oruga-6050-6050-fs-caterpillar\/","og_locale":"es_ES","og_type":"article","og_title":"Pala hidr&aacute;ulica sobre oruga 6050\/6050 FS - Caterpillar - Tair Renting","og_description":"&lt;p&gt;\u00a0&lt;\/p&gt; &lt;p&gt;&lt;span style=&#8221;font-size: 10pt;&#8221;&gt;&lt;strong&gt;&lt;span style=&#8221;color: #2a6da5;&#8221;&gt;Caracter\u00edsticas&lt;\/span&gt;&lt;\/strong&gt;&lt;\/span&gt;&lt;\/p&gt; &lt;table style=&#8221;width: 768.65px;&#8221;&gt; &lt;tbody&gt; &lt;tr style=&#8221;height: 16px;&#8221;&gt; &lt;td style=&#8221;width: 270px; height: 16px;&#8221;&gt;&lt;span style=&#8221;font-size: 10pt;&#8221;&gt;&lt;strong&gt;Modelo de motor 6050&lt;br \/&gt;&lt;\/strong&gt;&lt;\/span&gt;&lt;\/td&gt; &lt;td style=&#8221;width: 392.65px; height: 16px;&#8221;&gt;2 \u00d7 Cummins K1500E\u00a0&lt;\/td&gt; &lt;\/tr&gt; &lt;tr style=&#8221;height: 16px;&#8221;&gt; &lt;td style=&#8221;width: 270px; height: 16px;&#8221;&gt;&lt;span style=&#8221;font-size: 10pt;&#8221;&gt;&lt;strong&gt;Modelo de motor 6050 FS&lt;br \/&gt;&lt;\/strong&gt;&lt;\/span&gt;&lt;\/td&gt; &lt;td style=&#8221;width: 392.65px; height: 16px;&#8221;&gt;&lt;span style=&#8221;font-size: 10pt;&#8221;&gt;2 [&hellip;]","og_url":"https:\/\/www.tair.pe\/web2.0\/producto\/pala-hidrulica-sobre-oruga-6050-6050-fs-caterpillar\/","og_site_name":"Tair Renting","article_publisher":"https:\/\/www.facebook.com\/people\/Tair-Renting\/100064156449554\/","article_modified_time":"2025-04-29T01:23:18+00:00","og_image":[{"width":712,"height":534,"url":"https:\/\/www.tair.pe\/web2.0\/wp-content\/uploads\/2025\/01\/Cta-6050-6050FS.jpeg","type":"image\/jpeg"}],"twitter_card":"summary_large_image","twitter_misc":{"Tiempo de lectura":"1 minuto"},"schema":{"@context":"https:\/\/schema.org","@graph":[{"@type":"WebPage","@id":"https:\/\/www.tair.pe\/web2.0\/producto\/pala-hidrulica-sobre-oruga-6050-6050-fs-caterpillar\/","url":"https:\/\/www.tair.pe\/web2.0\/producto\/pala-hidrulica-sobre-oruga-6050-6050-fs-caterpillar\/","name":"Pala hidr&aacute;ulica sobre oruga 6050\/6050 FS - Caterpillar - Tair Renting","isPartOf":{"@id":"https:\/\/www.tair.pe\/web2.0\/#website"},"primaryImageOfPage":{"@id":"https:\/\/www.tair.pe\/web2.0\/producto\/pala-hidrulica-sobre-oruga-6050-6050-fs-caterpillar\/#primaryimage"},"image":{"@id":"https:\/\/www.tair.pe\/web2.0\/producto\/pala-hidrulica-sobre-oruga-6050-6050-fs-caterpillar\/#primaryimage"},"thumbnailUrl":"https:\/\/www.tair.pe\/web2.0\/wp-content\/uploads\/2025\/01\/Cta-6050-6050FS.jpeg","datePublished":"2025-01-16T02:03:48+00:00","dateModified":"2025-04-29T01:23:18+00:00","breadcrumb":{"@id":"https:\/\/www.tair.pe\/web2.0\/producto\/pala-hidrulica-sobre-oruga-6050-6050-fs-caterpillar\/#breadcrumb"},"inLanguage":"es","potentialAction":[{"@type":"ReadAction","target":["https:\/\/www.tair.pe\/web2.0\/producto\/pala-hidrulica-sobre-oruga-6050-6050-fs-caterpillar\/"]}]},{"@type":"ImageObject","inLanguage":"es","@id":"https:\/\/www.tair.pe\/web2.0\/producto\/pala-hidrulica-sobre-oruga-6050-6050-fs-caterpillar\/#primaryimage","url":"https:\/\/www.tair.pe\/web2.0\/wp-content\/uploads\/2025\/01\/Cta-6050-6050FS.jpeg","contentUrl":"https:\/\/www.tair.pe\/web2.0\/wp-content\/uploads\/2025\/01\/Cta-6050-6050FS.jpeg","width":712,"height":534},{"@type":"BreadcrumbList","@id":"https:\/\/www.tair.pe\/web2.0\/producto\/pala-hidrulica-sobre-oruga-6050-6050-fs-caterpillar\/#breadcrumb","itemListElement":[{"@type":"ListItem","position":1,"name":"Home","item":"https:\/\/www.tair.pe\/web2.0\/"},{"@type":"ListItem","position":2,"name":"Tienda","item":"https:\/\/www.tair.pe\/web2.0\/tienda\/"},{"@type":"ListItem","position":3,"name":"Pala hidr&aacute;ulica sobre oruga 6050\/6050 FS &#8211; Caterpillar"}]},{"@type":"WebSite","@id":"https:\/\/www.tair.pe\/web2.0\/#website","url":"https:\/\/www.tair.pe\/web2.0\/","name":"Tair Renting","description":"Renting y Leasing Operativo de veh\u00edculos en Per\u00fa, administraci\u00f3n y gesti\u00f3n de flotas a mediano y largo plazo. Telf.(511)230-2828 renting@tair.pe","publisher":{"@id":"https:\/\/www.tair.pe\/web2.0\/#organization"},"potentialAction":[{"@type":"SearchAction","target":{"@type":"EntryPoint","urlTemplate":"https:\/\/www.tair.pe\/web2.0\/?s={search_term_string}"},"query-input":{"@type":"PropertyValueSpecification","valueRequired":true,"valueName":"search_term_string"}}],"inLanguage":"es"},{"@type":"Organization","@id":"https:\/\/www.tair.pe\/web2.0\/#organization","name":"Tair Renting","url":"https:\/\/www.tair.pe\/web2.0\/","logo":{"@type":"ImageObject","inLanguage":"es","@id":"https:\/\/www.tair.pe\/web2.0\/#\/schema\/logo\/image\/","url":"https:\/\/www.tair.pe\/web2.0\/wp-content\/uploads\/2025\/01\/LOGO.png","contentUrl":"https:\/\/www.tair.pe\/web2.0\/wp-content\/uploads\/2025\/01\/LOGO.png","width":400,"height":257,"caption":"Tair Renting"},"image":{"@id":"https:\/\/www.tair.pe\/web2.0\/#\/schema\/logo\/image\/"},"sameAs":["https:\/\/www.facebook.com\/people\/Tair-Renting\/100064156449554\/","https:\/\/pe.linkedin.com\/company\/tair-renting","https:\/\/www.instagram.com\/tair.renting\/"]}]}},"_links":{"self":[{"href":"https:\/\/www.tair.pe\/web2.0\/wp-json\/wp\/v2\/product\/2945","targetHints":{"allow":["GET"]}}],"collection":[{"href":"https:\/\/www.tair.pe\/web2.0\/wp-json\/wp\/v2\/product"}],"about":[{"href":"https:\/\/www.tair.pe\/web2.0\/wp-json\/wp\/v2\/types\/product"}],"wp:featuredmedia":[{"embeddable":true,"href":"https:\/\/www.tair.pe\/web2.0\/wp-json\/wp\/v2\/media\/4313"}],"wp:attachment":[{"href":"https:\/\/www.tair.pe\/web2.0\/wp-json\/wp\/v2\/media?parent=2945"}],"wp:term":[{"taxonomy":"product_brand","embeddable":true,"href":"https:\/\/www.tair.pe\/web2.0\/wp-json\/wp\/v2\/product_brand?post=2945"},{"taxonomy":"product_cat","embeddable":true,"href":"https:\/\/www.tair.pe\/web2.0\/wp-json\/wp\/v2\/product_cat?post=2945"},{"taxonomy":"product_tag","embeddable":true,"href":"https:\/\/www.tair.pe\/web2.0\/wp-json\/wp\/v2\/product_tag?post=2945"}],"curies":[{"name":"wp","href":"https:\/\/api.w.org\/{rel}","templated":true}]}}