{"id":2969,"date":"2025-01-16T02:03:53","date_gmt":"2025-01-16T02:03:53","guid":{"rendered":"https:\/\/www.tair.pe\/web2.0\/producto\/cargador-de-rueda-para-cantera-992k-caterpillar\/"},"modified":"2025-04-29T00:58:26","modified_gmt":"2025-04-29T00:58:26","slug":"cargador-de-rueda-para-cantera-992k-caterpillar","status":"publish","type":"product","link":"https:\/\/www.tair.pe\/web2.0\/producto\/cargador-de-rueda-para-cantera-992k-caterpillar\/","title":{"rendered":"Cargador de rueda para cantera 992K &#8211; Caterpillar"},"content":{"rendered":"<p>&lt;p&gt;\u00a0&lt;\/p&gt;<br \/>\n&lt;p&gt;&lt;span style=&#8221;font-size: 10pt;&#8221;&gt;&lt;strong&gt;&lt;span style=&#8221;color: #2a6da5;&#8221;&gt;Caracter\u00edsticas&lt;\/span&gt;&lt;\/strong&gt;&lt;\/span&gt;&lt;\/p&gt;<br \/>\n&lt;table style=&#8221;width: 658px;&#8221;&gt;<br \/>\n&lt;tbody&gt;<br \/>\n&lt;tr&gt;<br \/>\n&lt;td style=&#8221;width: 205.4px;&#8221;&gt;&lt;span style=&#8221;font-size: 10pt;&#8221;&gt;&lt;strong&gt;Modelo de Motor&lt;br \/&gt;&lt;\/strong&gt;&lt;\/span&gt;&lt;\/td&gt;<br \/>\n&lt;td style=&#8221;width: 350.6px;&#8221;&gt;&lt;span style=&#8221;font-size: 12pt;&#8221;&gt;Cat ACERT C32&lt;\/span&gt;&lt;\/td&gt;<br \/>\n&lt;\/tr&gt;<br \/>\n&lt;tr&gt;<br \/>\n&lt;td style=&#8221;width: 205.4px;&#8221;&gt;&lt;span style=&#8221;font-size: 10pt;&#8221;&gt;&lt;strong&gt;Potencia Bruta&lt;br \/&gt;&lt;\/strong&gt;&lt;\/span&gt;&lt;\/td&gt;<br \/>\n&lt;td style=&#8221;width: 350.6px;&#8221;&gt;&lt;span style=&#8221;font-size: 12pt;&#8221;&gt;884 Hp a 1.750 rpm: ISO 14396&lt;\/span&gt;&lt;\/td&gt;<br \/>\n&lt;\/tr&gt;<br \/>\n&lt;tr&gt;<br \/>\n&lt;td style=&#8221;width: 205.4px;&#8221;&gt;&lt;strong&gt;Carrera&lt;\/strong&gt;&lt;\/td&gt;<br \/>\n&lt;td style=&#8221;width: 350.6px;&#8221;&gt;&lt;span style=&#8221;font-size: 12pt;&#8221;&gt;162 mm&lt;\/span&gt;&lt;\/td&gt;<br \/>\n&lt;\/tr&gt;<br \/>\n&lt;tr&gt;<br \/>\n&lt;td style=&#8221;width: 205.4px;&#8221;&gt;&lt;strong&gt;Cilindrada&lt;\/strong&gt;&lt;\/td&gt;<br \/>\n&lt;td style=&#8221;width: 350.6px;&#8221;&gt;&lt;span style=&#8221;font-size: 12pt;&#8221;&gt;32.1&lt;\/span&gt;&lt;\/td&gt;<br \/>\n&lt;\/tr&gt;<br \/>\n&lt;tr&gt;<br \/>\n&lt;td style=&#8221;width: 205.4px;&#8221;&gt;&lt;strong&gt;Peso en orden de trabajo&lt;\/strong&gt;&lt;\/td&gt;<br \/>\n&lt;td style=&#8221;width: 350.6px;&#8221;&gt;&lt;span style=&#8221;font-size: 12pt;&#8221;&gt;99,831 kg&lt;\/span&gt;&lt;\/td&gt;<br \/>\n&lt;\/tr&gt;<br \/>\n&lt;tr&gt;<br \/>\n&lt;td style=&#8221;width: 205.4px;&#8221;&gt;&lt;strong&gt;Fuerza de desprendimiento&lt;\/strong&gt;&lt;\/td&gt;<br \/>\n&lt;td style=&#8221;width: 350.6px;&#8221;&gt;&lt;span style=&#8221;font-size: 12pt;&#8221;&gt;57,975 kg&lt;\/span&gt;&lt;\/td&gt;<br \/>\n&lt;\/tr&gt;<br \/>\n&lt;tr&gt;<br \/>\n&lt;td style=&#8221;width: 205.4px;&#8221;&gt;&lt;strong&gt;Capacidades del cuchar\u00f3n&lt;\/strong&gt;&lt;\/td&gt;<br \/>\n&lt;td style=&#8221;width: 350.6px;&#8221;&gt;&lt;span style=&#8221;font-size: 12pt;&#8221;&gt;10,7 m3 a 12,3 m3&lt;\/span&gt;&lt;\/td&gt;<br \/>\n&lt;\/tr&gt;<br \/>\n&lt;\/tbody&gt;<br \/>\n&lt;\/table&gt;<br \/>\n&lt;p&gt;\u00a0&lt;\/p&gt;<\/p>\n","protected":false},"excerpt":{"rendered":"<p>&lt;p&gt;\u00a0&lt;\/p&gt; &lt;p&gt;&lt;span style=&#8221;font-size: 10pt;&#8221;&gt;&lt;strong&gt;&lt;span style=&#8221;color: #2a6da5;&#8221;&gt;Caracter\u00edsticas&lt;\/span&gt;&lt;\/strong&gt;&lt;\/span&gt;&lt;\/p&gt; &lt;table style=&#8221;width: 658px;&#8221;&gt; &lt;tbody&gt; &lt;tr&gt; &lt;td style=&#8221;width: 205.4px;&#8221;&gt;&lt;span style=&#8221;font-size: 10pt;&#8221;&gt;&lt;strong&gt;Modelo de Motor&lt;br \/&gt;&lt;\/strong&gt;&lt;\/span&gt;&lt;\/td&gt; &lt;td style=&#8221;width: 350.6px;&#8221;&gt;&lt;span style=&#8221;font-size: 12pt;&#8221;&gt;Cat ACERT C32&lt;\/span&gt;&lt;\/td&gt; &lt;\/tr&gt; &lt;tr&gt; &lt;td style=&#8221;width: 205.4px;&#8221;&gt;&lt;span style=&#8221;font-size: 10pt;&#8221;&gt;&lt;strong&gt;Potencia Bruta&lt;br \/&gt;&lt;\/strong&gt;&lt;\/span&gt;&lt;\/td&gt; &lt;td style=&#8221;width: 350.6px;&#8221;&gt;&lt;span style=&#8221;font-size: 12pt;&#8221;&gt;884 Hp a 1.750 rpm: ISO 14396&lt;\/span&gt;&lt;\/td&gt; &lt;\/tr&gt; &lt;tr&gt; &lt;td style=&#8221;width: 205.4px;&#8221;&gt;&lt;strong&gt;Carrera&lt;\/strong&gt;&lt;\/td&gt; &lt;td style=&#8221;width: 350.6px;&#8221;&gt;&lt;span style=&#8221;font-size: [&hellip;]<\/p>\n","protected":false},"featured_media":4363,"template":"","meta":{"nf_dc_page":""},"product_brand":[632],"product_cat":[635,383],"product_tag":[],"class_list":{"0":"post-2969","1":"product","2":"type-product","3":"status-publish","4":"has-post-thumbnail","6":"product_brand-caterpillar","7":"product_cat-cargador-de-rueda-para-cantera","8":"product_cat-maquinaria-pesada","10":"first","11":"instock","12":"shipping-taxable","13":"product-type-simple"},"yoast_head":"<!-- This site is optimized with the Yoast SEO plugin v27.4 - https:\/\/yoast.com\/product\/yoast-seo-wordpress\/ -->\n<title>Cargador de rueda para cantera 992K - Caterpillar - Tair Renting<\/title>\n<meta name=\"robots\" content=\"index, follow, max-snippet:-1, max-image-preview:large, max-video-preview:-1\" \/>\n<link rel=\"canonical\" href=\"https:\/\/www.tair.pe\/web2.0\/producto\/cargador-de-rueda-para-cantera-992k-caterpillar\/\" \/>\n<meta property=\"og:locale\" content=\"es_ES\" \/>\n<meta property=\"og:type\" content=\"article\" \/>\n<meta property=\"og:title\" content=\"Cargador de rueda para cantera 992K - Caterpillar - Tair Renting\" \/>\n<meta property=\"og:description\" content=\"&lt;p&gt;\u00a0&lt;\/p&gt; &lt;p&gt;&lt;span style=&#8221;font-size: 10pt;&#8221;&gt;&lt;strong&gt;&lt;span style=&#8221;color: #2a6da5;&#8221;&gt;Caracter\u00edsticas&lt;\/span&gt;&lt;\/strong&gt;&lt;\/span&gt;&lt;\/p&gt; &lt;table style=&#8221;width: 658px;&#8221;&gt; &lt;tbody&gt; &lt;tr&gt; &lt;td style=&#8221;width: 205.4px;&#8221;&gt;&lt;span style=&#8221;font-size: 10pt;&#8221;&gt;&lt;strong&gt;Modelo de Motor&lt;br \/&gt;&lt;\/strong&gt;&lt;\/span&gt;&lt;\/td&gt; &lt;td style=&#8221;width: 350.6px;&#8221;&gt;&lt;span style=&#8221;font-size: 12pt;&#8221;&gt;Cat ACERT C32&lt;\/span&gt;&lt;\/td&gt; &lt;\/tr&gt; &lt;tr&gt; &lt;td style=&#8221;width: 205.4px;&#8221;&gt;&lt;span style=&#8221;font-size: 10pt;&#8221;&gt;&lt;strong&gt;Potencia Bruta&lt;br \/&gt;&lt;\/strong&gt;&lt;\/span&gt;&lt;\/td&gt; &lt;td style=&#8221;width: 350.6px;&#8221;&gt;&lt;span style=&#8221;font-size: 12pt;&#8221;&gt;884 Hp a 1.750 rpm: ISO 14396&lt;\/span&gt;&lt;\/td&gt; &lt;\/tr&gt; &lt;tr&gt; &lt;td style=&#8221;width: 205.4px;&#8221;&gt;&lt;strong&gt;Carrera&lt;\/strong&gt;&lt;\/td&gt; &lt;td style=&#8221;width: 350.6px;&#8221;&gt;&lt;span style=&#8221;font-size: [&hellip;]\" \/>\n<meta property=\"og:url\" content=\"https:\/\/www.tair.pe\/web2.0\/producto\/cargador-de-rueda-para-cantera-992k-caterpillar\/\" \/>\n<meta property=\"og:site_name\" content=\"Tair Renting\" \/>\n<meta property=\"article:publisher\" content=\"https:\/\/www.facebook.com\/people\/Tair-Renting\/100064156449554\/\" \/>\n<meta property=\"article:modified_time\" content=\"2025-04-29T00:58:26+00:00\" \/>\n<meta property=\"og:image\" content=\"https:\/\/www.tair.pe\/web2.0\/wp-content\/uploads\/2025\/01\/Cat-992K.jpeg\" \/>\n\t<meta property=\"og:image:width\" content=\"529\" \/>\n\t<meta property=\"og:image:height\" content=\"301\" \/>\n\t<meta property=\"og:image:type\" content=\"image\/jpeg\" \/>\n<meta name=\"twitter:card\" content=\"summary_large_image\" \/>\n<meta name=\"twitter:label1\" content=\"Tiempo de lectura\" \/>\n\t<meta name=\"twitter:data1\" content=\"1 minuto\" \/>\n<script type=\"application\/ld+json\" class=\"yoast-schema-graph\">{\"@context\":\"https:\\\/\\\/schema.org\",\"@graph\":[{\"@type\":\"WebPage\",\"@id\":\"https:\\\/\\\/www.tair.pe\\\/web2.0\\\/producto\\\/cargador-de-rueda-para-cantera-992k-caterpillar\\\/\",\"url\":\"https:\\\/\\\/www.tair.pe\\\/web2.0\\\/producto\\\/cargador-de-rueda-para-cantera-992k-caterpillar\\\/\",\"name\":\"Cargador de rueda para cantera 992K - Caterpillar - Tair Renting\",\"isPartOf\":{\"@id\":\"https:\\\/\\\/www.tair.pe\\\/web2.0\\\/#website\"},\"primaryImageOfPage\":{\"@id\":\"https:\\\/\\\/www.tair.pe\\\/web2.0\\\/producto\\\/cargador-de-rueda-para-cantera-992k-caterpillar\\\/#primaryimage\"},\"image\":{\"@id\":\"https:\\\/\\\/www.tair.pe\\\/web2.0\\\/producto\\\/cargador-de-rueda-para-cantera-992k-caterpillar\\\/#primaryimage\"},\"thumbnailUrl\":\"https:\\\/\\\/www.tair.pe\\\/web2.0\\\/wp-content\\\/uploads\\\/2025\\\/01\\\/Cat-992K.jpeg\",\"datePublished\":\"2025-01-16T02:03:53+00:00\",\"dateModified\":\"2025-04-29T00:58:26+00:00\",\"breadcrumb\":{\"@id\":\"https:\\\/\\\/www.tair.pe\\\/web2.0\\\/producto\\\/cargador-de-rueda-para-cantera-992k-caterpillar\\\/#breadcrumb\"},\"inLanguage\":\"es\",\"potentialAction\":[{\"@type\":\"ReadAction\",\"target\":[\"https:\\\/\\\/www.tair.pe\\\/web2.0\\\/producto\\\/cargador-de-rueda-para-cantera-992k-caterpillar\\\/\"]}]},{\"@type\":\"ImageObject\",\"inLanguage\":\"es\",\"@id\":\"https:\\\/\\\/www.tair.pe\\\/web2.0\\\/producto\\\/cargador-de-rueda-para-cantera-992k-caterpillar\\\/#primaryimage\",\"url\":\"https:\\\/\\\/www.tair.pe\\\/web2.0\\\/wp-content\\\/uploads\\\/2025\\\/01\\\/Cat-992K.jpeg\",\"contentUrl\":\"https:\\\/\\\/www.tair.pe\\\/web2.0\\\/wp-content\\\/uploads\\\/2025\\\/01\\\/Cat-992K.jpeg\",\"width\":529,\"height\":301},{\"@type\":\"BreadcrumbList\",\"@id\":\"https:\\\/\\\/www.tair.pe\\\/web2.0\\\/producto\\\/cargador-de-rueda-para-cantera-992k-caterpillar\\\/#breadcrumb\",\"itemListElement\":[{\"@type\":\"ListItem\",\"position\":1,\"name\":\"Home\",\"item\":\"https:\\\/\\\/www.tair.pe\\\/web2.0\\\/\"},{\"@type\":\"ListItem\",\"position\":2,\"name\":\"Tienda\",\"item\":\"https:\\\/\\\/www.tair.pe\\\/web2.0\\\/tienda\\\/\"},{\"@type\":\"ListItem\",\"position\":3,\"name\":\"Cargador de rueda para cantera 992K &#8211; Caterpillar\"}]},{\"@type\":\"WebSite\",\"@id\":\"https:\\\/\\\/www.tair.pe\\\/web2.0\\\/#website\",\"url\":\"https:\\\/\\\/www.tair.pe\\\/web2.0\\\/\",\"name\":\"Tair Renting\",\"description\":\"Renting y Leasing Operativo de veh\u00edculos en Per\u00fa, administraci\u00f3n y gesti\u00f3n de flotas a mediano y largo plazo. Telf.(511)230-2828 renting@tair.pe\",\"publisher\":{\"@id\":\"https:\\\/\\\/www.tair.pe\\\/web2.0\\\/#organization\"},\"potentialAction\":[{\"@type\":\"SearchAction\",\"target\":{\"@type\":\"EntryPoint\",\"urlTemplate\":\"https:\\\/\\\/www.tair.pe\\\/web2.0\\\/?s={search_term_string}\"},\"query-input\":{\"@type\":\"PropertyValueSpecification\",\"valueRequired\":true,\"valueName\":\"search_term_string\"}}],\"inLanguage\":\"es\"},{\"@type\":\"Organization\",\"@id\":\"https:\\\/\\\/www.tair.pe\\\/web2.0\\\/#organization\",\"name\":\"Tair Renting\",\"url\":\"https:\\\/\\\/www.tair.pe\\\/web2.0\\\/\",\"logo\":{\"@type\":\"ImageObject\",\"inLanguage\":\"es\",\"@id\":\"https:\\\/\\\/www.tair.pe\\\/web2.0\\\/#\\\/schema\\\/logo\\\/image\\\/\",\"url\":\"https:\\\/\\\/www.tair.pe\\\/web2.0\\\/wp-content\\\/uploads\\\/2025\\\/01\\\/LOGO.png\",\"contentUrl\":\"https:\\\/\\\/www.tair.pe\\\/web2.0\\\/wp-content\\\/uploads\\\/2025\\\/01\\\/LOGO.png\",\"width\":400,\"height\":257,\"caption\":\"Tair Renting\"},\"image\":{\"@id\":\"https:\\\/\\\/www.tair.pe\\\/web2.0\\\/#\\\/schema\\\/logo\\\/image\\\/\"},\"sameAs\":[\"https:\\\/\\\/www.facebook.com\\\/people\\\/Tair-Renting\\\/100064156449554\\\/\",\"https:\\\/\\\/pe.linkedin.com\\\/company\\\/tair-renting\",\"https:\\\/\\\/www.instagram.com\\\/tair.renting\\\/\"]}]}<\/script>\n<!-- \/ Yoast SEO plugin. -->","yoast_head_json":{"title":"Cargador de rueda para cantera 992K - Caterpillar - Tair Renting","robots":{"index":"index","follow":"follow","max-snippet":"max-snippet:-1","max-image-preview":"max-image-preview:large","max-video-preview":"max-video-preview:-1"},"canonical":"https:\/\/www.tair.pe\/web2.0\/producto\/cargador-de-rueda-para-cantera-992k-caterpillar\/","og_locale":"es_ES","og_type":"article","og_title":"Cargador de rueda para cantera 992K - Caterpillar - Tair Renting","og_description":"&lt;p&gt;\u00a0&lt;\/p&gt; &lt;p&gt;&lt;span style=&#8221;font-size: 10pt;&#8221;&gt;&lt;strong&gt;&lt;span style=&#8221;color: #2a6da5;&#8221;&gt;Caracter\u00edsticas&lt;\/span&gt;&lt;\/strong&gt;&lt;\/span&gt;&lt;\/p&gt; &lt;table style=&#8221;width: 658px;&#8221;&gt; &lt;tbody&gt; &lt;tr&gt; &lt;td style=&#8221;width: 205.4px;&#8221;&gt;&lt;span style=&#8221;font-size: 10pt;&#8221;&gt;&lt;strong&gt;Modelo de Motor&lt;br \/&gt;&lt;\/strong&gt;&lt;\/span&gt;&lt;\/td&gt; &lt;td style=&#8221;width: 350.6px;&#8221;&gt;&lt;span style=&#8221;font-size: 12pt;&#8221;&gt;Cat ACERT C32&lt;\/span&gt;&lt;\/td&gt; &lt;\/tr&gt; &lt;tr&gt; &lt;td style=&#8221;width: 205.4px;&#8221;&gt;&lt;span style=&#8221;font-size: 10pt;&#8221;&gt;&lt;strong&gt;Potencia Bruta&lt;br \/&gt;&lt;\/strong&gt;&lt;\/span&gt;&lt;\/td&gt; &lt;td style=&#8221;width: 350.6px;&#8221;&gt;&lt;span style=&#8221;font-size: 12pt;&#8221;&gt;884 Hp a 1.750 rpm: ISO 14396&lt;\/span&gt;&lt;\/td&gt; &lt;\/tr&gt; &lt;tr&gt; &lt;td style=&#8221;width: 205.4px;&#8221;&gt;&lt;strong&gt;Carrera&lt;\/strong&gt;&lt;\/td&gt; &lt;td style=&#8221;width: 350.6px;&#8221;&gt;&lt;span style=&#8221;font-size: [&hellip;]","og_url":"https:\/\/www.tair.pe\/web2.0\/producto\/cargador-de-rueda-para-cantera-992k-caterpillar\/","og_site_name":"Tair Renting","article_publisher":"https:\/\/www.facebook.com\/people\/Tair-Renting\/100064156449554\/","article_modified_time":"2025-04-29T00:58:26+00:00","og_image":[{"width":529,"height":301,"url":"https:\/\/www.tair.pe\/web2.0\/wp-content\/uploads\/2025\/01\/Cat-992K.jpeg","type":"image\/jpeg"}],"twitter_card":"summary_large_image","twitter_misc":{"Tiempo de lectura":"1 minuto"},"schema":{"@context":"https:\/\/schema.org","@graph":[{"@type":"WebPage","@id":"https:\/\/www.tair.pe\/web2.0\/producto\/cargador-de-rueda-para-cantera-992k-caterpillar\/","url":"https:\/\/www.tair.pe\/web2.0\/producto\/cargador-de-rueda-para-cantera-992k-caterpillar\/","name":"Cargador de rueda para cantera 992K - Caterpillar - Tair Renting","isPartOf":{"@id":"https:\/\/www.tair.pe\/web2.0\/#website"},"primaryImageOfPage":{"@id":"https:\/\/www.tair.pe\/web2.0\/producto\/cargador-de-rueda-para-cantera-992k-caterpillar\/#primaryimage"},"image":{"@id":"https:\/\/www.tair.pe\/web2.0\/producto\/cargador-de-rueda-para-cantera-992k-caterpillar\/#primaryimage"},"thumbnailUrl":"https:\/\/www.tair.pe\/web2.0\/wp-content\/uploads\/2025\/01\/Cat-992K.jpeg","datePublished":"2025-01-16T02:03:53+00:00","dateModified":"2025-04-29T00:58:26+00:00","breadcrumb":{"@id":"https:\/\/www.tair.pe\/web2.0\/producto\/cargador-de-rueda-para-cantera-992k-caterpillar\/#breadcrumb"},"inLanguage":"es","potentialAction":[{"@type":"ReadAction","target":["https:\/\/www.tair.pe\/web2.0\/producto\/cargador-de-rueda-para-cantera-992k-caterpillar\/"]}]},{"@type":"ImageObject","inLanguage":"es","@id":"https:\/\/www.tair.pe\/web2.0\/producto\/cargador-de-rueda-para-cantera-992k-caterpillar\/#primaryimage","url":"https:\/\/www.tair.pe\/web2.0\/wp-content\/uploads\/2025\/01\/Cat-992K.jpeg","contentUrl":"https:\/\/www.tair.pe\/web2.0\/wp-content\/uploads\/2025\/01\/Cat-992K.jpeg","width":529,"height":301},{"@type":"BreadcrumbList","@id":"https:\/\/www.tair.pe\/web2.0\/producto\/cargador-de-rueda-para-cantera-992k-caterpillar\/#breadcrumb","itemListElement":[{"@type":"ListItem","position":1,"name":"Home","item":"https:\/\/www.tair.pe\/web2.0\/"},{"@type":"ListItem","position":2,"name":"Tienda","item":"https:\/\/www.tair.pe\/web2.0\/tienda\/"},{"@type":"ListItem","position":3,"name":"Cargador de rueda para cantera 992K &#8211; Caterpillar"}]},{"@type":"WebSite","@id":"https:\/\/www.tair.pe\/web2.0\/#website","url":"https:\/\/www.tair.pe\/web2.0\/","name":"Tair Renting","description":"Renting y Leasing Operativo de veh\u00edculos en Per\u00fa, administraci\u00f3n y gesti\u00f3n de flotas a mediano y largo plazo. Telf.(511)230-2828 renting@tair.pe","publisher":{"@id":"https:\/\/www.tair.pe\/web2.0\/#organization"},"potentialAction":[{"@type":"SearchAction","target":{"@type":"EntryPoint","urlTemplate":"https:\/\/www.tair.pe\/web2.0\/?s={search_term_string}"},"query-input":{"@type":"PropertyValueSpecification","valueRequired":true,"valueName":"search_term_string"}}],"inLanguage":"es"},{"@type":"Organization","@id":"https:\/\/www.tair.pe\/web2.0\/#organization","name":"Tair Renting","url":"https:\/\/www.tair.pe\/web2.0\/","logo":{"@type":"ImageObject","inLanguage":"es","@id":"https:\/\/www.tair.pe\/web2.0\/#\/schema\/logo\/image\/","url":"https:\/\/www.tair.pe\/web2.0\/wp-content\/uploads\/2025\/01\/LOGO.png","contentUrl":"https:\/\/www.tair.pe\/web2.0\/wp-content\/uploads\/2025\/01\/LOGO.png","width":400,"height":257,"caption":"Tair Renting"},"image":{"@id":"https:\/\/www.tair.pe\/web2.0\/#\/schema\/logo\/image\/"},"sameAs":["https:\/\/www.facebook.com\/people\/Tair-Renting\/100064156449554\/","https:\/\/pe.linkedin.com\/company\/tair-renting","https:\/\/www.instagram.com\/tair.renting\/"]}]}},"_links":{"self":[{"href":"https:\/\/www.tair.pe\/web2.0\/wp-json\/wp\/v2\/product\/2969","targetHints":{"allow":["GET"]}}],"collection":[{"href":"https:\/\/www.tair.pe\/web2.0\/wp-json\/wp\/v2\/product"}],"about":[{"href":"https:\/\/www.tair.pe\/web2.0\/wp-json\/wp\/v2\/types\/product"}],"wp:featuredmedia":[{"embeddable":true,"href":"https:\/\/www.tair.pe\/web2.0\/wp-json\/wp\/v2\/media\/4363"}],"wp:attachment":[{"href":"https:\/\/www.tair.pe\/web2.0\/wp-json\/wp\/v2\/media?parent=2969"}],"wp:term":[{"taxonomy":"product_brand","embeddable":true,"href":"https:\/\/www.tair.pe\/web2.0\/wp-json\/wp\/v2\/product_brand?post=2969"},{"taxonomy":"product_cat","embeddable":true,"href":"https:\/\/www.tair.pe\/web2.0\/wp-json\/wp\/v2\/product_cat?post=2969"},{"taxonomy":"product_tag","embeddable":true,"href":"https:\/\/www.tair.pe\/web2.0\/wp-json\/wp\/v2\/product_tag?post=2969"}],"curies":[{"name":"wp","href":"https:\/\/api.w.org\/{rel}","templated":true}]}}