{"id":3074,"date":"2025-01-16T02:04:07","date_gmt":"2025-01-16T02:04:07","guid":{"rendered":"https:\/\/www.tair.pe\/web2.0\/producto\/kia-mohave-3-8-v6\/"},"modified":"2025-04-23T04:22:13","modified_gmt":"2025-04-23T04:22:13","slug":"kia-mohave-3-8-v6","status":"publish","type":"product","link":"https:\/\/www.tair.pe\/web2.0\/producto\/kia-mohave-3-8-v6\/","title":{"rendered":"Kia Mohave &#8211; 3.8 V6"},"content":{"rendered":"<p>El <strong>Kia Mohave 3.8 V6<\/strong> es un SUV de tama\u00f1o completo que combina robustez y rendimiento. Equipado con un motor <strong>V6 de 3.8 litros<\/strong>, este veh\u00edculo ofrece una potencia de <strong>274 caballos de fuerza<\/strong> a <strong>6,000 rpm<\/strong> y un torque de <strong>369 Nm<\/strong> a <strong>4,400 rpm<\/strong>. Estas especificaciones le permiten acelerar de 0 a 100 km\/h en aproximadamente <strong>8.5 segundos<\/strong>, alcanzando una velocidad m\u00e1xima de <strong>190 km\/h<\/strong>.<\/p>\n<p>En t\u00e9rminos de dimensiones, el Mohave mide <strong>4,880 mm<\/strong> de largo, <strong>1,915 mm<\/strong> de ancho y <strong>1,810 mm<\/strong> de alto, con una distancia entre ejes de <strong>2,895 mm<\/strong>. Su peso en vac\u00edo es de <strong>2,051 kg<\/strong>, y cuenta con una capacidad de carga \u00fatil de <strong>669 kg<\/strong>. El espacio de carga var\u00eda entre <strong>350 litros<\/strong> con todos los asientos en uso y hasta <strong>2,050 litros<\/strong> con los asientos traseros abatidos, ofreciendo versatilidad para diferentes necesidades de transporte.<\/p>\n<p>El veh\u00edculo est\u00e1 equipado con una transmisi\u00f3n autom\u00e1tica de <strong>6 velocidades<\/strong> y ofrece tracci\u00f3n en las cuatro ruedas (4WD), lo que mejora su desempe\u00f1o en diversas condiciones de manejo. La capacidad del tanque de combustible es de <strong>82 litros<\/strong>, y el consumo de combustible combinado se sit\u00faa en torno a <strong>11.6 litros por cada 100 km<\/strong>, con consumos urbanos y extraurbanos de <strong>15.1<\/strong> y <strong>9.6 litros por cada 100 km<\/strong>, respectivamente.<\/p>\n","protected":false},"excerpt":{"rendered":"<p>El Kia Mohave 3.8 V6 es un SUV de tama\u00f1o completo que combina robustez y rendimiento. Equipado con un motor V6 de 3.8 litros, este veh\u00edculo ofrece una potencia de 274 caballos de fuerza a 6,000 rpm y un torque de 369 Nm a 4,400 rpm. Estas especificaciones le permiten acelerar de 0 a 100 [&hellip;]<\/p>\n","protected":false},"featured_media":3855,"template":"","meta":{"nf_dc_page":""},"product_brand":[613],"product_cat":[387],"product_tag":[],"class_list":{"0":"post-3074","1":"product","2":"type-product","3":"status-publish","4":"has-post-thumbnail","6":"product_brand-kia","7":"product_cat-suv","9":"first","10":"instock","11":"shipping-taxable","12":"product-type-simple"},"yoast_head":"<!-- This site is optimized with the Yoast SEO plugin v27.4 - https:\/\/yoast.com\/product\/yoast-seo-wordpress\/ -->\n<title>Kia Mohave - 3.8 V6 - Tair Renting<\/title>\n<meta name=\"robots\" content=\"index, follow, max-snippet:-1, max-image-preview:large, max-video-preview:-1\" \/>\n<link rel=\"canonical\" href=\"https:\/\/www.tair.pe\/web2.0\/producto\/kia-mohave-3-8-v6\/\" \/>\n<meta property=\"og:locale\" content=\"es_ES\" \/>\n<meta property=\"og:type\" content=\"article\" \/>\n<meta property=\"og:title\" content=\"Kia Mohave - 3.8 V6 - Tair Renting\" \/>\n<meta property=\"og:description\" content=\"El Kia Mohave 3.8 V6 es un SUV de tama\u00f1o completo que combina robustez y rendimiento. Equipado con un motor V6 de 3.8 litros, este veh\u00edculo ofrece una potencia de 274 caballos de fuerza a 6,000 rpm y un torque de 369 Nm a 4,400 rpm. Estas especificaciones le permiten acelerar de 0 a 100 [&hellip;]\" \/>\n<meta property=\"og:url\" content=\"https:\/\/www.tair.pe\/web2.0\/producto\/kia-mohave-3-8-v6\/\" \/>\n<meta property=\"og:site_name\" content=\"Tair Renting\" \/>\n<meta property=\"article:publisher\" content=\"https:\/\/www.facebook.com\/people\/Tair-Renting\/100064156449554\/\" \/>\n<meta property=\"article:modified_time\" content=\"2025-04-23T04:22:13+00:00\" \/>\n<meta property=\"og:image\" content=\"https:\/\/www.tair.pe\/web2.0\/wp-content\/uploads\/2025\/01\/Kia-Mohave-\u2013-3.8-V6.png\" \/>\n\t<meta property=\"og:image:width\" content=\"800\" \/>\n\t<meta property=\"og:image:height\" content=\"800\" \/>\n\t<meta property=\"og:image:type\" content=\"image\/png\" \/>\n<meta name=\"twitter:card\" content=\"summary_large_image\" \/>\n<meta name=\"twitter:label1\" content=\"Tiempo de lectura\" \/>\n\t<meta name=\"twitter:data1\" content=\"2 minutos\" \/>\n<script type=\"application\/ld+json\" class=\"yoast-schema-graph\">{\"@context\":\"https:\\\/\\\/schema.org\",\"@graph\":[{\"@type\":\"WebPage\",\"@id\":\"https:\\\/\\\/www.tair.pe\\\/web2.0\\\/producto\\\/kia-mohave-3-8-v6\\\/\",\"url\":\"https:\\\/\\\/www.tair.pe\\\/web2.0\\\/producto\\\/kia-mohave-3-8-v6\\\/\",\"name\":\"Kia Mohave - 3.8 V6 - Tair Renting\",\"isPartOf\":{\"@id\":\"https:\\\/\\\/www.tair.pe\\\/web2.0\\\/#website\"},\"primaryImageOfPage\":{\"@id\":\"https:\\\/\\\/www.tair.pe\\\/web2.0\\\/producto\\\/kia-mohave-3-8-v6\\\/#primaryimage\"},\"image\":{\"@id\":\"https:\\\/\\\/www.tair.pe\\\/web2.0\\\/producto\\\/kia-mohave-3-8-v6\\\/#primaryimage\"},\"thumbnailUrl\":\"https:\\\/\\\/www.tair.pe\\\/web2.0\\\/wp-content\\\/uploads\\\/2025\\\/01\\\/Kia-Mohave-\u2013-3.8-V6.png\",\"datePublished\":\"2025-01-16T02:04:07+00:00\",\"dateModified\":\"2025-04-23T04:22:13+00:00\",\"breadcrumb\":{\"@id\":\"https:\\\/\\\/www.tair.pe\\\/web2.0\\\/producto\\\/kia-mohave-3-8-v6\\\/#breadcrumb\"},\"inLanguage\":\"es\",\"potentialAction\":[{\"@type\":\"ReadAction\",\"target\":[\"https:\\\/\\\/www.tair.pe\\\/web2.0\\\/producto\\\/kia-mohave-3-8-v6\\\/\"]}]},{\"@type\":\"ImageObject\",\"inLanguage\":\"es\",\"@id\":\"https:\\\/\\\/www.tair.pe\\\/web2.0\\\/producto\\\/kia-mohave-3-8-v6\\\/#primaryimage\",\"url\":\"https:\\\/\\\/www.tair.pe\\\/web2.0\\\/wp-content\\\/uploads\\\/2025\\\/01\\\/Kia-Mohave-\u2013-3.8-V6.png\",\"contentUrl\":\"https:\\\/\\\/www.tair.pe\\\/web2.0\\\/wp-content\\\/uploads\\\/2025\\\/01\\\/Kia-Mohave-\u2013-3.8-V6.png\",\"width\":800,\"height\":800},{\"@type\":\"BreadcrumbList\",\"@id\":\"https:\\\/\\\/www.tair.pe\\\/web2.0\\\/producto\\\/kia-mohave-3-8-v6\\\/#breadcrumb\",\"itemListElement\":[{\"@type\":\"ListItem\",\"position\":1,\"name\":\"Home\",\"item\":\"https:\\\/\\\/www.tair.pe\\\/web2.0\\\/\"},{\"@type\":\"ListItem\",\"position\":2,\"name\":\"Tienda\",\"item\":\"https:\\\/\\\/www.tair.pe\\\/web2.0\\\/tienda\\\/\"},{\"@type\":\"ListItem\",\"position\":3,\"name\":\"Kia Mohave &#8211; 3.8 V6\"}]},{\"@type\":\"WebSite\",\"@id\":\"https:\\\/\\\/www.tair.pe\\\/web2.0\\\/#website\",\"url\":\"https:\\\/\\\/www.tair.pe\\\/web2.0\\\/\",\"name\":\"Tair Renting\",\"description\":\"Renting y Leasing Operativo de veh\u00edculos en Per\u00fa, administraci\u00f3n y gesti\u00f3n de flotas a mediano y largo plazo. Telf.(511)230-2828 renting@tair.pe\",\"publisher\":{\"@id\":\"https:\\\/\\\/www.tair.pe\\\/web2.0\\\/#organization\"},\"potentialAction\":[{\"@type\":\"SearchAction\",\"target\":{\"@type\":\"EntryPoint\",\"urlTemplate\":\"https:\\\/\\\/www.tair.pe\\\/web2.0\\\/?s={search_term_string}\"},\"query-input\":{\"@type\":\"PropertyValueSpecification\",\"valueRequired\":true,\"valueName\":\"search_term_string\"}}],\"inLanguage\":\"es\"},{\"@type\":\"Organization\",\"@id\":\"https:\\\/\\\/www.tair.pe\\\/web2.0\\\/#organization\",\"name\":\"Tair Renting\",\"url\":\"https:\\\/\\\/www.tair.pe\\\/web2.0\\\/\",\"logo\":{\"@type\":\"ImageObject\",\"inLanguage\":\"es\",\"@id\":\"https:\\\/\\\/www.tair.pe\\\/web2.0\\\/#\\\/schema\\\/logo\\\/image\\\/\",\"url\":\"https:\\\/\\\/www.tair.pe\\\/web2.0\\\/wp-content\\\/uploads\\\/2025\\\/01\\\/LOGO.png\",\"contentUrl\":\"https:\\\/\\\/www.tair.pe\\\/web2.0\\\/wp-content\\\/uploads\\\/2025\\\/01\\\/LOGO.png\",\"width\":400,\"height\":257,\"caption\":\"Tair Renting\"},\"image\":{\"@id\":\"https:\\\/\\\/www.tair.pe\\\/web2.0\\\/#\\\/schema\\\/logo\\\/image\\\/\"},\"sameAs\":[\"https:\\\/\\\/www.facebook.com\\\/people\\\/Tair-Renting\\\/100064156449554\\\/\",\"https:\\\/\\\/pe.linkedin.com\\\/company\\\/tair-renting\",\"https:\\\/\\\/www.instagram.com\\\/tair.renting\\\/\"]}]}<\/script>\n<!-- \/ Yoast SEO plugin. -->","yoast_head_json":{"title":"Kia Mohave - 3.8 V6 - Tair Renting","robots":{"index":"index","follow":"follow","max-snippet":"max-snippet:-1","max-image-preview":"max-image-preview:large","max-video-preview":"max-video-preview:-1"},"canonical":"https:\/\/www.tair.pe\/web2.0\/producto\/kia-mohave-3-8-v6\/","og_locale":"es_ES","og_type":"article","og_title":"Kia Mohave - 3.8 V6 - Tair Renting","og_description":"El Kia Mohave 3.8 V6 es un SUV de tama\u00f1o completo que combina robustez y rendimiento. Equipado con un motor V6 de 3.8 litros, este veh\u00edculo ofrece una potencia de 274 caballos de fuerza a 6,000 rpm y un torque de 369 Nm a 4,400 rpm. Estas especificaciones le permiten acelerar de 0 a 100 [&hellip;]","og_url":"https:\/\/www.tair.pe\/web2.0\/producto\/kia-mohave-3-8-v6\/","og_site_name":"Tair Renting","article_publisher":"https:\/\/www.facebook.com\/people\/Tair-Renting\/100064156449554\/","article_modified_time":"2025-04-23T04:22:13+00:00","og_image":[{"width":800,"height":800,"url":"https:\/\/www.tair.pe\/web2.0\/wp-content\/uploads\/2025\/01\/Kia-Mohave-\u2013-3.8-V6.png","type":"image\/png"}],"twitter_card":"summary_large_image","twitter_misc":{"Tiempo de lectura":"2 minutos"},"schema":{"@context":"https:\/\/schema.org","@graph":[{"@type":"WebPage","@id":"https:\/\/www.tair.pe\/web2.0\/producto\/kia-mohave-3-8-v6\/","url":"https:\/\/www.tair.pe\/web2.0\/producto\/kia-mohave-3-8-v6\/","name":"Kia Mohave - 3.8 V6 - Tair Renting","isPartOf":{"@id":"https:\/\/www.tair.pe\/web2.0\/#website"},"primaryImageOfPage":{"@id":"https:\/\/www.tair.pe\/web2.0\/producto\/kia-mohave-3-8-v6\/#primaryimage"},"image":{"@id":"https:\/\/www.tair.pe\/web2.0\/producto\/kia-mohave-3-8-v6\/#primaryimage"},"thumbnailUrl":"https:\/\/www.tair.pe\/web2.0\/wp-content\/uploads\/2025\/01\/Kia-Mohave-\u2013-3.8-V6.png","datePublished":"2025-01-16T02:04:07+00:00","dateModified":"2025-04-23T04:22:13+00:00","breadcrumb":{"@id":"https:\/\/www.tair.pe\/web2.0\/producto\/kia-mohave-3-8-v6\/#breadcrumb"},"inLanguage":"es","potentialAction":[{"@type":"ReadAction","target":["https:\/\/www.tair.pe\/web2.0\/producto\/kia-mohave-3-8-v6\/"]}]},{"@type":"ImageObject","inLanguage":"es","@id":"https:\/\/www.tair.pe\/web2.0\/producto\/kia-mohave-3-8-v6\/#primaryimage","url":"https:\/\/www.tair.pe\/web2.0\/wp-content\/uploads\/2025\/01\/Kia-Mohave-\u2013-3.8-V6.png","contentUrl":"https:\/\/www.tair.pe\/web2.0\/wp-content\/uploads\/2025\/01\/Kia-Mohave-\u2013-3.8-V6.png","width":800,"height":800},{"@type":"BreadcrumbList","@id":"https:\/\/www.tair.pe\/web2.0\/producto\/kia-mohave-3-8-v6\/#breadcrumb","itemListElement":[{"@type":"ListItem","position":1,"name":"Home","item":"https:\/\/www.tair.pe\/web2.0\/"},{"@type":"ListItem","position":2,"name":"Tienda","item":"https:\/\/www.tair.pe\/web2.0\/tienda\/"},{"@type":"ListItem","position":3,"name":"Kia Mohave &#8211; 3.8 V6"}]},{"@type":"WebSite","@id":"https:\/\/www.tair.pe\/web2.0\/#website","url":"https:\/\/www.tair.pe\/web2.0\/","name":"Tair Renting","description":"Renting y Leasing Operativo de veh\u00edculos en Per\u00fa, administraci\u00f3n y gesti\u00f3n de flotas a mediano y largo plazo. Telf.(511)230-2828 renting@tair.pe","publisher":{"@id":"https:\/\/www.tair.pe\/web2.0\/#organization"},"potentialAction":[{"@type":"SearchAction","target":{"@type":"EntryPoint","urlTemplate":"https:\/\/www.tair.pe\/web2.0\/?s={search_term_string}"},"query-input":{"@type":"PropertyValueSpecification","valueRequired":true,"valueName":"search_term_string"}}],"inLanguage":"es"},{"@type":"Organization","@id":"https:\/\/www.tair.pe\/web2.0\/#organization","name":"Tair Renting","url":"https:\/\/www.tair.pe\/web2.0\/","logo":{"@type":"ImageObject","inLanguage":"es","@id":"https:\/\/www.tair.pe\/web2.0\/#\/schema\/logo\/image\/","url":"https:\/\/www.tair.pe\/web2.0\/wp-content\/uploads\/2025\/01\/LOGO.png","contentUrl":"https:\/\/www.tair.pe\/web2.0\/wp-content\/uploads\/2025\/01\/LOGO.png","width":400,"height":257,"caption":"Tair Renting"},"image":{"@id":"https:\/\/www.tair.pe\/web2.0\/#\/schema\/logo\/image\/"},"sameAs":["https:\/\/www.facebook.com\/people\/Tair-Renting\/100064156449554\/","https:\/\/pe.linkedin.com\/company\/tair-renting","https:\/\/www.instagram.com\/tair.renting\/"]}]}},"_links":{"self":[{"href":"https:\/\/www.tair.pe\/web2.0\/wp-json\/wp\/v2\/product\/3074","targetHints":{"allow":["GET"]}}],"collection":[{"href":"https:\/\/www.tair.pe\/web2.0\/wp-json\/wp\/v2\/product"}],"about":[{"href":"https:\/\/www.tair.pe\/web2.0\/wp-json\/wp\/v2\/types\/product"}],"wp:featuredmedia":[{"embeddable":true,"href":"https:\/\/www.tair.pe\/web2.0\/wp-json\/wp\/v2\/media\/3855"}],"wp:attachment":[{"href":"https:\/\/www.tair.pe\/web2.0\/wp-json\/wp\/v2\/media?parent=3074"}],"wp:term":[{"taxonomy":"product_brand","embeddable":true,"href":"https:\/\/www.tair.pe\/web2.0\/wp-json\/wp\/v2\/product_brand?post=3074"},{"taxonomy":"product_cat","embeddable":true,"href":"https:\/\/www.tair.pe\/web2.0\/wp-json\/wp\/v2\/product_cat?post=3074"},{"taxonomy":"product_tag","embeddable":true,"href":"https:\/\/www.tair.pe\/web2.0\/wp-json\/wp\/v2\/product_tag?post=3074"}],"curies":[{"name":"wp","href":"https:\/\/api.w.org\/{rel}","templated":true}]}}