{"id":3076,"date":"2025-01-16T02:04:07","date_gmt":"2025-01-16T02:04:07","guid":{"rendered":"https:\/\/www.tair.pe\/web2.0\/producto\/kia-sportage-2-0-gt-line\/"},"modified":"2025-04-23T04:20:38","modified_gmt":"2025-04-23T04:20:38","slug":"kia-sportage-2-0-gt-line","status":"publish","type":"product","link":"https:\/\/www.tair.pe\/web2.0\/producto\/kia-sportage-2-0-gt-line\/","title":{"rendered":"Kia Sportage &#8211; 2.0 GT Line"},"content":{"rendered":"<p>El <strong>Kia Sportage 2.0 GT Line<\/strong> es una versi\u00f3n tope de gama del SUV compacto de Kia, que combina un dise\u00f1o deportivo con caracter\u00edsticas premium y un rendimiento s\u00f3lido.<\/p>\n<p><strong>Motorizaci\u00f3n y Rendimiento:<\/strong><\/p>\n<ul>\n<li><strong>Motor:<\/strong> 2.0 litros MPI que produce 154 HP a 6,200 rpm y un torque de 19.6 kg.m a 4,500 rpm.<\/li>\n<li><strong>Transmisi\u00f3n:<\/strong> Disponible con transmisi\u00f3n manual de 6 velocidades o autom\u00e1tica de 6 velocidades.<\/li>\n<\/ul>\n<p><strong>Dise\u00f1o Exterior:<\/strong><\/p>\n<ul>\n<li><strong>Aros de Aleaci\u00f3n:<\/strong> Equipa aros de aleaci\u00f3n de 19 pulgadas que realzan su apariencia deportiva.<\/li>\n<li><strong>Faros LED:<\/strong> Incluye faros LED con dise\u00f1o distintivo y neblineros tipo &#8220;ice cube&#8221; para una mejor visibilidad.<\/li>\n<li><strong>Techo Panor\u00e1mico:<\/strong> Cuenta con un techo panor\u00e1mico que aporta una sensaci\u00f3n de amplitud al interior.<\/li>\n<\/ul>\n<p><strong>Confort y Tecnolog\u00eda:<\/strong><\/p>\n<ul>\n<li><strong>Pantalla T\u00e1ctil:<\/strong> Incorpora una pantalla t\u00e1ctil con conectividad Apple CarPlay y Bluetooth.<\/li>\n<li><strong>Cargador Inal\u00e1mbrico:<\/strong> Dispone de un cargador inal\u00e1mbrico para smartphones compatibles.<\/li>\n<li><strong>Aire Acondicionado Bi-Zona:<\/strong> Ofrece climatizaci\u00f3n autom\u00e1tica de doble zona para mayor confort de los ocupantes.<\/li>\n<\/ul>\n<p><strong>Seguridad:<\/strong><\/p>\n<ul>\n<li><strong>Airbags:<\/strong> Equipado con 6 airbags para protecci\u00f3n integral de los pasajeros.<\/li>\n<li><strong>Sensores y C\u00e1mara:<\/strong> Incluye sensores de proximidad delanteros y traseros, as\u00ed como c\u00e1mara de retroceso para facilitar el estacionamiento.<\/li>\n<\/ul>\n","protected":false},"excerpt":{"rendered":"<p>El Kia Sportage 2.0 GT Line es una versi\u00f3n tope de gama del SUV compacto de Kia, que combina un dise\u00f1o deportivo con caracter\u00edsticas premium y un rendimiento s\u00f3lido. Motorizaci\u00f3n y Rendimiento: Motor: 2.0 litros MPI que produce 154 HP a 6,200 rpm y un torque de 19.6 kg.m a 4,500 rpm. Transmisi\u00f3n: Disponible con [&hellip;]<\/p>\n","protected":false},"featured_media":3852,"template":"","meta":{"nf_dc_page":""},"product_brand":[613],"product_cat":[387],"product_tag":[],"class_list":{"0":"post-3076","1":"product","2":"type-product","3":"status-publish","4":"has-post-thumbnail","6":"product_brand-kia","7":"product_cat-suv","9":"first","10":"instock","11":"shipping-taxable","12":"product-type-simple"},"yoast_head":"<!-- This site is optimized with the Yoast SEO plugin v27.4 - https:\/\/yoast.com\/product\/yoast-seo-wordpress\/ -->\n<title>Kia Sportage - 2.0 GT Line - Tair Renting<\/title>\n<meta name=\"robots\" content=\"index, follow, max-snippet:-1, max-image-preview:large, max-video-preview:-1\" \/>\n<link rel=\"canonical\" href=\"https:\/\/www.tair.pe\/web2.0\/producto\/kia-sportage-2-0-gt-line\/\" \/>\n<meta property=\"og:locale\" content=\"es_ES\" \/>\n<meta property=\"og:type\" content=\"article\" \/>\n<meta property=\"og:title\" content=\"Kia Sportage - 2.0 GT Line - Tair Renting\" \/>\n<meta property=\"og:description\" content=\"El Kia Sportage 2.0 GT Line es una versi\u00f3n tope de gama del SUV compacto de Kia, que combina un dise\u00f1o deportivo con caracter\u00edsticas premium y un rendimiento s\u00f3lido. Motorizaci\u00f3n y Rendimiento: Motor: 2.0 litros MPI que produce 154 HP a 6,200 rpm y un torque de 19.6 kg.m a 4,500 rpm. Transmisi\u00f3n: Disponible con [&hellip;]\" \/>\n<meta property=\"og:url\" content=\"https:\/\/www.tair.pe\/web2.0\/producto\/kia-sportage-2-0-gt-line\/\" \/>\n<meta property=\"og:site_name\" content=\"Tair Renting\" \/>\n<meta property=\"article:publisher\" content=\"https:\/\/www.facebook.com\/people\/Tair-Renting\/100064156449554\/\" \/>\n<meta property=\"article:modified_time\" content=\"2025-04-23T04:20:38+00:00\" \/>\n<meta property=\"og:image\" content=\"https:\/\/www.tair.pe\/web2.0\/wp-content\/uploads\/2025\/01\/Kia-Sportage-\u2013-2.0-GT-Line.png\" \/>\n\t<meta property=\"og:image:width\" content=\"800\" \/>\n\t<meta property=\"og:image:height\" content=\"800\" \/>\n\t<meta property=\"og:image:type\" content=\"image\/png\" \/>\n<meta name=\"twitter:card\" content=\"summary_large_image\" \/>\n<meta name=\"twitter:label1\" content=\"Tiempo de lectura\" \/>\n\t<meta name=\"twitter:data1\" content=\"1 minuto\" \/>\n<script type=\"application\/ld+json\" class=\"yoast-schema-graph\">{\"@context\":\"https:\\\/\\\/schema.org\",\"@graph\":[{\"@type\":\"WebPage\",\"@id\":\"https:\\\/\\\/www.tair.pe\\\/web2.0\\\/producto\\\/kia-sportage-2-0-gt-line\\\/\",\"url\":\"https:\\\/\\\/www.tair.pe\\\/web2.0\\\/producto\\\/kia-sportage-2-0-gt-line\\\/\",\"name\":\"Kia Sportage - 2.0 GT Line - Tair Renting\",\"isPartOf\":{\"@id\":\"https:\\\/\\\/www.tair.pe\\\/web2.0\\\/#website\"},\"primaryImageOfPage\":{\"@id\":\"https:\\\/\\\/www.tair.pe\\\/web2.0\\\/producto\\\/kia-sportage-2-0-gt-line\\\/#primaryimage\"},\"image\":{\"@id\":\"https:\\\/\\\/www.tair.pe\\\/web2.0\\\/producto\\\/kia-sportage-2-0-gt-line\\\/#primaryimage\"},\"thumbnailUrl\":\"https:\\\/\\\/www.tair.pe\\\/web2.0\\\/wp-content\\\/uploads\\\/2025\\\/01\\\/Kia-Sportage-\u2013-2.0-GT-Line.png\",\"datePublished\":\"2025-01-16T02:04:07+00:00\",\"dateModified\":\"2025-04-23T04:20:38+00:00\",\"breadcrumb\":{\"@id\":\"https:\\\/\\\/www.tair.pe\\\/web2.0\\\/producto\\\/kia-sportage-2-0-gt-line\\\/#breadcrumb\"},\"inLanguage\":\"es\",\"potentialAction\":[{\"@type\":\"ReadAction\",\"target\":[\"https:\\\/\\\/www.tair.pe\\\/web2.0\\\/producto\\\/kia-sportage-2-0-gt-line\\\/\"]}]},{\"@type\":\"ImageObject\",\"inLanguage\":\"es\",\"@id\":\"https:\\\/\\\/www.tair.pe\\\/web2.0\\\/producto\\\/kia-sportage-2-0-gt-line\\\/#primaryimage\",\"url\":\"https:\\\/\\\/www.tair.pe\\\/web2.0\\\/wp-content\\\/uploads\\\/2025\\\/01\\\/Kia-Sportage-\u2013-2.0-GT-Line.png\",\"contentUrl\":\"https:\\\/\\\/www.tair.pe\\\/web2.0\\\/wp-content\\\/uploads\\\/2025\\\/01\\\/Kia-Sportage-\u2013-2.0-GT-Line.png\",\"width\":800,\"height\":800},{\"@type\":\"BreadcrumbList\",\"@id\":\"https:\\\/\\\/www.tair.pe\\\/web2.0\\\/producto\\\/kia-sportage-2-0-gt-line\\\/#breadcrumb\",\"itemListElement\":[{\"@type\":\"ListItem\",\"position\":1,\"name\":\"Home\",\"item\":\"https:\\\/\\\/www.tair.pe\\\/web2.0\\\/\"},{\"@type\":\"ListItem\",\"position\":2,\"name\":\"Tienda\",\"item\":\"https:\\\/\\\/www.tair.pe\\\/web2.0\\\/tienda\\\/\"},{\"@type\":\"ListItem\",\"position\":3,\"name\":\"Kia Sportage &#8211; 2.0 GT Line\"}]},{\"@type\":\"WebSite\",\"@id\":\"https:\\\/\\\/www.tair.pe\\\/web2.0\\\/#website\",\"url\":\"https:\\\/\\\/www.tair.pe\\\/web2.0\\\/\",\"name\":\"Tair Renting\",\"description\":\"Renting y Leasing Operativo de veh\u00edculos en Per\u00fa, administraci\u00f3n y gesti\u00f3n de flotas a mediano y largo plazo. Telf.(511)230-2828 renting@tair.pe\",\"publisher\":{\"@id\":\"https:\\\/\\\/www.tair.pe\\\/web2.0\\\/#organization\"},\"potentialAction\":[{\"@type\":\"SearchAction\",\"target\":{\"@type\":\"EntryPoint\",\"urlTemplate\":\"https:\\\/\\\/www.tair.pe\\\/web2.0\\\/?s={search_term_string}\"},\"query-input\":{\"@type\":\"PropertyValueSpecification\",\"valueRequired\":true,\"valueName\":\"search_term_string\"}}],\"inLanguage\":\"es\"},{\"@type\":\"Organization\",\"@id\":\"https:\\\/\\\/www.tair.pe\\\/web2.0\\\/#organization\",\"name\":\"Tair Renting\",\"url\":\"https:\\\/\\\/www.tair.pe\\\/web2.0\\\/\",\"logo\":{\"@type\":\"ImageObject\",\"inLanguage\":\"es\",\"@id\":\"https:\\\/\\\/www.tair.pe\\\/web2.0\\\/#\\\/schema\\\/logo\\\/image\\\/\",\"url\":\"https:\\\/\\\/www.tair.pe\\\/web2.0\\\/wp-content\\\/uploads\\\/2025\\\/01\\\/LOGO.png\",\"contentUrl\":\"https:\\\/\\\/www.tair.pe\\\/web2.0\\\/wp-content\\\/uploads\\\/2025\\\/01\\\/LOGO.png\",\"width\":400,\"height\":257,\"caption\":\"Tair Renting\"},\"image\":{\"@id\":\"https:\\\/\\\/www.tair.pe\\\/web2.0\\\/#\\\/schema\\\/logo\\\/image\\\/\"},\"sameAs\":[\"https:\\\/\\\/www.facebook.com\\\/people\\\/Tair-Renting\\\/100064156449554\\\/\",\"https:\\\/\\\/pe.linkedin.com\\\/company\\\/tair-renting\",\"https:\\\/\\\/www.instagram.com\\\/tair.renting\\\/\"]}]}<\/script>\n<!-- \/ Yoast SEO plugin. -->","yoast_head_json":{"title":"Kia Sportage - 2.0 GT Line - Tair Renting","robots":{"index":"index","follow":"follow","max-snippet":"max-snippet:-1","max-image-preview":"max-image-preview:large","max-video-preview":"max-video-preview:-1"},"canonical":"https:\/\/www.tair.pe\/web2.0\/producto\/kia-sportage-2-0-gt-line\/","og_locale":"es_ES","og_type":"article","og_title":"Kia Sportage - 2.0 GT Line - Tair Renting","og_description":"El Kia Sportage 2.0 GT Line es una versi\u00f3n tope de gama del SUV compacto de Kia, que combina un dise\u00f1o deportivo con caracter\u00edsticas premium y un rendimiento s\u00f3lido. Motorizaci\u00f3n y Rendimiento: Motor: 2.0 litros MPI que produce 154 HP a 6,200 rpm y un torque de 19.6 kg.m a 4,500 rpm. Transmisi\u00f3n: Disponible con [&hellip;]","og_url":"https:\/\/www.tair.pe\/web2.0\/producto\/kia-sportage-2-0-gt-line\/","og_site_name":"Tair Renting","article_publisher":"https:\/\/www.facebook.com\/people\/Tair-Renting\/100064156449554\/","article_modified_time":"2025-04-23T04:20:38+00:00","og_image":[{"width":800,"height":800,"url":"https:\/\/www.tair.pe\/web2.0\/wp-content\/uploads\/2025\/01\/Kia-Sportage-\u2013-2.0-GT-Line.png","type":"image\/png"}],"twitter_card":"summary_large_image","twitter_misc":{"Tiempo de lectura":"1 minuto"},"schema":{"@context":"https:\/\/schema.org","@graph":[{"@type":"WebPage","@id":"https:\/\/www.tair.pe\/web2.0\/producto\/kia-sportage-2-0-gt-line\/","url":"https:\/\/www.tair.pe\/web2.0\/producto\/kia-sportage-2-0-gt-line\/","name":"Kia Sportage - 2.0 GT Line - Tair Renting","isPartOf":{"@id":"https:\/\/www.tair.pe\/web2.0\/#website"},"primaryImageOfPage":{"@id":"https:\/\/www.tair.pe\/web2.0\/producto\/kia-sportage-2-0-gt-line\/#primaryimage"},"image":{"@id":"https:\/\/www.tair.pe\/web2.0\/producto\/kia-sportage-2-0-gt-line\/#primaryimage"},"thumbnailUrl":"https:\/\/www.tair.pe\/web2.0\/wp-content\/uploads\/2025\/01\/Kia-Sportage-\u2013-2.0-GT-Line.png","datePublished":"2025-01-16T02:04:07+00:00","dateModified":"2025-04-23T04:20:38+00:00","breadcrumb":{"@id":"https:\/\/www.tair.pe\/web2.0\/producto\/kia-sportage-2-0-gt-line\/#breadcrumb"},"inLanguage":"es","potentialAction":[{"@type":"ReadAction","target":["https:\/\/www.tair.pe\/web2.0\/producto\/kia-sportage-2-0-gt-line\/"]}]},{"@type":"ImageObject","inLanguage":"es","@id":"https:\/\/www.tair.pe\/web2.0\/producto\/kia-sportage-2-0-gt-line\/#primaryimage","url":"https:\/\/www.tair.pe\/web2.0\/wp-content\/uploads\/2025\/01\/Kia-Sportage-\u2013-2.0-GT-Line.png","contentUrl":"https:\/\/www.tair.pe\/web2.0\/wp-content\/uploads\/2025\/01\/Kia-Sportage-\u2013-2.0-GT-Line.png","width":800,"height":800},{"@type":"BreadcrumbList","@id":"https:\/\/www.tair.pe\/web2.0\/producto\/kia-sportage-2-0-gt-line\/#breadcrumb","itemListElement":[{"@type":"ListItem","position":1,"name":"Home","item":"https:\/\/www.tair.pe\/web2.0\/"},{"@type":"ListItem","position":2,"name":"Tienda","item":"https:\/\/www.tair.pe\/web2.0\/tienda\/"},{"@type":"ListItem","position":3,"name":"Kia Sportage &#8211; 2.0 GT Line"}]},{"@type":"WebSite","@id":"https:\/\/www.tair.pe\/web2.0\/#website","url":"https:\/\/www.tair.pe\/web2.0\/","name":"Tair Renting","description":"Renting y Leasing Operativo de veh\u00edculos en Per\u00fa, administraci\u00f3n y gesti\u00f3n de flotas a mediano y largo plazo. Telf.(511)230-2828 renting@tair.pe","publisher":{"@id":"https:\/\/www.tair.pe\/web2.0\/#organization"},"potentialAction":[{"@type":"SearchAction","target":{"@type":"EntryPoint","urlTemplate":"https:\/\/www.tair.pe\/web2.0\/?s={search_term_string}"},"query-input":{"@type":"PropertyValueSpecification","valueRequired":true,"valueName":"search_term_string"}}],"inLanguage":"es"},{"@type":"Organization","@id":"https:\/\/www.tair.pe\/web2.0\/#organization","name":"Tair Renting","url":"https:\/\/www.tair.pe\/web2.0\/","logo":{"@type":"ImageObject","inLanguage":"es","@id":"https:\/\/www.tair.pe\/web2.0\/#\/schema\/logo\/image\/","url":"https:\/\/www.tair.pe\/web2.0\/wp-content\/uploads\/2025\/01\/LOGO.png","contentUrl":"https:\/\/www.tair.pe\/web2.0\/wp-content\/uploads\/2025\/01\/LOGO.png","width":400,"height":257,"caption":"Tair Renting"},"image":{"@id":"https:\/\/www.tair.pe\/web2.0\/#\/schema\/logo\/image\/"},"sameAs":["https:\/\/www.facebook.com\/people\/Tair-Renting\/100064156449554\/","https:\/\/pe.linkedin.com\/company\/tair-renting","https:\/\/www.instagram.com\/tair.renting\/"]}]}},"_links":{"self":[{"href":"https:\/\/www.tair.pe\/web2.0\/wp-json\/wp\/v2\/product\/3076","targetHints":{"allow":["GET"]}}],"collection":[{"href":"https:\/\/www.tair.pe\/web2.0\/wp-json\/wp\/v2\/product"}],"about":[{"href":"https:\/\/www.tair.pe\/web2.0\/wp-json\/wp\/v2\/types\/product"}],"wp:featuredmedia":[{"embeddable":true,"href":"https:\/\/www.tair.pe\/web2.0\/wp-json\/wp\/v2\/media\/3852"}],"wp:attachment":[{"href":"https:\/\/www.tair.pe\/web2.0\/wp-json\/wp\/v2\/media?parent=3076"}],"wp:term":[{"taxonomy":"product_brand","embeddable":true,"href":"https:\/\/www.tair.pe\/web2.0\/wp-json\/wp\/v2\/product_brand?post=3076"},{"taxonomy":"product_cat","embeddable":true,"href":"https:\/\/www.tair.pe\/web2.0\/wp-json\/wp\/v2\/product_cat?post=3076"},{"taxonomy":"product_tag","embeddable":true,"href":"https:\/\/www.tair.pe\/web2.0\/wp-json\/wp\/v2\/product_tag?post=3076"}],"curies":[{"name":"wp","href":"https:\/\/api.w.org\/{rel}","templated":true}]}}